{"id":1478,"date":"2025-05-09T17:42:52","date_gmt":"2025-05-09T17:42:52","guid":{"rendered":"https:\/\/herboristeriamerce.com\/?post_type=product&#038;p=1478"},"modified":"2025-05-23T18:06:20","modified_gmt":"2025-05-23T18:06:20","slug":"drenalight-hot","status":"publish","type":"product","link":"https:\/\/herboristeriamerce.com\/es\/herboristeria-online\/silueta\/ventre-pla\/drenalight-hot\/","title":{"rendered":"Drenalight Hot"},"content":{"rendered":"<p><span class=\"Y2IQFc\" lang=\"ca\">La seva formulaci\u00f3 a base de pebre, caf\u00e8 verd, te verd, L-carnitina, dent de lle\u00f3 i carxofa entre altres ingredients \u00e9s perfecta per ajudar a reduir volum i cremar greixos. Amb un agradable sabor de fruits del bosc, et va resultar molt f\u00e0cil de prendre. <\/span><\/p>\n<p><span class=\"Y2IQFc\" lang=\"ca\"><strong>Composici\u00f3 (20 ml):<\/strong> <\/span><\/p>\n<ul>\n<li><span class=\"Y2IQFc\" lang=\"ca\">L-Carnitina 100 mg <\/span><\/li>\n<li><span class=\"Y2IQFc\" lang=\"ca\">Caf\u00e8 Verd 300 mg <\/span><\/li>\n<li><span class=\"Y2IQFc\" lang=\"ca\">Te Verd 300 mg <\/span><\/li>\n<li><span class=\"Y2IQFc\" lang=\"ca\">Cua 240 mg <\/span><\/li>\n<li><span class=\"Y2IQFc\" lang=\"ca\">Guaran\u00e1 240 mg <\/span><\/li>\n<li><span class=\"Y2IQFc\" lang=\"ca\">Vellosilla 240 mg <\/span><\/li>\n<li><span class=\"Y2IQFc\" lang=\"ca\">Reina dels Prats 240 mg <\/span><\/li>\n<li><span class=\"Y2IQFc\" lang=\"ca\">Frangulla 240 mg <\/span><\/li>\n<li><span class=\"Y2IQFc\" lang=\"ca\">Melissa 240 mg <\/span><\/li>\n<li><span class=\"Y2IQFc\" lang=\"ca\">Fonoll 240 mg <\/span><\/li>\n<li><span class=\"Y2IQFc\" lang=\"ca\">Llimona 240 mg <\/span><\/li>\n<li><span class=\"Y2IQFc\" lang=\"ca\">Dent de Lle\u00f3 240 mg <\/span><\/li>\n<li><span class=\"Y2IQFc\" lang=\"ca\">Carxofa 240 mg <\/span><\/li>\n<li><span class=\"Y2IQFc\" lang=\"ca\">Aloe Vera 240 mg <\/span><\/li>\n<li><span class=\"Y2IQFc\" lang=\"ca\">Pebre 2 mg <\/span><\/li>\n<\/ul>\n<p><span class=\"Y2IQFc\" lang=\"ca\"><strong>Com es pren:<\/strong>\u00a0Es recomana prendre una mida (20 ml) dilu\u00efda en un litre i mig d&#8217;aigua que es beur\u00e0 durant el dia. Si cal, es podr\u00e0 diluir fins a 40 ml. <\/span><\/p>\n<p><span class=\"Y2IQFc\" lang=\"ca\"><strong>Presentaci\u00f3:<\/strong> Env\u00e0s de 600 ml.<\/span><\/p>\n<div class=\"alegacoes\"><img decoding=\"async\" class=\"img-fluid\" style=\"font-style: inherit; font-weight: inherit;\" src=\"https:\/\/www.dietmed.pt\/images\/iconeses\/s_fvermelhos.png\" \/><\/div>\n<div class=\"row mb-2\">\n<div class=\"col-sm-3 col-4 mb-3\"><img decoding=\"async\" class=\"img-fluid\" src=\"https:\/\/www.dietmed.pt\/images\/iconeses\/sem_alcool.png\" \/><\/div>\n<div class=\"col-sm-3 col-4 mb-3\"><img decoding=\"async\" class=\"img-fluid\" src=\"https:\/\/www.dietmed.pt\/images\/iconeses\/sem_gluten.png\" \/><\/div>\n<div class=\"col-sm-3 col-4 mb-3\"><img decoding=\"async\" class=\"img-fluid\" src=\"https:\/\/www.dietmed.pt\/images\/iconeses\/sem_acucar.png\" \/><\/div>\n<div class=\"col-sm-3 col-4 mb-3\"><img decoding=\"async\" class=\"img-fluid\" src=\"https:\/\/www.dietmed.pt\/images\/iconeses\/tolerado_diabeticos.png\" \/><\/div>\n<\/div>\n<div class=\"titulo-caracts\"><\/div>","protected":false},"excerpt":{"rendered":"<p><span class=\"Y2IQFc\" lang=\"ca\">El Guaran\u00e1 ajuda a aprimar-se quan se segueix una dieta baixa en calories.<\/span><\/p>","protected":false},"featured_media":1485,"comment_status":"open","ping_status":"closed","template":"","meta":{"site-sidebar-layout":"default","site-content-layout":"","ast-site-content-layout":"default","site-content-style":"default","site-sidebar-style":"default","ast-global-header-display":"","ast-banner-title-visibility":"","ast-main-header-display":"","ast-hfb-above-header-display":"","ast-hfb-below-header-display":"","ast-hfb-mobile-header-display":"","site-post-title":"","ast-breadcrumbs-content":"","ast-featured-img":"","footer-sml-layout":"","ast-disable-related-posts":"","theme-transparent-header-meta":"default","adv-header-id-meta":"","stick-header-meta":"","header-above-stick-meta":"","header-main-stick-meta":"","header-below-stick-meta":"","astra-migrate-meta-layouts":"set","ast-page-background-enabled":"default","ast-page-background-meta":{"desktop":{"background-color":"var(--ast-global-color-4)","background-image":"","background-repeat":"repeat","background-position":"center center","background-size":"auto","background-attachment":"scroll","background-type":"","background-media":"","overlay-type":"","overlay-color":"","overlay-opacity":"","overlay-gradient":""},"tablet":{"background-color":"","background-image":"","background-repeat":"repeat","background-position":"center center","background-size":"auto","background-attachment":"scroll","background-type":"","background-media":"","overlay-type":"","overlay-color":"","overlay-opacity":"","overlay-gradient":""},"mobile":{"background-color":"","background-image":"","background-repeat":"repeat","background-position":"center center","background-size":"auto","background-attachment":"scroll","background-type":"","background-media":"","overlay-type":"","overlay-color":"","overlay-opacity":"","overlay-gradient":""}},"ast-content-background-meta":{"desktop":{"background-color":"var(--ast-global-color-5)","background-image":"","background-repeat":"repeat","background-position":"center center","background-size":"auto","background-attachment":"scroll","background-type":"","background-media":"","overlay-type":"","overlay-color":"","overlay-opacity":"","overlay-gradient":""},"tablet":{"background-color":"var(--ast-global-color-5)","background-image":"","background-repeat":"repeat","background-position":"center center","background-size":"auto","background-attachment":"scroll","background-type":"","background-media":"","overlay-type":"","overlay-color":"","overlay-opacity":"","overlay-gradient":""},"mobile":{"background-color":"var(--ast-global-color-5)","background-image":"","background-repeat":"repeat","background-position":"center center","background-size":"auto","background-attachment":"scroll","background-type":"","background-media":"","overlay-type":"","overlay-color":"","overlay-opacity":"","overlay-gradient":""}}},"product_brand":[33],"product_cat":[94,93,23,92],"product_tag":[],"class_list":{"0":"post-1478","1":"product","2":"type-product","3":"status-publish","4":"has-post-thumbnail","6":"product_brand-dietmed","7":"product_cat-cremador","8":"product_cat-diuretic","9":"product_cat-silueta","10":"product_cat-ventre-pla","11":"desktop-align-left","12":"tablet-align-left","13":"mobile-align-left","15":"first","16":"instock","17":"taxable","18":"shipping-taxable","19":"purchasable","20":"product-type-simple"},"yoast_head":"<!-- This site is optimized with the Yoast SEO plugin v27.5 - https:\/\/yoast.com\/product\/yoast-seo-wordpress\/ -->\n<title>Drenalight Hot - Herbolari Merc\u00e8<\/title>\n<meta name=\"robots\" content=\"index, follow, max-snippet:-1, max-image-preview:large, max-video-preview:-1\" \/>\n<link rel=\"canonical\" href=\"https:\/\/herboristeriamerce.com\/es\/herboristeria-online\/silueta\/ventre-pla\/drenalight-hot\/\" \/>\n<meta property=\"og:locale\" content=\"es_ES\" \/>\n<meta property=\"og:type\" content=\"article\" \/>\n<meta property=\"og:title\" content=\"Drenalight Hot - Herbolari Merc\u00e8\" \/>\n<meta property=\"og:description\" content=\"El Guaran\u00e1 ajuda a aprimar-se quan se segueix una dieta baixa en calories.\" \/>\n<meta property=\"og:url\" content=\"https:\/\/herboristeriamerce.com\/es\/herboristeria-online\/silueta\/ventre-pla\/drenalight-hot\/\" \/>\n<meta property=\"og:site_name\" content=\"Herbolari Merc\u00e8\" \/>\n<meta property=\"article:modified_time\" content=\"2025-05-23T18:06:20+00:00\" \/>\n<meta property=\"og:image\" content=\"https:\/\/herboristeriamerce.com\/wp-content\/uploads\/2025\/05\/hot.jpg\" \/>\n\t<meta property=\"og:image:width\" content=\"768\" \/>\n\t<meta property=\"og:image:height\" content=\"960\" \/>\n\t<meta property=\"og:image:type\" content=\"image\/jpeg\" \/>\n<meta name=\"twitter:card\" content=\"summary_large_image\" \/>\n<meta name=\"twitter:label1\" content=\"Tiempo de lectura\" \/>\n\t<meta name=\"twitter:data1\" content=\"2 minutos\" \/>\n<script type=\"application\/ld+json\" class=\"yoast-schema-graph\">{\"@context\":\"https:\\\/\\\/schema.org\",\"@graph\":[{\"@type\":\"WebPage\",\"@id\":\"https:\\\/\\\/herboristeriamerce.com\\\/herboristeria-online\\\/silueta\\\/ventre-pla\\\/drenalight-hot\\\/\",\"url\":\"https:\\\/\\\/herboristeriamerce.com\\\/herboristeria-online\\\/silueta\\\/ventre-pla\\\/drenalight-hot\\\/\",\"name\":\"Drenalight Hot - Herbolari Merc\u00e8\",\"isPartOf\":{\"@id\":\"https:\\\/\\\/herboristeriamerce.com\\\/#website\"},\"primaryImageOfPage\":{\"@id\":\"https:\\\/\\\/herboristeriamerce.com\\\/herboristeria-online\\\/silueta\\\/ventre-pla\\\/drenalight-hot\\\/#primaryimage\"},\"image\":{\"@id\":\"https:\\\/\\\/herboristeriamerce.com\\\/herboristeria-online\\\/silueta\\\/ventre-pla\\\/drenalight-hot\\\/#primaryimage\"},\"thumbnailUrl\":\"https:\\\/\\\/herboristeriamerce.com\\\/wp-content\\\/uploads\\\/2025\\\/05\\\/hot.jpg\",\"datePublished\":\"2025-05-09T17:42:52+00:00\",\"dateModified\":\"2025-05-23T18:06:20+00:00\",\"breadcrumb\":{\"@id\":\"https:\\\/\\\/herboristeriamerce.com\\\/herboristeria-online\\\/silueta\\\/ventre-pla\\\/drenalight-hot\\\/#breadcrumb\"},\"inLanguage\":\"es\",\"potentialAction\":[{\"@type\":\"ReadAction\",\"target\":[\"https:\\\/\\\/herboristeriamerce.com\\\/herboristeria-online\\\/silueta\\\/ventre-pla\\\/drenalight-hot\\\/\"]}]},{\"@type\":\"ImageObject\",\"inLanguage\":\"es\",\"@id\":\"https:\\\/\\\/herboristeriamerce.com\\\/herboristeria-online\\\/silueta\\\/ventre-pla\\\/drenalight-hot\\\/#primaryimage\",\"url\":\"https:\\\/\\\/herboristeriamerce.com\\\/wp-content\\\/uploads\\\/2025\\\/05\\\/hot.jpg\",\"contentUrl\":\"https:\\\/\\\/herboristeriamerce.com\\\/wp-content\\\/uploads\\\/2025\\\/05\\\/hot.jpg\",\"width\":768,\"height\":960},{\"@type\":\"BreadcrumbList\",\"@id\":\"https:\\\/\\\/herboristeriamerce.com\\\/herboristeria-online\\\/silueta\\\/ventre-pla\\\/drenalight-hot\\\/#breadcrumb\",\"itemListElement\":[{\"@type\":\"ListItem\",\"position\":1,\"name\":\"Inici\",\"item\":\"https:\\\/\\\/herboristeriamerce.com\\\/\"},{\"@type\":\"ListItem\",\"position\":2,\"name\":\"Herboristeria online\",\"item\":\"https:\\\/\\\/herboristeriamerce.com\\\/herboristeria-online\\\/\"},{\"@type\":\"ListItem\",\"position\":3,\"name\":\"Drenalight Hot\"}]},{\"@type\":\"WebSite\",\"@id\":\"https:\\\/\\\/herboristeriamerce.com\\\/#website\",\"url\":\"https:\\\/\\\/herboristeriamerce.com\\\/\",\"name\":\"Herbolari Merc\u00e8\",\"description\":\"Herbolari a Terrassa\",\"publisher\":{\"@id\":\"https:\\\/\\\/herboristeriamerce.com\\\/#organization\"},\"potentialAction\":[{\"@type\":\"SearchAction\",\"target\":{\"@type\":\"EntryPoint\",\"urlTemplate\":\"https:\\\/\\\/herboristeriamerce.com\\\/?s={search_term_string}\"},\"query-input\":{\"@type\":\"PropertyValueSpecification\",\"valueRequired\":true,\"valueName\":\"search_term_string\"}}],\"inLanguage\":\"es\"},{\"@type\":\"Organization\",\"@id\":\"https:\\\/\\\/herboristeriamerce.com\\\/#organization\",\"name\":\"Herbolari Merc\u00e8\",\"url\":\"https:\\\/\\\/herboristeriamerce.com\\\/\",\"logo\":{\"@type\":\"ImageObject\",\"inLanguage\":\"es\",\"@id\":\"https:\\\/\\\/herboristeriamerce.com\\\/#\\\/schema\\\/logo\\\/image\\\/\",\"url\":\"https:\\\/\\\/herboristeriamerce.com\\\/wp-content\\\/uploads\\\/2025\\\/04\\\/cropped-logo-herboristeria-330x168-229w.webp\",\"contentUrl\":\"https:\\\/\\\/herboristeriamerce.com\\\/wp-content\\\/uploads\\\/2025\\\/04\\\/cropped-logo-herboristeria-330x168-229w.webp\",\"width\":230,\"height\":117,\"caption\":\"Herbolari Merc\u00e8\"},\"image\":{\"@id\":\"https:\\\/\\\/herboristeriamerce.com\\\/#\\\/schema\\\/logo\\\/image\\\/\"}}]}<\/script>\n<!-- \/ Yoast SEO plugin. -->","yoast_head_json":{"title":"Drenalight Hot - Herbolari Merc\u00e8","robots":{"index":"index","follow":"follow","max-snippet":"max-snippet:-1","max-image-preview":"max-image-preview:large","max-video-preview":"max-video-preview:-1"},"canonical":"https:\/\/herboristeriamerce.com\/es\/herboristeria-online\/silueta\/ventre-pla\/drenalight-hot\/","og_locale":"es_ES","og_type":"article","og_title":"Drenalight Hot - Herbolari Merc\u00e8","og_description":"El Guaran\u00e1 ajuda a aprimar-se quan se segueix una dieta baixa en calories.","og_url":"https:\/\/herboristeriamerce.com\/es\/herboristeria-online\/silueta\/ventre-pla\/drenalight-hot\/","og_site_name":"Herbolari Merc\u00e8","article_modified_time":"2025-05-23T18:06:20+00:00","og_image":[{"width":768,"height":960,"url":"https:\/\/herboristeriamerce.com\/wp-content\/uploads\/2025\/05\/hot.jpg","type":"image\/jpeg"}],"twitter_card":"summary_large_image","twitter_misc":{"Tiempo de lectura":"2 minutos"},"schema":{"@context":"https:\/\/schema.org","@graph":[{"@type":"WebPage","@id":"https:\/\/herboristeriamerce.com\/herboristeria-online\/silueta\/ventre-pla\/drenalight-hot\/","url":"https:\/\/herboristeriamerce.com\/herboristeria-online\/silueta\/ventre-pla\/drenalight-hot\/","name":"Drenalight Hot - Herbolari Merc\u00e8","isPartOf":{"@id":"https:\/\/herboristeriamerce.com\/#website"},"primaryImageOfPage":{"@id":"https:\/\/herboristeriamerce.com\/herboristeria-online\/silueta\/ventre-pla\/drenalight-hot\/#primaryimage"},"image":{"@id":"https:\/\/herboristeriamerce.com\/herboristeria-online\/silueta\/ventre-pla\/drenalight-hot\/#primaryimage"},"thumbnailUrl":"https:\/\/herboristeriamerce.com\/wp-content\/uploads\/2025\/05\/hot.jpg","datePublished":"2025-05-09T17:42:52+00:00","dateModified":"2025-05-23T18:06:20+00:00","breadcrumb":{"@id":"https:\/\/herboristeriamerce.com\/herboristeria-online\/silueta\/ventre-pla\/drenalight-hot\/#breadcrumb"},"inLanguage":"es","potentialAction":[{"@type":"ReadAction","target":["https:\/\/herboristeriamerce.com\/herboristeria-online\/silueta\/ventre-pla\/drenalight-hot\/"]}]},{"@type":"ImageObject","inLanguage":"es","@id":"https:\/\/herboristeriamerce.com\/herboristeria-online\/silueta\/ventre-pla\/drenalight-hot\/#primaryimage","url":"https:\/\/herboristeriamerce.com\/wp-content\/uploads\/2025\/05\/hot.jpg","contentUrl":"https:\/\/herboristeriamerce.com\/wp-content\/uploads\/2025\/05\/hot.jpg","width":768,"height":960},{"@type":"BreadcrumbList","@id":"https:\/\/herboristeriamerce.com\/herboristeria-online\/silueta\/ventre-pla\/drenalight-hot\/#breadcrumb","itemListElement":[{"@type":"ListItem","position":1,"name":"Inici","item":"https:\/\/herboristeriamerce.com\/"},{"@type":"ListItem","position":2,"name":"Herboristeria online","item":"https:\/\/herboristeriamerce.com\/herboristeria-online\/"},{"@type":"ListItem","position":3,"name":"Drenalight Hot"}]},{"@type":"WebSite","@id":"https:\/\/herboristeriamerce.com\/#website","url":"https:\/\/herboristeriamerce.com\/","name":"Herbolari Merc\u00e8","description":"Herbolari a Terrassa","publisher":{"@id":"https:\/\/herboristeriamerce.com\/#organization"},"potentialAction":[{"@type":"SearchAction","target":{"@type":"EntryPoint","urlTemplate":"https:\/\/herboristeriamerce.com\/?s={search_term_string}"},"query-input":{"@type":"PropertyValueSpecification","valueRequired":true,"valueName":"search_term_string"}}],"inLanguage":"es"},{"@type":"Organization","@id":"https:\/\/herboristeriamerce.com\/#organization","name":"Herbolari Merc\u00e8","url":"https:\/\/herboristeriamerce.com\/","logo":{"@type":"ImageObject","inLanguage":"es","@id":"https:\/\/herboristeriamerce.com\/#\/schema\/logo\/image\/","url":"https:\/\/herboristeriamerce.com\/wp-content\/uploads\/2025\/04\/cropped-logo-herboristeria-330x168-229w.webp","contentUrl":"https:\/\/herboristeriamerce.com\/wp-content\/uploads\/2025\/04\/cropped-logo-herboristeria-330x168-229w.webp","width":230,"height":117,"caption":"Herbolari Merc\u00e8"},"image":{"@id":"https:\/\/herboristeriamerce.com\/#\/schema\/logo\/image\/"}}]}},"_links":{"self":[{"href":"https:\/\/herboristeriamerce.com\/es\/wp-json\/wp\/v2\/product\/1478","targetHints":{"allow":["GET"]}}],"collection":[{"href":"https:\/\/herboristeriamerce.com\/es\/wp-json\/wp\/v2\/product"}],"about":[{"href":"https:\/\/herboristeriamerce.com\/es\/wp-json\/wp\/v2\/types\/product"}],"replies":[{"embeddable":true,"href":"https:\/\/herboristeriamerce.com\/es\/wp-json\/wp\/v2\/comments?post=1478"}],"wp:featuredmedia":[{"embeddable":true,"href":"https:\/\/herboristeriamerce.com\/es\/wp-json\/wp\/v2\/media\/1485"}],"wp:attachment":[{"href":"https:\/\/herboristeriamerce.com\/es\/wp-json\/wp\/v2\/media?parent=1478"}],"wp:term":[{"taxonomy":"product_brand","embeddable":true,"href":"https:\/\/herboristeriamerce.com\/es\/wp-json\/wp\/v2\/product_brand?post=1478"},{"taxonomy":"product_cat","embeddable":true,"href":"https:\/\/herboristeriamerce.com\/es\/wp-json\/wp\/v2\/product_cat?post=1478"},{"taxonomy":"product_tag","embeddable":true,"href":"https:\/\/herboristeriamerce.com\/es\/wp-json\/wp\/v2\/product_tag?post=1478"}],"curies":[{"name":"wp","href":"https:\/\/api.w.org\/{rel}","templated":true}]}}