{"id":1300,"date":"2025-05-04T11:26:50","date_gmt":"2025-05-04T11:26:50","guid":{"rendered":"https:\/\/herboristeriamerce.com\/?post_type=product&#038;p=1300"},"modified":"2025-11-10T19:01:54","modified_gmt":"2025-11-10T19:01:54","slug":"pinituss","status":"publish","type":"product","link":"https:\/\/herboristeriamerce.com\/es\/herboristeria-online\/defenses-naturals\/respiracio-coll\/pinituss\/","title":{"rendered":"Pinituss"},"content":{"rendered":"<h2>\u2728 El Poder Concentrat de la Natura en 3 Dosis Di\u00e0ries<\/h2>\n<p>Necessites un suport per a la teva gola? Busques una soluci\u00f3 natural? El nostre producte \u00e9s un complement alimentari l\u00edquid. Est\u00e0 basat en extractes de plantes tradicionals. Aix\u00ed doncs, t&#8217;ofereix una f\u00f3rmula completa i efica\u00e7.<\/p>\n<h3>\ud83c\udf3f Combinaci\u00f3 Estrat\u00e8gica d&#8217;Extractes<\/h3>\n<p>En primer lloc, hi destaquen grans aliats naturals. Tenim 900 mg de suc concentrat de Figa. Tamb\u00e9, cont\u00e9 un extracte de Grind\u00e8lia (300 mg). Aix\u00f2 equival a 1.500 mg de la planta Grindelia robusta Nutt. La Grind\u00e8lia \u00e9s coneguda per les seves propietats.<\/p>\n<p>Per altra banda, la f\u00f3rmula inclou extractes concentrats. Hi trobem 60 mg d&#8217;extracte 10:1 de Drosera. Aix\u00f2 vol dir 600 mg de Drosera rotundifolia. A m\u00e9s a m\u00e9s, cont\u00e9 60 mg d&#8217;extracte 4:1 de Llant\u00e9n. Aix\u00f2 equival a 240 mg de Plantago major. Igualment, hi ha Heura (60 mg de 15:1). Aquesta dosi equival a 900 mg d&#8217;Hedera h\u00e9lix. Aquests extractes actuen en sinergia. S\u00f3n un suport excel\u00b7lent per a les vies respirat\u00f2ries.<\/p>\n<p>Finalment, hem afegit un element clau. Per exemple, el Pr\u00f2polis glicerinat (48 mg) hi \u00e9s present. Aix\u00f2 equival a 96 mg de Pr\u00f2polis pur. Cont\u00e9 un 0,5% de galangina. Aix\u00ed mateix, l&#8217;extracte de Taronga (60 mg de 5:1) completa la barreja. Per tant, la Taronga aporta un toc c\u00edtric agradable.<\/p>\n<h3>\ud83d\udca7 Utilitzaci\u00f3 Sencilla per a un Tractament Efectiu<\/h3>\n<p>El nostre Xarop natural amb Pr\u00f2polis i Grind\u00e8lia \u00e9s molt f\u00e0cil de prendre. La presentaci\u00f3 \u00e9s un env\u00e0s de 250 ml. Per comen\u00e7ar, nom\u00e9s necessites el tap dosificador. Ingerir una dosi de 10 ml per presa. En segon lloc, has de repetir la presa 3 cops al dia. En resum, la dosi di\u00e0ria \u00e9s de 30 ml. Aquesta dosi aporta tots els ingredients actius.<\/p>\n<p>Conseq\u00fcentment, aquest \u00fas senzill facilita la const\u00e0ncia. La const\u00e0ncia \u00e9s la clau per a l&#8217;efic\u00e0cia. En definitiva, \u00e9s un pla de tractament molt c\u00f2mode. Afegeix el nostre Xarop natural amb Pr\u00f2polis i Grind\u00e8lia a la teva cistella.<\/p>","protected":false},"excerpt":{"rendered":"<p><span class=\"Y2IQFc\" lang=\"ca\">Efica\u00e7 xarop a base de Figa, Grindelia, Llant\u00e9n, Heura, Pr\u00f2polis, Azahar, que alleuja en cas d&#8217;irritaci\u00f3 de coll i faringe, i Drosera, que mant\u00e9 la salut del tracte respiratori. Amb agradable sabor a maracui\u00e0 i textura fluida. Sense gluten i sense lactosa<\/span><\/p>","protected":false},"featured_media":2352,"comment_status":"open","ping_status":"closed","template":"","meta":{"site-sidebar-layout":"default","site-content-layout":"","ast-site-content-layout":"default","site-content-style":"default","site-sidebar-style":"default","ast-global-header-display":"","ast-banner-title-visibility":"","ast-main-header-display":"","ast-hfb-above-header-display":"","ast-hfb-below-header-display":"","ast-hfb-mobile-header-display":"","site-post-title":"","ast-breadcrumbs-content":"","ast-featured-img":"","footer-sml-layout":"","ast-disable-related-posts":"","theme-transparent-header-meta":"default","adv-header-id-meta":"","stick-header-meta":"","header-above-stick-meta":"","header-main-stick-meta":"","header-below-stick-meta":"","astra-migrate-meta-layouts":"set","ast-page-background-enabled":"default","ast-page-background-meta":{"desktop":{"background-color":"var(--ast-global-color-4)","background-image":"","background-repeat":"repeat","background-position":"center center","background-size":"auto","background-attachment":"scroll","background-type":"","background-media":"","overlay-type":"","overlay-color":"","overlay-opacity":"","overlay-gradient":""},"tablet":{"background-color":"","background-image":"","background-repeat":"repeat","background-position":"center center","background-size":"auto","background-attachment":"scroll","background-type":"","background-media":"","overlay-type":"","overlay-color":"","overlay-opacity":"","overlay-gradient":""},"mobile":{"background-color":"","background-image":"","background-repeat":"repeat","background-position":"center center","background-size":"auto","background-attachment":"scroll","background-type":"","background-media":"","overlay-type":"","overlay-color":"","overlay-opacity":"","overlay-gradient":""}},"ast-content-background-meta":{"desktop":{"background-color":"var(--ast-global-color-5)","background-image":"","background-repeat":"repeat","background-position":"center center","background-size":"auto","background-attachment":"scroll","background-type":"","background-media":"","overlay-type":"","overlay-color":"","overlay-opacity":"","overlay-gradient":""},"tablet":{"background-color":"var(--ast-global-color-5)","background-image":"","background-repeat":"repeat","background-position":"center center","background-size":"auto","background-attachment":"scroll","background-type":"","background-media":"","overlay-type":"","overlay-color":"","overlay-opacity":"","overlay-gradient":""},"mobile":{"background-color":"var(--ast-global-color-5)","background-image":"","background-repeat":"repeat","background-position":"center center","background-size":"auto","background-attachment":"scroll","background-type":"","background-media":"","overlay-type":"","overlay-color":"","overlay-opacity":"","overlay-gradient":""}}},"product_brand":[38],"product_cat":[129,125,21],"product_tag":[166,167],"class_list":{"0":"post-1300","1":"product","2":"type-product","3":"status-publish","4":"has-post-thumbnail","6":"product_brand-pinisan","7":"product_cat-refredats","8":"product_cat-respiracio-coll","9":"product_cat-defenses-naturals","10":"product_tag-sense-gluten","11":"product_tag-sense-lactosa","12":"desktop-align-left","13":"tablet-align-left","14":"mobile-align-left","16":"first","17":"instock","18":"taxable","19":"shipping-taxable","20":"purchasable","21":"product-type-simple"},"yoast_head":"<!-- This site is optimized with the Yoast SEO plugin v27.5 - https:\/\/yoast.com\/product\/yoast-seo-wordpress\/ -->\n<title>Pinituss - Herbolari Merc\u00e8<\/title>\n<meta name=\"description\" content=\"Alleuja la gola amb el nostre Xarop natural amb Pr\u00f2polis i Grind\u00e8lia. Cont\u00e9 set extractes de plantes, incloent Drosera i Heura. Aquest suplement ajuda a les vies respirat\u00f2ries. \u00das senzill: 10 ml, tres cops al dia.\" \/>\n<meta name=\"robots\" content=\"index, follow, max-snippet:-1, max-image-preview:large, max-video-preview:-1\" \/>\n<link rel=\"canonical\" href=\"https:\/\/herboristeriamerce.com\/es\/herboristeria-online\/defenses-naturals\/respiracio-coll\/pinituss\/\" \/>\n<meta property=\"og:locale\" content=\"es_ES\" \/>\n<meta property=\"og:type\" content=\"article\" \/>\n<meta property=\"og:title\" content=\"Pinituss - Herbolari Merc\u00e8\" \/>\n<meta property=\"og:description\" content=\"Alleuja la gola amb el nostre Xarop natural amb Pr\u00f2polis i Grind\u00e8lia. Cont\u00e9 set extractes de plantes, incloent Drosera i Heura. Aquest suplement ajuda a les vies respirat\u00f2ries. \u00das senzill: 10 ml, tres cops al dia.\" \/>\n<meta property=\"og:url\" content=\"https:\/\/herboristeriamerce.com\/es\/herboristeria-online\/defenses-naturals\/respiracio-coll\/pinituss\/\" \/>\n<meta property=\"og:site_name\" content=\"Herbolari Merc\u00e8\" \/>\n<meta property=\"article:modified_time\" content=\"2025-11-10T19:01:54+00:00\" \/>\n<meta property=\"og:image\" content=\"https:\/\/herboristeriamerce.com\/wp-content\/uploads\/2025\/05\/06_00193-pinitus.jpg\" \/>\n\t<meta property=\"og:image:width\" content=\"768\" \/>\n\t<meta property=\"og:image:height\" content=\"768\" \/>\n\t<meta property=\"og:image:type\" content=\"image\/jpeg\" \/>\n<meta name=\"twitter:card\" content=\"summary_large_image\" \/>\n<meta name=\"twitter:label1\" content=\"Tiempo de lectura\" \/>\n\t<meta name=\"twitter:data1\" content=\"2 minutos\" \/>\n<script type=\"application\/ld+json\" class=\"yoast-schema-graph\">{\"@context\":\"https:\\\/\\\/schema.org\",\"@graph\":[{\"@type\":\"WebPage\",\"@id\":\"https:\\\/\\\/herboristeriamerce.com\\\/herboristeria-online\\\/defenses-naturals\\\/respiracio-coll\\\/pinituss\\\/\",\"url\":\"https:\\\/\\\/herboristeriamerce.com\\\/herboristeria-online\\\/defenses-naturals\\\/respiracio-coll\\\/pinituss\\\/\",\"name\":\"Pinituss - Herbolari Merc\u00e8\",\"isPartOf\":{\"@id\":\"https:\\\/\\\/herboristeriamerce.com\\\/#website\"},\"primaryImageOfPage\":{\"@id\":\"https:\\\/\\\/herboristeriamerce.com\\\/herboristeria-online\\\/defenses-naturals\\\/respiracio-coll\\\/pinituss\\\/#primaryimage\"},\"image\":{\"@id\":\"https:\\\/\\\/herboristeriamerce.com\\\/herboristeria-online\\\/defenses-naturals\\\/respiracio-coll\\\/pinituss\\\/#primaryimage\"},\"thumbnailUrl\":\"https:\\\/\\\/herboristeriamerce.com\\\/wp-content\\\/uploads\\\/2025\\\/05\\\/06_00193-pinitus.jpg\",\"datePublished\":\"2025-05-04T11:26:50+00:00\",\"dateModified\":\"2025-11-10T19:01:54+00:00\",\"description\":\"Alleuja la gola amb el nostre Xarop natural amb Pr\u00f2polis i Grind\u00e8lia. Cont\u00e9 set extractes de plantes, incloent Drosera i Heura. Aquest suplement ajuda a les vies respirat\u00f2ries. \u00das senzill: 10 ml, tres cops al dia.\",\"breadcrumb\":{\"@id\":\"https:\\\/\\\/herboristeriamerce.com\\\/herboristeria-online\\\/defenses-naturals\\\/respiracio-coll\\\/pinituss\\\/#breadcrumb\"},\"inLanguage\":\"es\",\"potentialAction\":[{\"@type\":\"ReadAction\",\"target\":[\"https:\\\/\\\/herboristeriamerce.com\\\/herboristeria-online\\\/defenses-naturals\\\/respiracio-coll\\\/pinituss\\\/\"]}]},{\"@type\":\"ImageObject\",\"inLanguage\":\"es\",\"@id\":\"https:\\\/\\\/herboristeriamerce.com\\\/herboristeria-online\\\/defenses-naturals\\\/respiracio-coll\\\/pinituss\\\/#primaryimage\",\"url\":\"https:\\\/\\\/herboristeriamerce.com\\\/wp-content\\\/uploads\\\/2025\\\/05\\\/06_00193-pinitus.jpg\",\"contentUrl\":\"https:\\\/\\\/herboristeriamerce.com\\\/wp-content\\\/uploads\\\/2025\\\/05\\\/06_00193-pinitus.jpg\",\"width\":768,\"height\":768},{\"@type\":\"BreadcrumbList\",\"@id\":\"https:\\\/\\\/herboristeriamerce.com\\\/herboristeria-online\\\/defenses-naturals\\\/respiracio-coll\\\/pinituss\\\/#breadcrumb\",\"itemListElement\":[{\"@type\":\"ListItem\",\"position\":1,\"name\":\"Inici\",\"item\":\"https:\\\/\\\/herboristeriamerce.com\\\/\"},{\"@type\":\"ListItem\",\"position\":2,\"name\":\"Herboristeria online\",\"item\":\"https:\\\/\\\/herboristeriamerce.com\\\/herboristeria-online\\\/\"},{\"@type\":\"ListItem\",\"position\":3,\"name\":\"Pinituss\"}]},{\"@type\":\"WebSite\",\"@id\":\"https:\\\/\\\/herboristeriamerce.com\\\/#website\",\"url\":\"https:\\\/\\\/herboristeriamerce.com\\\/\",\"name\":\"Herbolari Merc\u00e8\",\"description\":\"Herbolari a Terrassa\",\"publisher\":{\"@id\":\"https:\\\/\\\/herboristeriamerce.com\\\/#organization\"},\"potentialAction\":[{\"@type\":\"SearchAction\",\"target\":{\"@type\":\"EntryPoint\",\"urlTemplate\":\"https:\\\/\\\/herboristeriamerce.com\\\/?s={search_term_string}\"},\"query-input\":{\"@type\":\"PropertyValueSpecification\",\"valueRequired\":true,\"valueName\":\"search_term_string\"}}],\"inLanguage\":\"es\"},{\"@type\":\"Organization\",\"@id\":\"https:\\\/\\\/herboristeriamerce.com\\\/#organization\",\"name\":\"Herbolari Merc\u00e8\",\"url\":\"https:\\\/\\\/herboristeriamerce.com\\\/\",\"logo\":{\"@type\":\"ImageObject\",\"inLanguage\":\"es\",\"@id\":\"https:\\\/\\\/herboristeriamerce.com\\\/#\\\/schema\\\/logo\\\/image\\\/\",\"url\":\"https:\\\/\\\/herboristeriamerce.com\\\/wp-content\\\/uploads\\\/2025\\\/04\\\/cropped-logo-herboristeria-330x168-229w.webp\",\"contentUrl\":\"https:\\\/\\\/herboristeriamerce.com\\\/wp-content\\\/uploads\\\/2025\\\/04\\\/cropped-logo-herboristeria-330x168-229w.webp\",\"width\":230,\"height\":117,\"caption\":\"Herbolari Merc\u00e8\"},\"image\":{\"@id\":\"https:\\\/\\\/herboristeriamerce.com\\\/#\\\/schema\\\/logo\\\/image\\\/\"}}]}<\/script>\n<!-- \/ Yoast SEO plugin. -->","yoast_head_json":{"title":"Pinituss - Herbolari Merc\u00e8","description":"Alleuja la gola amb el nostre Xarop natural amb Pr\u00f2polis i Grind\u00e8lia. Cont\u00e9 set extractes de plantes, incloent Drosera i Heura. Aquest suplement ajuda a les vies respirat\u00f2ries. \u00das senzill: 10 ml, tres cops al dia.","robots":{"index":"index","follow":"follow","max-snippet":"max-snippet:-1","max-image-preview":"max-image-preview:large","max-video-preview":"max-video-preview:-1"},"canonical":"https:\/\/herboristeriamerce.com\/es\/herboristeria-online\/defenses-naturals\/respiracio-coll\/pinituss\/","og_locale":"es_ES","og_type":"article","og_title":"Pinituss - Herbolari Merc\u00e8","og_description":"Alleuja la gola amb el nostre Xarop natural amb Pr\u00f2polis i Grind\u00e8lia. Cont\u00e9 set extractes de plantes, incloent Drosera i Heura. Aquest suplement ajuda a les vies respirat\u00f2ries. \u00das senzill: 10 ml, tres cops al dia.","og_url":"https:\/\/herboristeriamerce.com\/es\/herboristeria-online\/defenses-naturals\/respiracio-coll\/pinituss\/","og_site_name":"Herbolari Merc\u00e8","article_modified_time":"2025-11-10T19:01:54+00:00","og_image":[{"width":768,"height":768,"url":"https:\/\/herboristeriamerce.com\/wp-content\/uploads\/2025\/05\/06_00193-pinitus.jpg","type":"image\/jpeg"}],"twitter_card":"summary_large_image","twitter_misc":{"Tiempo de lectura":"2 minutos"},"schema":{"@context":"https:\/\/schema.org","@graph":[{"@type":"WebPage","@id":"https:\/\/herboristeriamerce.com\/herboristeria-online\/defenses-naturals\/respiracio-coll\/pinituss\/","url":"https:\/\/herboristeriamerce.com\/herboristeria-online\/defenses-naturals\/respiracio-coll\/pinituss\/","name":"Pinituss - Herbolari Merc\u00e8","isPartOf":{"@id":"https:\/\/herboristeriamerce.com\/#website"},"primaryImageOfPage":{"@id":"https:\/\/herboristeriamerce.com\/herboristeria-online\/defenses-naturals\/respiracio-coll\/pinituss\/#primaryimage"},"image":{"@id":"https:\/\/herboristeriamerce.com\/herboristeria-online\/defenses-naturals\/respiracio-coll\/pinituss\/#primaryimage"},"thumbnailUrl":"https:\/\/herboristeriamerce.com\/wp-content\/uploads\/2025\/05\/06_00193-pinitus.jpg","datePublished":"2025-05-04T11:26:50+00:00","dateModified":"2025-11-10T19:01:54+00:00","description":"Alleuja la gola amb el nostre Xarop natural amb Pr\u00f2polis i Grind\u00e8lia. Cont\u00e9 set extractes de plantes, incloent Drosera i Heura. Aquest suplement ajuda a les vies respirat\u00f2ries. \u00das senzill: 10 ml, tres cops al dia.","breadcrumb":{"@id":"https:\/\/herboristeriamerce.com\/herboristeria-online\/defenses-naturals\/respiracio-coll\/pinituss\/#breadcrumb"},"inLanguage":"es","potentialAction":[{"@type":"ReadAction","target":["https:\/\/herboristeriamerce.com\/herboristeria-online\/defenses-naturals\/respiracio-coll\/pinituss\/"]}]},{"@type":"ImageObject","inLanguage":"es","@id":"https:\/\/herboristeriamerce.com\/herboristeria-online\/defenses-naturals\/respiracio-coll\/pinituss\/#primaryimage","url":"https:\/\/herboristeriamerce.com\/wp-content\/uploads\/2025\/05\/06_00193-pinitus.jpg","contentUrl":"https:\/\/herboristeriamerce.com\/wp-content\/uploads\/2025\/05\/06_00193-pinitus.jpg","width":768,"height":768},{"@type":"BreadcrumbList","@id":"https:\/\/herboristeriamerce.com\/herboristeria-online\/defenses-naturals\/respiracio-coll\/pinituss\/#breadcrumb","itemListElement":[{"@type":"ListItem","position":1,"name":"Inici","item":"https:\/\/herboristeriamerce.com\/"},{"@type":"ListItem","position":2,"name":"Herboristeria online","item":"https:\/\/herboristeriamerce.com\/herboristeria-online\/"},{"@type":"ListItem","position":3,"name":"Pinituss"}]},{"@type":"WebSite","@id":"https:\/\/herboristeriamerce.com\/#website","url":"https:\/\/herboristeriamerce.com\/","name":"Herbolari Merc\u00e8","description":"Herbolari a Terrassa","publisher":{"@id":"https:\/\/herboristeriamerce.com\/#organization"},"potentialAction":[{"@type":"SearchAction","target":{"@type":"EntryPoint","urlTemplate":"https:\/\/herboristeriamerce.com\/?s={search_term_string}"},"query-input":{"@type":"PropertyValueSpecification","valueRequired":true,"valueName":"search_term_string"}}],"inLanguage":"es"},{"@type":"Organization","@id":"https:\/\/herboristeriamerce.com\/#organization","name":"Herbolari Merc\u00e8","url":"https:\/\/herboristeriamerce.com\/","logo":{"@type":"ImageObject","inLanguage":"es","@id":"https:\/\/herboristeriamerce.com\/#\/schema\/logo\/image\/","url":"https:\/\/herboristeriamerce.com\/wp-content\/uploads\/2025\/04\/cropped-logo-herboristeria-330x168-229w.webp","contentUrl":"https:\/\/herboristeriamerce.com\/wp-content\/uploads\/2025\/04\/cropped-logo-herboristeria-330x168-229w.webp","width":230,"height":117,"caption":"Herbolari Merc\u00e8"},"image":{"@id":"https:\/\/herboristeriamerce.com\/#\/schema\/logo\/image\/"}}]}},"_links":{"self":[{"href":"https:\/\/herboristeriamerce.com\/es\/wp-json\/wp\/v2\/product\/1300","targetHints":{"allow":["GET"]}}],"collection":[{"href":"https:\/\/herboristeriamerce.com\/es\/wp-json\/wp\/v2\/product"}],"about":[{"href":"https:\/\/herboristeriamerce.com\/es\/wp-json\/wp\/v2\/types\/product"}],"replies":[{"embeddable":true,"href":"https:\/\/herboristeriamerce.com\/es\/wp-json\/wp\/v2\/comments?post=1300"}],"wp:featuredmedia":[{"embeddable":true,"href":"https:\/\/herboristeriamerce.com\/es\/wp-json\/wp\/v2\/media\/2352"}],"wp:attachment":[{"href":"https:\/\/herboristeriamerce.com\/es\/wp-json\/wp\/v2\/media?parent=1300"}],"wp:term":[{"taxonomy":"product_brand","embeddable":true,"href":"https:\/\/herboristeriamerce.com\/es\/wp-json\/wp\/v2\/product_brand?post=1300"},{"taxonomy":"product_cat","embeddable":true,"href":"https:\/\/herboristeriamerce.com\/es\/wp-json\/wp\/v2\/product_cat?post=1300"},{"taxonomy":"product_tag","embeddable":true,"href":"https:\/\/herboristeriamerce.com\/es\/wp-json\/wp\/v2\/product_tag?post=1300"}],"curies":[{"name":"wp","href":"https:\/\/api.w.org\/{rel}","templated":true}]}}