{"id":1260,"date":"2025-05-04T09:58:05","date_gmt":"2025-05-04T09:58:05","guid":{"rendered":"https:\/\/herboristeriamerce.com\/?post_type=product&#038;p=1260"},"modified":"2025-05-25T10:05:05","modified_gmt":"2025-05-25T10:05:05","slug":"drenahibiscus","status":"publish","type":"product","link":"https:\/\/herboristeriamerce.com\/es\/herboristeria-online\/neteja-i-desintoxicacio\/depuracio\/drenahibiscus\/","title":{"rendered":"Drenahibiscus"},"content":{"rendered":"<p><span class=\"Y2IQFc\" lang=\"ca\">Drenahibiscus est\u00e0 elaborat partint d&#8217;una infusi\u00f3 concentrada d&#8217;hibisc (flor de jamaica) a la qual afegim principis actius equivalents a prop de 5.000 mg de planta per dosi di\u00e0ria. Aix\u00ed pots aprofitar al m\u00e0xim les bondats dels seus 10 actius vegetals.<\/span><\/p>\n<p><span class=\"Y2IQFc\" lang=\"ca\"><strong>Ingredients actius per dosi di\u00e0ria (30 ml): <\/strong> &#8211; Infusi\u00f3 d&#8217;Hibisc (Hibisc sabdariffa) (aigua i Hibisc (1.200 mg) (27,36 ml) &#8211; Suc concentrat de Papaia (Carica papaia) (500 ml) &#8211; Ext. 5:1 Ortosif\u00f3 (2% flavonoides) (150 ml) equivalent a 750 mg d&#8217;Ortosiphon stamineus. &#8211; Ext 4:1 Velosilla (0,4% vitexina) (120 ml) equivalent a 480 mg de Hieracium pilosela &#8211; Ext. 5:1 Boldo (0,05% boldina) (120 ml) equivalent a 600 mg de Pemus boldus &#8211; Ext. 5:1 Dent de Lle\u00f3 (2% flavonoides) (120 ml) equivalent a 600 mg de Taraxacum officinale &#8211; Ext. 3:1 Herba de Mate (5% cafe\u00efna) (100 ml) equivalent a 300 mf d&#8217;illex paraguariensis &#8211; Ext. 10:1 Groseller Negre (75 ml) equivalent a 750 mg de Ribes nigrum &#8211; Ext. 20:1 Te Verd (50 ml) (90% polifenols, &gt;40% galat d&#8217;epigalocatequina (20 mg), min 1% cafe\u00efna.) equivalent a 1.000 mg de Camellia a sinensis. <\/span><\/p>\n<p><span class=\"Y2IQFc\" lang=\"ca\"><strong>Presentaci\u00f3:<\/strong> Env\u00e0s amb 500 ml. <\/span><\/p>\n<p><span class=\"Y2IQFc\" lang=\"ca\"><strong>Utilitzaci\u00f3: <\/strong> Agitar abans d&#8217;usar. Diluir 30 ml a 1,5 litres d&#8217;aigua i prendre al llarg del dia.<\/span><b>.<\/b><\/p>\n<div class=\"medium-insert-images\"><b><\/b><\/p>\n<figure contenteditable=\"false\"><img decoding=\"async\" class=\"img-responsive img-fluid\" src=\"https:\/\/media.v2.siweb.es\/uploaded_thumb_medium\/e1a1a2a7af0bc85127df386abca1c784\/veg_sing_sinl_sina.jpg\" srcset=\"https:\/\/media.v2.siweb.es\/uploaded_thumb_icon\/e1a1a2a7af0bc85127df386abca1c784\/veg_sing_sinl_sina.jpg 256w,                                                                                                 https:\/\/media.v2.siweb.es\/uploaded_thumb_small\/e1a1a2a7af0bc85127df386abca1c784\/veg_sing_sinl_sina.jpg 512w,                                                                                                 https:\/\/media.v2.siweb.es\/uploaded_thumb_medium\/e1a1a2a7af0bc85127df386abca1c784\/veg_sing_sinl_sina.jpg 1000w,                                                                                                 https:\/\/media.v2.siweb.es\/uploaded_thumb_big\/e1a1a2a7af0bc85127df386abca1c784\/veg_sing_sinl_sina.jpg 2000w\" alt=\"\" data-id=\"1919\" data-is-from-bank=\"\" \/><\/figure>\n<\/div>","protected":false},"excerpt":{"rendered":"<p><span class=\"Y2IQFc\" lang=\"ca\">Aquesta f\u00f3rmula ha estat desenvolupada perqu\u00e8 mantinguis el teu pes corporal saludable i et beneficis de la seva acci\u00f3 detox.<\/span><\/p>","protected":false},"featured_media":1262,"comment_status":"open","ping_status":"closed","template":"","meta":{"site-sidebar-layout":"default","site-content-layout":"","ast-site-content-layout":"default","site-content-style":"default","site-sidebar-style":"default","ast-global-header-display":"","ast-banner-title-visibility":"","ast-main-header-display":"","ast-hfb-above-header-display":"","ast-hfb-below-header-display":"","ast-hfb-mobile-header-display":"","site-post-title":"","ast-breadcrumbs-content":"","ast-featured-img":"","footer-sml-layout":"","ast-disable-related-posts":"","theme-transparent-header-meta":"default","adv-header-id-meta":"","stick-header-meta":"","header-above-stick-meta":"","header-main-stick-meta":"","header-below-stick-meta":"","astra-migrate-meta-layouts":"set","ast-page-background-enabled":"default","ast-page-background-meta":{"desktop":{"background-color":"var(--ast-global-color-4)","background-image":"","background-repeat":"repeat","background-position":"center center","background-size":"auto","background-attachment":"scroll","background-type":"","background-media":"","overlay-type":"","overlay-color":"","overlay-opacity":"","overlay-gradient":""},"tablet":{"background-color":"","background-image":"","background-repeat":"repeat","background-position":"center center","background-size":"auto","background-attachment":"scroll","background-type":"","background-media":"","overlay-type":"","overlay-color":"","overlay-opacity":"","overlay-gradient":""},"mobile":{"background-color":"","background-image":"","background-repeat":"repeat","background-position":"center center","background-size":"auto","background-attachment":"scroll","background-type":"","background-media":"","overlay-type":"","overlay-color":"","overlay-opacity":"","overlay-gradient":""}},"ast-content-background-meta":{"desktop":{"background-color":"var(--ast-global-color-5)","background-image":"","background-repeat":"repeat","background-position":"center center","background-size":"auto","background-attachment":"scroll","background-type":"","background-media":"","overlay-type":"","overlay-color":"","overlay-opacity":"","overlay-gradient":""},"tablet":{"background-color":"var(--ast-global-color-5)","background-image":"","background-repeat":"repeat","background-position":"center center","background-size":"auto","background-attachment":"scroll","background-type":"","background-media":"","overlay-type":"","overlay-color":"","overlay-opacity":"","overlay-gradient":""},"mobile":{"background-color":"var(--ast-global-color-5)","background-image":"","background-repeat":"repeat","background-position":"center center","background-size":"auto","background-attachment":"scroll","background-type":"","background-media":"","overlay-type":"","overlay-color":"","overlay-opacity":"","overlay-gradient":""}}},"product_brand":[38],"product_cat":[104,93,44,23],"product_tag":[],"class_list":{"0":"post-1260","1":"product","2":"type-product","3":"status-publish","4":"has-post-thumbnail","6":"product_brand-pinisan","7":"product_cat-depuracio","8":"product_cat-diuretic","9":"product_cat-neteja-i-desintoxicacio","10":"product_cat-silueta","11":"desktop-align-left","12":"tablet-align-left","13":"mobile-align-left","15":"first","16":"instock","17":"taxable","18":"shipping-taxable","19":"purchasable","20":"product-type-simple"},"yoast_head":"<!-- This site is optimized with the Yoast SEO plugin v27.5 - https:\/\/yoast.com\/product\/yoast-seo-wordpress\/ -->\n<title>Drenahibiscus - Herbolari Merc\u00e8<\/title>\n<meta name=\"robots\" content=\"index, follow, max-snippet:-1, max-image-preview:large, max-video-preview:-1\" \/>\n<link rel=\"canonical\" href=\"https:\/\/herboristeriamerce.com\/es\/herboristeria-online\/neteja-i-desintoxicacio\/depuracio\/drenahibiscus\/\" \/>\n<meta property=\"og:locale\" content=\"es_ES\" \/>\n<meta property=\"og:type\" content=\"article\" \/>\n<meta property=\"og:title\" content=\"Drenahibiscus - Herbolari Merc\u00e8\" \/>\n<meta property=\"og:description\" content=\"Aquesta f\u00f3rmula ha estat desenvolupada perqu\u00e8 mantinguis el teu pes corporal saludable i et beneficis de la seva acci\u00f3 detox.\" \/>\n<meta property=\"og:url\" content=\"https:\/\/herboristeriamerce.com\/es\/herboristeria-online\/neteja-i-desintoxicacio\/depuracio\/drenahibiscus\/\" \/>\n<meta property=\"og:site_name\" content=\"Herbolari Merc\u00e8\" \/>\n<meta property=\"article:modified_time\" content=\"2025-05-25T10:05:05+00:00\" \/>\n<meta property=\"og:image\" content=\"https:\/\/herboristeriamerce.com\/wp-content\/uploads\/2025\/05\/drenahibiscus_1.jpg\" \/>\n\t<meta property=\"og:image:width\" content=\"455\" \/>\n\t<meta property=\"og:image:height\" content=\"1000\" \/>\n\t<meta property=\"og:image:type\" content=\"image\/jpeg\" \/>\n<meta name=\"twitter:card\" content=\"summary_large_image\" \/>\n<meta name=\"twitter:label1\" content=\"Tiempo de lectura\" \/>\n\t<meta name=\"twitter:data1\" content=\"2 minutos\" \/>\n<script type=\"application\/ld+json\" class=\"yoast-schema-graph\">{\"@context\":\"https:\\\/\\\/schema.org\",\"@graph\":[{\"@type\":\"WebPage\",\"@id\":\"https:\\\/\\\/herboristeriamerce.com\\\/herboristeria-online\\\/neteja-i-desintoxicacio\\\/depuracio\\\/drenahibiscus\\\/\",\"url\":\"https:\\\/\\\/herboristeriamerce.com\\\/herboristeria-online\\\/neteja-i-desintoxicacio\\\/depuracio\\\/drenahibiscus\\\/\",\"name\":\"Drenahibiscus - Herbolari Merc\u00e8\",\"isPartOf\":{\"@id\":\"https:\\\/\\\/herboristeriamerce.com\\\/#website\"},\"primaryImageOfPage\":{\"@id\":\"https:\\\/\\\/herboristeriamerce.com\\\/herboristeria-online\\\/neteja-i-desintoxicacio\\\/depuracio\\\/drenahibiscus\\\/#primaryimage\"},\"image\":{\"@id\":\"https:\\\/\\\/herboristeriamerce.com\\\/herboristeria-online\\\/neteja-i-desintoxicacio\\\/depuracio\\\/drenahibiscus\\\/#primaryimage\"},\"thumbnailUrl\":\"https:\\\/\\\/herboristeriamerce.com\\\/wp-content\\\/uploads\\\/2025\\\/05\\\/drenahibiscus_1.jpg\",\"datePublished\":\"2025-05-04T09:58:05+00:00\",\"dateModified\":\"2025-05-25T10:05:05+00:00\",\"breadcrumb\":{\"@id\":\"https:\\\/\\\/herboristeriamerce.com\\\/herboristeria-online\\\/neteja-i-desintoxicacio\\\/depuracio\\\/drenahibiscus\\\/#breadcrumb\"},\"inLanguage\":\"es\",\"potentialAction\":[{\"@type\":\"ReadAction\",\"target\":[\"https:\\\/\\\/herboristeriamerce.com\\\/herboristeria-online\\\/neteja-i-desintoxicacio\\\/depuracio\\\/drenahibiscus\\\/\"]}]},{\"@type\":\"ImageObject\",\"inLanguage\":\"es\",\"@id\":\"https:\\\/\\\/herboristeriamerce.com\\\/herboristeria-online\\\/neteja-i-desintoxicacio\\\/depuracio\\\/drenahibiscus\\\/#primaryimage\",\"url\":\"https:\\\/\\\/herboristeriamerce.com\\\/wp-content\\\/uploads\\\/2025\\\/05\\\/drenahibiscus_1.jpg\",\"contentUrl\":\"https:\\\/\\\/herboristeriamerce.com\\\/wp-content\\\/uploads\\\/2025\\\/05\\\/drenahibiscus_1.jpg\",\"width\":455,\"height\":1000},{\"@type\":\"BreadcrumbList\",\"@id\":\"https:\\\/\\\/herboristeriamerce.com\\\/herboristeria-online\\\/neteja-i-desintoxicacio\\\/depuracio\\\/drenahibiscus\\\/#breadcrumb\",\"itemListElement\":[{\"@type\":\"ListItem\",\"position\":1,\"name\":\"Inici\",\"item\":\"https:\\\/\\\/herboristeriamerce.com\\\/\"},{\"@type\":\"ListItem\",\"position\":2,\"name\":\"Herboristeria online\",\"item\":\"https:\\\/\\\/herboristeriamerce.com\\\/herboristeria-online\\\/\"},{\"@type\":\"ListItem\",\"position\":3,\"name\":\"Drenahibiscus\"}]},{\"@type\":\"WebSite\",\"@id\":\"https:\\\/\\\/herboristeriamerce.com\\\/#website\",\"url\":\"https:\\\/\\\/herboristeriamerce.com\\\/\",\"name\":\"Herbolari Merc\u00e8\",\"description\":\"Herbolari a Terrassa\",\"publisher\":{\"@id\":\"https:\\\/\\\/herboristeriamerce.com\\\/#organization\"},\"potentialAction\":[{\"@type\":\"SearchAction\",\"target\":{\"@type\":\"EntryPoint\",\"urlTemplate\":\"https:\\\/\\\/herboristeriamerce.com\\\/?s={search_term_string}\"},\"query-input\":{\"@type\":\"PropertyValueSpecification\",\"valueRequired\":true,\"valueName\":\"search_term_string\"}}],\"inLanguage\":\"es\"},{\"@type\":\"Organization\",\"@id\":\"https:\\\/\\\/herboristeriamerce.com\\\/#organization\",\"name\":\"Herbolari Merc\u00e8\",\"url\":\"https:\\\/\\\/herboristeriamerce.com\\\/\",\"logo\":{\"@type\":\"ImageObject\",\"inLanguage\":\"es\",\"@id\":\"https:\\\/\\\/herboristeriamerce.com\\\/#\\\/schema\\\/logo\\\/image\\\/\",\"url\":\"https:\\\/\\\/herboristeriamerce.com\\\/wp-content\\\/uploads\\\/2025\\\/04\\\/cropped-logo-herboristeria-330x168-229w.webp\",\"contentUrl\":\"https:\\\/\\\/herboristeriamerce.com\\\/wp-content\\\/uploads\\\/2025\\\/04\\\/cropped-logo-herboristeria-330x168-229w.webp\",\"width\":230,\"height\":117,\"caption\":\"Herbolari Merc\u00e8\"},\"image\":{\"@id\":\"https:\\\/\\\/herboristeriamerce.com\\\/#\\\/schema\\\/logo\\\/image\\\/\"}}]}<\/script>\n<!-- \/ Yoast SEO plugin. -->","yoast_head_json":{"title":"Drenahibiscus - Herbolari Merc\u00e8","robots":{"index":"index","follow":"follow","max-snippet":"max-snippet:-1","max-image-preview":"max-image-preview:large","max-video-preview":"max-video-preview:-1"},"canonical":"https:\/\/herboristeriamerce.com\/es\/herboristeria-online\/neteja-i-desintoxicacio\/depuracio\/drenahibiscus\/","og_locale":"es_ES","og_type":"article","og_title":"Drenahibiscus - Herbolari Merc\u00e8","og_description":"Aquesta f\u00f3rmula ha estat desenvolupada perqu\u00e8 mantinguis el teu pes corporal saludable i et beneficis de la seva acci\u00f3 detox.","og_url":"https:\/\/herboristeriamerce.com\/es\/herboristeria-online\/neteja-i-desintoxicacio\/depuracio\/drenahibiscus\/","og_site_name":"Herbolari Merc\u00e8","article_modified_time":"2025-05-25T10:05:05+00:00","og_image":[{"width":455,"height":1000,"url":"https:\/\/herboristeriamerce.com\/wp-content\/uploads\/2025\/05\/drenahibiscus_1.jpg","type":"image\/jpeg"}],"twitter_card":"summary_large_image","twitter_misc":{"Tiempo de lectura":"2 minutos"},"schema":{"@context":"https:\/\/schema.org","@graph":[{"@type":"WebPage","@id":"https:\/\/herboristeriamerce.com\/herboristeria-online\/neteja-i-desintoxicacio\/depuracio\/drenahibiscus\/","url":"https:\/\/herboristeriamerce.com\/herboristeria-online\/neteja-i-desintoxicacio\/depuracio\/drenahibiscus\/","name":"Drenahibiscus - Herbolari Merc\u00e8","isPartOf":{"@id":"https:\/\/herboristeriamerce.com\/#website"},"primaryImageOfPage":{"@id":"https:\/\/herboristeriamerce.com\/herboristeria-online\/neteja-i-desintoxicacio\/depuracio\/drenahibiscus\/#primaryimage"},"image":{"@id":"https:\/\/herboristeriamerce.com\/herboristeria-online\/neteja-i-desintoxicacio\/depuracio\/drenahibiscus\/#primaryimage"},"thumbnailUrl":"https:\/\/herboristeriamerce.com\/wp-content\/uploads\/2025\/05\/drenahibiscus_1.jpg","datePublished":"2025-05-04T09:58:05+00:00","dateModified":"2025-05-25T10:05:05+00:00","breadcrumb":{"@id":"https:\/\/herboristeriamerce.com\/herboristeria-online\/neteja-i-desintoxicacio\/depuracio\/drenahibiscus\/#breadcrumb"},"inLanguage":"es","potentialAction":[{"@type":"ReadAction","target":["https:\/\/herboristeriamerce.com\/herboristeria-online\/neteja-i-desintoxicacio\/depuracio\/drenahibiscus\/"]}]},{"@type":"ImageObject","inLanguage":"es","@id":"https:\/\/herboristeriamerce.com\/herboristeria-online\/neteja-i-desintoxicacio\/depuracio\/drenahibiscus\/#primaryimage","url":"https:\/\/herboristeriamerce.com\/wp-content\/uploads\/2025\/05\/drenahibiscus_1.jpg","contentUrl":"https:\/\/herboristeriamerce.com\/wp-content\/uploads\/2025\/05\/drenahibiscus_1.jpg","width":455,"height":1000},{"@type":"BreadcrumbList","@id":"https:\/\/herboristeriamerce.com\/herboristeria-online\/neteja-i-desintoxicacio\/depuracio\/drenahibiscus\/#breadcrumb","itemListElement":[{"@type":"ListItem","position":1,"name":"Inici","item":"https:\/\/herboristeriamerce.com\/"},{"@type":"ListItem","position":2,"name":"Herboristeria online","item":"https:\/\/herboristeriamerce.com\/herboristeria-online\/"},{"@type":"ListItem","position":3,"name":"Drenahibiscus"}]},{"@type":"WebSite","@id":"https:\/\/herboristeriamerce.com\/#website","url":"https:\/\/herboristeriamerce.com\/","name":"Herbolari Merc\u00e8","description":"Herbolari a Terrassa","publisher":{"@id":"https:\/\/herboristeriamerce.com\/#organization"},"potentialAction":[{"@type":"SearchAction","target":{"@type":"EntryPoint","urlTemplate":"https:\/\/herboristeriamerce.com\/?s={search_term_string}"},"query-input":{"@type":"PropertyValueSpecification","valueRequired":true,"valueName":"search_term_string"}}],"inLanguage":"es"},{"@type":"Organization","@id":"https:\/\/herboristeriamerce.com\/#organization","name":"Herbolari Merc\u00e8","url":"https:\/\/herboristeriamerce.com\/","logo":{"@type":"ImageObject","inLanguage":"es","@id":"https:\/\/herboristeriamerce.com\/#\/schema\/logo\/image\/","url":"https:\/\/herboristeriamerce.com\/wp-content\/uploads\/2025\/04\/cropped-logo-herboristeria-330x168-229w.webp","contentUrl":"https:\/\/herboristeriamerce.com\/wp-content\/uploads\/2025\/04\/cropped-logo-herboristeria-330x168-229w.webp","width":230,"height":117,"caption":"Herbolari Merc\u00e8"},"image":{"@id":"https:\/\/herboristeriamerce.com\/#\/schema\/logo\/image\/"}}]}},"_links":{"self":[{"href":"https:\/\/herboristeriamerce.com\/es\/wp-json\/wp\/v2\/product\/1260","targetHints":{"allow":["GET"]}}],"collection":[{"href":"https:\/\/herboristeriamerce.com\/es\/wp-json\/wp\/v2\/product"}],"about":[{"href":"https:\/\/herboristeriamerce.com\/es\/wp-json\/wp\/v2\/types\/product"}],"replies":[{"embeddable":true,"href":"https:\/\/herboristeriamerce.com\/es\/wp-json\/wp\/v2\/comments?post=1260"}],"wp:featuredmedia":[{"embeddable":true,"href":"https:\/\/herboristeriamerce.com\/es\/wp-json\/wp\/v2\/media\/1262"}],"wp:attachment":[{"href":"https:\/\/herboristeriamerce.com\/es\/wp-json\/wp\/v2\/media?parent=1260"}],"wp:term":[{"taxonomy":"product_brand","embeddable":true,"href":"https:\/\/herboristeriamerce.com\/es\/wp-json\/wp\/v2\/product_brand?post=1260"},{"taxonomy":"product_cat","embeddable":true,"href":"https:\/\/herboristeriamerce.com\/es\/wp-json\/wp\/v2\/product_cat?post=1260"},{"taxonomy":"product_tag","embeddable":true,"href":"https:\/\/herboristeriamerce.com\/es\/wp-json\/wp\/v2\/product_tag?post=1260"}],"curies":[{"name":"wp","href":"https:\/\/api.w.org\/{rel}","templated":true}]}}