{"id":1212,"date":"2025-05-03T10:41:35","date_gmt":"2025-05-03T10:41:35","guid":{"rendered":"https:\/\/herboristeriamerce.com\/?post_type=product&#038;p=1212"},"modified":"2025-05-23T16:44:26","modified_gmt":"2025-05-23T16:44:26","slug":"xampu-solid-tigre","status":"publish","type":"product","link":"https:\/\/herboristeriamerce.com\/es\/herboristeria-online\/cos-i-cara\/capilar\/xampu\/xampu-solid-tigre\/","title":{"rendered":"Xampu s\u00f2lid Tigre"},"content":{"rendered":"<p><span class=\"Y2IQFc\" lang=\"ca\">Cont\u00e9 \u00e0cid hialur\u00f2nic, \u00e9s ideal per evitar el trencament dels cabells i dir ad\u00e9u a les puntes obertes. Tamb\u00e9 ajuda a recuperar for\u00e7a i suavitat. Amino\u00e0cids: ajuden a retenir la humitat a la cut\u00edcula, evitant que el cabell es trenqui. Gr\u00e0cies als seus ingredients com el pantenol precursor de la vitamina B5, ofereix una correcta hidrataci\u00f3 dels cabells prevenint-ne l&#8217;afebliment. Aporta gran for\u00e7a als cabells i actua com un protector davant la calor i l&#8217;encrespament. <\/span><\/p>\n<p><strong><span class=\"Y2IQFc\" lang=\"ca\">INGREDIENTS:<\/span><\/strong><\/p>\n<p>Sodium Cocoyl Isethionate, Cocamidopropyl Betaine, Cocos Nucifera Oil, Aloe barbadensis Leaf Juice, Palmitic Acid, Stearic Acid, Butyrospermum Parkii Butter, Maltodextrin, Persea Gatrissima oil, Zingiber Officinale Root Extract, Panax Ginseng Root Extract, Sodium PCA, Panthenol, Hydroxyproline, L-Proline, Sodium Hyaluronate, Aqua, Glycerin, Citric Acid, Potassium Sorbate, Sodium Benzoate, Parfum.<\/p>\n<p><strong>Recomanacions:<\/strong><\/p>\n<p><span class=\"Y2IQFc\" lang=\"ca\">Amb els cabells mullats, humiteja la pastilla i frega-la entre les teves mans o directament al cuir cabellut. Massatge amb l&#8217;escuma i aclareix-lo amb aigua abundant Repeteix-ho si la teva cabellera \u00e9s llarga, la segona vegada produeix m\u00e9s escuma, esbandida fins a assegurar-te que no queden restes. Aconsellable utilitzar un condicionador o m\u00e0scara despr\u00e9s. Com a consell, aclareix-te amb aigua freda per activar la circulaci\u00f3, tancar la cut\u00edcula del cabell i aportar aix\u00ed m\u00e9s brillantor al teu cabell. Guarda&#8217;l penjat en una bosseta de reixeta o en un lloc sense contacte amb aigua per evitar la p\u00e8rdua de producte.<\/span><\/p>","protected":false},"excerpt":{"rendered":"<p><span class=\"Y2IQFc\" lang=\"ca\">El xamp\u00fa s\u00f2lid &#8216;Tigre&#8217; per donar for\u00e7a als teus cabells<\/span><\/p>","protected":false},"featured_media":1213,"comment_status":"open","ping_status":"closed","template":"","meta":{"site-sidebar-layout":"default","site-content-layout":"","ast-site-content-layout":"default","site-content-style":"default","site-sidebar-style":"default","ast-global-header-display":"","ast-banner-title-visibility":"","ast-main-header-display":"","ast-hfb-above-header-display":"","ast-hfb-below-header-display":"","ast-hfb-mobile-header-display":"","site-post-title":"","ast-breadcrumbs-content":"","ast-featured-img":"","footer-sml-layout":"","ast-disable-related-posts":"","theme-transparent-header-meta":"default","adv-header-id-meta":"","stick-header-meta":"","header-above-stick-meta":"","header-main-stick-meta":"","header-below-stick-meta":"","astra-migrate-meta-layouts":"set","ast-page-background-enabled":"default","ast-page-background-meta":{"desktop":{"background-color":"var(--ast-global-color-4)","background-image":"","background-repeat":"repeat","background-position":"center center","background-size":"auto","background-attachment":"scroll","background-type":"","background-media":"","overlay-type":"","overlay-color":"","overlay-opacity":"","overlay-gradient":""},"tablet":{"background-color":"","background-image":"","background-repeat":"repeat","background-position":"center center","background-size":"auto","background-attachment":"scroll","background-type":"","background-media":"","overlay-type":"","overlay-color":"","overlay-opacity":"","overlay-gradient":""},"mobile":{"background-color":"","background-image":"","background-repeat":"repeat","background-position":"center center","background-size":"auto","background-attachment":"scroll","background-type":"","background-media":"","overlay-type":"","overlay-color":"","overlay-opacity":"","overlay-gradient":""}},"ast-content-background-meta":{"desktop":{"background-color":"var(--ast-global-color-5)","background-image":"","background-repeat":"repeat","background-position":"center center","background-size":"auto","background-attachment":"scroll","background-type":"","background-media":"","overlay-type":"","overlay-color":"","overlay-opacity":"","overlay-gradient":""},"tablet":{"background-color":"var(--ast-global-color-5)","background-image":"","background-repeat":"repeat","background-position":"center center","background-size":"auto","background-attachment":"scroll","background-type":"","background-media":"","overlay-type":"","overlay-color":"","overlay-opacity":"","overlay-gradient":""},"mobile":{"background-color":"var(--ast-global-color-5)","background-image":"","background-repeat":"repeat","background-position":"center center","background-size":"auto","background-attachment":"scroll","background-type":"","background-media":"","overlay-type":"","overlay-color":"","overlay-opacity":"","overlay-gradient":""}}},"product_brand":[60],"product_cat":[87],"product_tag":[],"class_list":{"0":"post-1212","1":"product","2":"type-product","3":"status-publish","4":"has-post-thumbnail","6":"product_brand-silvestre","7":"product_cat-xampu","8":"desktop-align-left","9":"tablet-align-left","10":"mobile-align-left","12":"first","13":"instock","14":"taxable","15":"shipping-taxable","16":"purchasable","17":"product-type-simple"},"yoast_head":"<!-- This site is optimized with the Yoast SEO plugin v27.5 - https:\/\/yoast.com\/product\/yoast-seo-wordpress\/ -->\n<title>Xampu s\u00f2lid Tigre - Herbolari Merc\u00e8<\/title>\n<meta name=\"robots\" content=\"index, follow, max-snippet:-1, max-image-preview:large, max-video-preview:-1\" \/>\n<link rel=\"canonical\" href=\"https:\/\/herboristeriamerce.com\/es\/herboristeria-online\/cos-i-cara\/capilar\/xampu\/xampu-solid-tigre\/\" \/>\n<meta property=\"og:locale\" content=\"es_ES\" \/>\n<meta property=\"og:type\" content=\"article\" \/>\n<meta property=\"og:title\" content=\"Xampu s\u00f2lid Tigre - Herbolari Merc\u00e8\" \/>\n<meta property=\"og:description\" content=\"El xamp\u00fa s\u00f2lid &#039;Tigre&#039; per donar for\u00e7a als teus cabells\" \/>\n<meta property=\"og:url\" content=\"https:\/\/herboristeriamerce.com\/es\/herboristeria-online\/cos-i-cara\/capilar\/xampu\/xampu-solid-tigre\/\" \/>\n<meta property=\"og:site_name\" content=\"Herbolari Merc\u00e8\" \/>\n<meta property=\"article:modified_time\" content=\"2025-05-23T16:44:26+00:00\" \/>\n<meta property=\"og:image\" content=\"https:\/\/herboristeriamerce.com\/wp-content\/uploads\/2025\/05\/champu-solido-tigre-fuerza.jpg\" \/>\n\t<meta property=\"og:image:width\" content=\"600\" \/>\n\t<meta property=\"og:image:height\" content=\"600\" \/>\n\t<meta property=\"og:image:type\" content=\"image\/jpeg\" \/>\n<meta name=\"twitter:card\" content=\"summary_large_image\" \/>\n<meta name=\"twitter:label1\" content=\"Tiempo de lectura\" \/>\n\t<meta name=\"twitter:data1\" content=\"2 minutos\" \/>\n<script type=\"application\/ld+json\" class=\"yoast-schema-graph\">{\"@context\":\"https:\\\/\\\/schema.org\",\"@graph\":[{\"@type\":\"WebPage\",\"@id\":\"https:\\\/\\\/herboristeriamerce.com\\\/herboristeria-online\\\/cos-i-cara\\\/capilar\\\/xampu\\\/xampu-solid-tigre\\\/\",\"url\":\"https:\\\/\\\/herboristeriamerce.com\\\/herboristeria-online\\\/cos-i-cara\\\/capilar\\\/xampu\\\/xampu-solid-tigre\\\/\",\"name\":\"Xampu s\u00f2lid Tigre - Herbolari Merc\u00e8\",\"isPartOf\":{\"@id\":\"https:\\\/\\\/herboristeriamerce.com\\\/#website\"},\"primaryImageOfPage\":{\"@id\":\"https:\\\/\\\/herboristeriamerce.com\\\/herboristeria-online\\\/cos-i-cara\\\/capilar\\\/xampu\\\/xampu-solid-tigre\\\/#primaryimage\"},\"image\":{\"@id\":\"https:\\\/\\\/herboristeriamerce.com\\\/herboristeria-online\\\/cos-i-cara\\\/capilar\\\/xampu\\\/xampu-solid-tigre\\\/#primaryimage\"},\"thumbnailUrl\":\"https:\\\/\\\/herboristeriamerce.com\\\/wp-content\\\/uploads\\\/2025\\\/05\\\/champu-solido-tigre-fuerza.jpg\",\"datePublished\":\"2025-05-03T10:41:35+00:00\",\"dateModified\":\"2025-05-23T16:44:26+00:00\",\"breadcrumb\":{\"@id\":\"https:\\\/\\\/herboristeriamerce.com\\\/herboristeria-online\\\/cos-i-cara\\\/capilar\\\/xampu\\\/xampu-solid-tigre\\\/#breadcrumb\"},\"inLanguage\":\"es\",\"potentialAction\":[{\"@type\":\"ReadAction\",\"target\":[\"https:\\\/\\\/herboristeriamerce.com\\\/herboristeria-online\\\/cos-i-cara\\\/capilar\\\/xampu\\\/xampu-solid-tigre\\\/\"]}]},{\"@type\":\"ImageObject\",\"inLanguage\":\"es\",\"@id\":\"https:\\\/\\\/herboristeriamerce.com\\\/herboristeria-online\\\/cos-i-cara\\\/capilar\\\/xampu\\\/xampu-solid-tigre\\\/#primaryimage\",\"url\":\"https:\\\/\\\/herboristeriamerce.com\\\/wp-content\\\/uploads\\\/2025\\\/05\\\/champu-solido-tigre-fuerza.jpg\",\"contentUrl\":\"https:\\\/\\\/herboristeriamerce.com\\\/wp-content\\\/uploads\\\/2025\\\/05\\\/champu-solido-tigre-fuerza.jpg\",\"width\":600,\"height\":600},{\"@type\":\"BreadcrumbList\",\"@id\":\"https:\\\/\\\/herboristeriamerce.com\\\/herboristeria-online\\\/cos-i-cara\\\/capilar\\\/xampu\\\/xampu-solid-tigre\\\/#breadcrumb\",\"itemListElement\":[{\"@type\":\"ListItem\",\"position\":1,\"name\":\"Inici\",\"item\":\"https:\\\/\\\/herboristeriamerce.com\\\/\"},{\"@type\":\"ListItem\",\"position\":2,\"name\":\"Herboristeria online\",\"item\":\"https:\\\/\\\/herboristeriamerce.com\\\/herboristeria-online\\\/\"},{\"@type\":\"ListItem\",\"position\":3,\"name\":\"Xampu s\u00f2lid Tigre\"}]},{\"@type\":\"WebSite\",\"@id\":\"https:\\\/\\\/herboristeriamerce.com\\\/#website\",\"url\":\"https:\\\/\\\/herboristeriamerce.com\\\/\",\"name\":\"Herbolari Merc\u00e8\",\"description\":\"Herbolari a Terrassa\",\"publisher\":{\"@id\":\"https:\\\/\\\/herboristeriamerce.com\\\/#organization\"},\"potentialAction\":[{\"@type\":\"SearchAction\",\"target\":{\"@type\":\"EntryPoint\",\"urlTemplate\":\"https:\\\/\\\/herboristeriamerce.com\\\/?s={search_term_string}\"},\"query-input\":{\"@type\":\"PropertyValueSpecification\",\"valueRequired\":true,\"valueName\":\"search_term_string\"}}],\"inLanguage\":\"es\"},{\"@type\":\"Organization\",\"@id\":\"https:\\\/\\\/herboristeriamerce.com\\\/#organization\",\"name\":\"Herbolari Merc\u00e8\",\"url\":\"https:\\\/\\\/herboristeriamerce.com\\\/\",\"logo\":{\"@type\":\"ImageObject\",\"inLanguage\":\"es\",\"@id\":\"https:\\\/\\\/herboristeriamerce.com\\\/#\\\/schema\\\/logo\\\/image\\\/\",\"url\":\"https:\\\/\\\/herboristeriamerce.com\\\/wp-content\\\/uploads\\\/2025\\\/04\\\/cropped-logo-herboristeria-330x168-229w.webp\",\"contentUrl\":\"https:\\\/\\\/herboristeriamerce.com\\\/wp-content\\\/uploads\\\/2025\\\/04\\\/cropped-logo-herboristeria-330x168-229w.webp\",\"width\":230,\"height\":117,\"caption\":\"Herbolari Merc\u00e8\"},\"image\":{\"@id\":\"https:\\\/\\\/herboristeriamerce.com\\\/#\\\/schema\\\/logo\\\/image\\\/\"}}]}<\/script>\n<!-- \/ Yoast SEO plugin. -->","yoast_head_json":{"title":"Xampu s\u00f2lid Tigre - Herbolari Merc\u00e8","robots":{"index":"index","follow":"follow","max-snippet":"max-snippet:-1","max-image-preview":"max-image-preview:large","max-video-preview":"max-video-preview:-1"},"canonical":"https:\/\/herboristeriamerce.com\/es\/herboristeria-online\/cos-i-cara\/capilar\/xampu\/xampu-solid-tigre\/","og_locale":"es_ES","og_type":"article","og_title":"Xampu s\u00f2lid Tigre - Herbolari Merc\u00e8","og_description":"El xamp\u00fa s\u00f2lid 'Tigre' per donar for\u00e7a als teus cabells","og_url":"https:\/\/herboristeriamerce.com\/es\/herboristeria-online\/cos-i-cara\/capilar\/xampu\/xampu-solid-tigre\/","og_site_name":"Herbolari Merc\u00e8","article_modified_time":"2025-05-23T16:44:26+00:00","og_image":[{"width":600,"height":600,"url":"https:\/\/herboristeriamerce.com\/wp-content\/uploads\/2025\/05\/champu-solido-tigre-fuerza.jpg","type":"image\/jpeg"}],"twitter_card":"summary_large_image","twitter_misc":{"Tiempo de lectura":"2 minutos"},"schema":{"@context":"https:\/\/schema.org","@graph":[{"@type":"WebPage","@id":"https:\/\/herboristeriamerce.com\/herboristeria-online\/cos-i-cara\/capilar\/xampu\/xampu-solid-tigre\/","url":"https:\/\/herboristeriamerce.com\/herboristeria-online\/cos-i-cara\/capilar\/xampu\/xampu-solid-tigre\/","name":"Xampu s\u00f2lid Tigre - Herbolari Merc\u00e8","isPartOf":{"@id":"https:\/\/herboristeriamerce.com\/#website"},"primaryImageOfPage":{"@id":"https:\/\/herboristeriamerce.com\/herboristeria-online\/cos-i-cara\/capilar\/xampu\/xampu-solid-tigre\/#primaryimage"},"image":{"@id":"https:\/\/herboristeriamerce.com\/herboristeria-online\/cos-i-cara\/capilar\/xampu\/xampu-solid-tigre\/#primaryimage"},"thumbnailUrl":"https:\/\/herboristeriamerce.com\/wp-content\/uploads\/2025\/05\/champu-solido-tigre-fuerza.jpg","datePublished":"2025-05-03T10:41:35+00:00","dateModified":"2025-05-23T16:44:26+00:00","breadcrumb":{"@id":"https:\/\/herboristeriamerce.com\/herboristeria-online\/cos-i-cara\/capilar\/xampu\/xampu-solid-tigre\/#breadcrumb"},"inLanguage":"es","potentialAction":[{"@type":"ReadAction","target":["https:\/\/herboristeriamerce.com\/herboristeria-online\/cos-i-cara\/capilar\/xampu\/xampu-solid-tigre\/"]}]},{"@type":"ImageObject","inLanguage":"es","@id":"https:\/\/herboristeriamerce.com\/herboristeria-online\/cos-i-cara\/capilar\/xampu\/xampu-solid-tigre\/#primaryimage","url":"https:\/\/herboristeriamerce.com\/wp-content\/uploads\/2025\/05\/champu-solido-tigre-fuerza.jpg","contentUrl":"https:\/\/herboristeriamerce.com\/wp-content\/uploads\/2025\/05\/champu-solido-tigre-fuerza.jpg","width":600,"height":600},{"@type":"BreadcrumbList","@id":"https:\/\/herboristeriamerce.com\/herboristeria-online\/cos-i-cara\/capilar\/xampu\/xampu-solid-tigre\/#breadcrumb","itemListElement":[{"@type":"ListItem","position":1,"name":"Inici","item":"https:\/\/herboristeriamerce.com\/"},{"@type":"ListItem","position":2,"name":"Herboristeria online","item":"https:\/\/herboristeriamerce.com\/herboristeria-online\/"},{"@type":"ListItem","position":3,"name":"Xampu s\u00f2lid Tigre"}]},{"@type":"WebSite","@id":"https:\/\/herboristeriamerce.com\/#website","url":"https:\/\/herboristeriamerce.com\/","name":"Herbolari Merc\u00e8","description":"Herbolari a Terrassa","publisher":{"@id":"https:\/\/herboristeriamerce.com\/#organization"},"potentialAction":[{"@type":"SearchAction","target":{"@type":"EntryPoint","urlTemplate":"https:\/\/herboristeriamerce.com\/?s={search_term_string}"},"query-input":{"@type":"PropertyValueSpecification","valueRequired":true,"valueName":"search_term_string"}}],"inLanguage":"es"},{"@type":"Organization","@id":"https:\/\/herboristeriamerce.com\/#organization","name":"Herbolari Merc\u00e8","url":"https:\/\/herboristeriamerce.com\/","logo":{"@type":"ImageObject","inLanguage":"es","@id":"https:\/\/herboristeriamerce.com\/#\/schema\/logo\/image\/","url":"https:\/\/herboristeriamerce.com\/wp-content\/uploads\/2025\/04\/cropped-logo-herboristeria-330x168-229w.webp","contentUrl":"https:\/\/herboristeriamerce.com\/wp-content\/uploads\/2025\/04\/cropped-logo-herboristeria-330x168-229w.webp","width":230,"height":117,"caption":"Herbolari Merc\u00e8"},"image":{"@id":"https:\/\/herboristeriamerce.com\/#\/schema\/logo\/image\/"}}]}},"_links":{"self":[{"href":"https:\/\/herboristeriamerce.com\/es\/wp-json\/wp\/v2\/product\/1212","targetHints":{"allow":["GET"]}}],"collection":[{"href":"https:\/\/herboristeriamerce.com\/es\/wp-json\/wp\/v2\/product"}],"about":[{"href":"https:\/\/herboristeriamerce.com\/es\/wp-json\/wp\/v2\/types\/product"}],"replies":[{"embeddable":true,"href":"https:\/\/herboristeriamerce.com\/es\/wp-json\/wp\/v2\/comments?post=1212"}],"wp:featuredmedia":[{"embeddable":true,"href":"https:\/\/herboristeriamerce.com\/es\/wp-json\/wp\/v2\/media\/1213"}],"wp:attachment":[{"href":"https:\/\/herboristeriamerce.com\/es\/wp-json\/wp\/v2\/media?parent=1212"}],"wp:term":[{"taxonomy":"product_brand","embeddable":true,"href":"https:\/\/herboristeriamerce.com\/es\/wp-json\/wp\/v2\/product_brand?post=1212"},{"taxonomy":"product_cat","embeddable":true,"href":"https:\/\/herboristeriamerce.com\/es\/wp-json\/wp\/v2\/product_cat?post=1212"},{"taxonomy":"product_tag","embeddable":true,"href":"https:\/\/herboristeriamerce.com\/es\/wp-json\/wp\/v2\/product_tag?post=1212"}],"curies":[{"name":"wp","href":"https:\/\/api.w.org\/{rel}","templated":true}]}}