{"id":1110,"date":"2025-05-02T17:16:07","date_gmt":"2025-05-02T17:16:07","guid":{"rendered":"https:\/\/herboristeriamerce.com\/?post_type=product&#038;p=1110"},"modified":"2025-05-28T11:33:53","modified_gmt":"2025-05-28T11:33:53","slug":"xarop-dhivern-amb-propolis","status":"publish","type":"product","link":"https:\/\/herboristeriamerce.com\/es\/herboristeria-online\/defenses-naturals\/defenses\/xarop-dhivern-amb-propolis\/","title":{"rendered":"Xarop d&#8217;hivern amb pr\u00f2polis"},"content":{"rendered":"<ul>\n<li>-89% de mel crua<\/li>\n<li>-100% d&#8217;ingredients bio<\/li>\n<li>-Suavitza les vies respirat\u00f2ries<\/li>\n<li>-Tos seca i productiva<\/li>\n<\/ul>\n<p><span class=\"Y2IQFc\" lang=\"ca\"><strong>LA RECEPTA:<\/strong> <\/span><\/p>\n<ul>\n<li><span class=\"Y2IQFc\" lang=\"ca\"><strong>mel de bosc<\/strong>*<\/span><\/li>\n<li><span class=\"Y2IQFc\" lang=\"ca\"><strong>mel d&#8217;ac\u00e0cia<\/strong>*<\/span><\/li>\n<li><span class=\"Y2IQFc\" lang=\"ca\"><strong>vinagre de sidra<\/strong>* (suc de poma*, aigua, mel*, llevat)<\/span><\/li>\n<li><span class=\"Y2IQFc\" lang=\"ca\">extracte de p<strong>r\u00f2polis negre<\/strong>* 5% (aiguardent*, aigua, pr\u00f2polis* de la nostra terra)<\/span><\/li>\n<li><span class=\"Y2IQFc\" lang=\"ca\">maceraci\u00f3 alcoh\u00f2lica de plantes* (<strong>aiguardent*, s\u00e0lvia*,<\/strong><\/span><span class=\"Y2IQFc\" lang=\"ca\" style=\"font-size: 16px;\"><strong>, farigola*, lavanda<\/strong>*)<\/span><span class=\"Y2IQFc\" lang=\"ca\"> Alc. 5,2% vol. <\/span><\/li>\n<\/ul>\n<p><span class=\"Y2IQFc\" lang=\"ca\">*ingredients procedents de l&#8217;Agricultura Ecol\u00f2gica. <\/span><\/p>\n<p><span class=\"Y2IQFc\" lang=\"ca\">Certificat per FR BIO-10.<\/span><\/p>\n<div class=\"col-md-3\">\n<div>\n<pre id=\"tw-target-text\" class=\"tw-data-text tw-text-large tw-ta\" dir=\"ltr\" data-placeholder=\"Traducci\u00f3\" data-ved=\"2ahUKEwiCr6fQ-4SNAxVEVKQEHdC5JfYQ3ewLegQICBAV\" aria-label=\"Text tradu\u00eft: LA RECEPTAmel de bosc*, mel d'ac\u00e0cia*, vinagre de sidra* (suc de poma*, aigua, mel*, llevat), extracte de pr\u00f2polis negre* 5% (aiguardent*, aigua, pr\u00f2polis* de la nostra terra), maceraci\u00f3 alcoh\u00f2lica de plantes* (aiguardent*, s\u00e0lvia*, Alc. 5,2% vol.*ingredients procedents de l'Agricultura Ecol\u00f2gica. Certificat per FR BIO-10.\"><\/pre>\n<\/div>\n<div class=\"col-md-3\"><\/div>\n<div class=\"col-md-3\"><\/div>\n<div class=\"col-md-3\"><\/div>\n<div class=\"col-md-3\"><\/div>\n<\/div>","protected":false},"excerpt":{"rendered":"<p><span class=\"Y2IQFc\" lang=\"ca\">Xarop bio calmant amb mel silvestre, pr\u00f2polis negre de la nostra terra i vinagre de sidra de poma ecol\u00f2gic. Cuida de tu des dels primers s\u00edmptomes de refredat.<\/span><\/p>","protected":false},"featured_media":1113,"comment_status":"open","ping_status":"closed","template":"","meta":{"site-sidebar-layout":"default","site-content-layout":"","ast-site-content-layout":"default","site-content-style":"default","site-sidebar-style":"default","ast-global-header-display":"","ast-banner-title-visibility":"","ast-main-header-display":"","ast-hfb-above-header-display":"","ast-hfb-below-header-display":"","ast-hfb-mobile-header-display":"","site-post-title":"","ast-breadcrumbs-content":"","ast-featured-img":"","footer-sml-layout":"","ast-disable-related-posts":"","theme-transparent-header-meta":"default","adv-header-id-meta":"","stick-header-meta":"","header-above-stick-meta":"","header-main-stick-meta":"","header-below-stick-meta":"","astra-migrate-meta-layouts":"set","ast-page-background-enabled":"default","ast-page-background-meta":{"desktop":{"background-color":"var(--ast-global-color-4)","background-image":"","background-repeat":"repeat","background-position":"center center","background-size":"auto","background-attachment":"scroll","background-type":"","background-media":"","overlay-type":"","overlay-color":"","overlay-opacity":"","overlay-gradient":""},"tablet":{"background-color":"","background-image":"","background-repeat":"repeat","background-position":"center center","background-size":"auto","background-attachment":"scroll","background-type":"","background-media":"","overlay-type":"","overlay-color":"","overlay-opacity":"","overlay-gradient":""},"mobile":{"background-color":"","background-image":"","background-repeat":"repeat","background-position":"center center","background-size":"auto","background-attachment":"scroll","background-type":"","background-media":"","overlay-type":"","overlay-color":"","overlay-opacity":"","overlay-gradient":""}},"ast-content-background-meta":{"desktop":{"background-color":"var(--ast-global-color-5)","background-image":"","background-repeat":"repeat","background-position":"center center","background-size":"auto","background-attachment":"scroll","background-type":"","background-media":"","overlay-type":"","overlay-color":"","overlay-opacity":"","overlay-gradient":""},"tablet":{"background-color":"var(--ast-global-color-5)","background-image":"","background-repeat":"repeat","background-position":"center center","background-size":"auto","background-attachment":"scroll","background-type":"","background-media":"","overlay-type":"","overlay-color":"","overlay-opacity":"","overlay-gradient":""},"mobile":{"background-color":"var(--ast-global-color-5)","background-image":"","background-repeat":"repeat","background-position":"center center","background-size":"auto","background-attachment":"scroll","background-type":"","background-media":"","overlay-type":"","overlay-color":"","overlay-opacity":"","overlay-gradient":""}}},"product_brand":[32],"product_cat":[128,21],"product_tag":[],"class_list":{"0":"post-1110","1":"product","2":"type-product","3":"status-publish","4":"has-post-thumbnail","6":"product_brand-ballot-flurin","7":"product_cat-defenses","8":"product_cat-defenses-naturals","9":"desktop-align-left","10":"tablet-align-left","11":"mobile-align-left","13":"first","14":"instock","15":"taxable","16":"shipping-taxable","17":"purchasable","18":"product-type-simple"},"yoast_head":"<!-- This site is optimized with the Yoast SEO plugin v27.5 - https:\/\/yoast.com\/product\/yoast-seo-wordpress\/ -->\n<title>Xarop d&#039;hivern amb pr\u00f2polis - Herbolari Merc\u00e8<\/title>\n<meta name=\"robots\" content=\"index, follow, max-snippet:-1, max-image-preview:large, max-video-preview:-1\" \/>\n<link rel=\"canonical\" href=\"https:\/\/herboristeriamerce.com\/es\/herboristeria-online\/defenses-naturals\/defenses\/xarop-dhivern-amb-propolis\/\" \/>\n<meta property=\"og:locale\" content=\"es_ES\" \/>\n<meta property=\"og:type\" content=\"article\" \/>\n<meta property=\"og:title\" content=\"Xarop d&#039;hivern amb pr\u00f2polis - Herbolari Merc\u00e8\" \/>\n<meta property=\"og:description\" content=\"Xarop bio calmant amb mel silvestre, pr\u00f2polis negre de la nostra terra i vinagre de sidra de poma ecol\u00f2gic. Cuida de tu des dels primers s\u00edmptomes de refredat.\" \/>\n<meta property=\"og:url\" content=\"https:\/\/herboristeriamerce.com\/es\/herboristeria-online\/defenses-naturals\/defenses\/xarop-dhivern-amb-propolis\/\" \/>\n<meta property=\"og:site_name\" content=\"Herbolari Merc\u00e8\" \/>\n<meta property=\"article:modified_time\" content=\"2025-05-28T11:33:53+00:00\" \/>\n<meta property=\"og:image\" content=\"https:\/\/herboristeriamerce.com\/wp-content\/uploads\/2025\/05\/jarabe-de-invierno-con-propoleo-de-nuestra-tierra.webp\" \/>\n\t<meta property=\"og:image:width\" content=\"600\" \/>\n\t<meta property=\"og:image:height\" content=\"600\" \/>\n\t<meta property=\"og:image:type\" content=\"image\/webp\" \/>\n<meta name=\"twitter:card\" content=\"summary_large_image\" \/>\n<meta name=\"twitter:label1\" content=\"Tiempo de lectura\" \/>\n\t<meta name=\"twitter:data1\" content=\"1 minuto\" \/>\n<script type=\"application\/ld+json\" class=\"yoast-schema-graph\">{\"@context\":\"https:\\\/\\\/schema.org\",\"@graph\":[{\"@type\":\"WebPage\",\"@id\":\"https:\\\/\\\/herboristeriamerce.com\\\/herboristeria-online\\\/defenses-naturals\\\/defenses\\\/xarop-dhivern-amb-propolis\\\/\",\"url\":\"https:\\\/\\\/herboristeriamerce.com\\\/herboristeria-online\\\/defenses-naturals\\\/defenses\\\/xarop-dhivern-amb-propolis\\\/\",\"name\":\"Xarop d'hivern amb pr\u00f2polis - Herbolari Merc\u00e8\",\"isPartOf\":{\"@id\":\"https:\\\/\\\/herboristeriamerce.com\\\/#website\"},\"primaryImageOfPage\":{\"@id\":\"https:\\\/\\\/herboristeriamerce.com\\\/herboristeria-online\\\/defenses-naturals\\\/defenses\\\/xarop-dhivern-amb-propolis\\\/#primaryimage\"},\"image\":{\"@id\":\"https:\\\/\\\/herboristeriamerce.com\\\/herboristeria-online\\\/defenses-naturals\\\/defenses\\\/xarop-dhivern-amb-propolis\\\/#primaryimage\"},\"thumbnailUrl\":\"https:\\\/\\\/herboristeriamerce.com\\\/wp-content\\\/uploads\\\/2025\\\/05\\\/jarabe-de-invierno-con-propoleo-de-nuestra-tierra.webp\",\"datePublished\":\"2025-05-02T17:16:07+00:00\",\"dateModified\":\"2025-05-28T11:33:53+00:00\",\"breadcrumb\":{\"@id\":\"https:\\\/\\\/herboristeriamerce.com\\\/herboristeria-online\\\/defenses-naturals\\\/defenses\\\/xarop-dhivern-amb-propolis\\\/#breadcrumb\"},\"inLanguage\":\"es\",\"potentialAction\":[{\"@type\":\"ReadAction\",\"target\":[\"https:\\\/\\\/herboristeriamerce.com\\\/herboristeria-online\\\/defenses-naturals\\\/defenses\\\/xarop-dhivern-amb-propolis\\\/\"]}]},{\"@type\":\"ImageObject\",\"inLanguage\":\"es\",\"@id\":\"https:\\\/\\\/herboristeriamerce.com\\\/herboristeria-online\\\/defenses-naturals\\\/defenses\\\/xarop-dhivern-amb-propolis\\\/#primaryimage\",\"url\":\"https:\\\/\\\/herboristeriamerce.com\\\/wp-content\\\/uploads\\\/2025\\\/05\\\/jarabe-de-invierno-con-propoleo-de-nuestra-tierra.webp\",\"contentUrl\":\"https:\\\/\\\/herboristeriamerce.com\\\/wp-content\\\/uploads\\\/2025\\\/05\\\/jarabe-de-invierno-con-propoleo-de-nuestra-tierra.webp\",\"width\":600,\"height\":600},{\"@type\":\"BreadcrumbList\",\"@id\":\"https:\\\/\\\/herboristeriamerce.com\\\/herboristeria-online\\\/defenses-naturals\\\/defenses\\\/xarop-dhivern-amb-propolis\\\/#breadcrumb\",\"itemListElement\":[{\"@type\":\"ListItem\",\"position\":1,\"name\":\"Inici\",\"item\":\"https:\\\/\\\/herboristeriamerce.com\\\/\"},{\"@type\":\"ListItem\",\"position\":2,\"name\":\"Herboristeria online\",\"item\":\"https:\\\/\\\/herboristeriamerce.com\\\/herboristeria-online\\\/\"},{\"@type\":\"ListItem\",\"position\":3,\"name\":\"Xarop d&#8217;hivern amb pr\u00f2polis\"}]},{\"@type\":\"WebSite\",\"@id\":\"https:\\\/\\\/herboristeriamerce.com\\\/#website\",\"url\":\"https:\\\/\\\/herboristeriamerce.com\\\/\",\"name\":\"Herbolari Merc\u00e8\",\"description\":\"Herbolari a Terrassa\",\"publisher\":{\"@id\":\"https:\\\/\\\/herboristeriamerce.com\\\/#organization\"},\"potentialAction\":[{\"@type\":\"SearchAction\",\"target\":{\"@type\":\"EntryPoint\",\"urlTemplate\":\"https:\\\/\\\/herboristeriamerce.com\\\/?s={search_term_string}\"},\"query-input\":{\"@type\":\"PropertyValueSpecification\",\"valueRequired\":true,\"valueName\":\"search_term_string\"}}],\"inLanguage\":\"es\"},{\"@type\":\"Organization\",\"@id\":\"https:\\\/\\\/herboristeriamerce.com\\\/#organization\",\"name\":\"Herbolari Merc\u00e8\",\"url\":\"https:\\\/\\\/herboristeriamerce.com\\\/\",\"logo\":{\"@type\":\"ImageObject\",\"inLanguage\":\"es\",\"@id\":\"https:\\\/\\\/herboristeriamerce.com\\\/#\\\/schema\\\/logo\\\/image\\\/\",\"url\":\"https:\\\/\\\/herboristeriamerce.com\\\/wp-content\\\/uploads\\\/2025\\\/04\\\/cropped-logo-herboristeria-330x168-229w.webp\",\"contentUrl\":\"https:\\\/\\\/herboristeriamerce.com\\\/wp-content\\\/uploads\\\/2025\\\/04\\\/cropped-logo-herboristeria-330x168-229w.webp\",\"width\":230,\"height\":117,\"caption\":\"Herbolari Merc\u00e8\"},\"image\":{\"@id\":\"https:\\\/\\\/herboristeriamerce.com\\\/#\\\/schema\\\/logo\\\/image\\\/\"}}]}<\/script>\n<!-- \/ Yoast SEO plugin. -->","yoast_head_json":{"title":"Xarop d'hivern amb pr\u00f2polis - Herbolari Merc\u00e8","robots":{"index":"index","follow":"follow","max-snippet":"max-snippet:-1","max-image-preview":"max-image-preview:large","max-video-preview":"max-video-preview:-1"},"canonical":"https:\/\/herboristeriamerce.com\/es\/herboristeria-online\/defenses-naturals\/defenses\/xarop-dhivern-amb-propolis\/","og_locale":"es_ES","og_type":"article","og_title":"Xarop d'hivern amb pr\u00f2polis - Herbolari Merc\u00e8","og_description":"Xarop bio calmant amb mel silvestre, pr\u00f2polis negre de la nostra terra i vinagre de sidra de poma ecol\u00f2gic. Cuida de tu des dels primers s\u00edmptomes de refredat.","og_url":"https:\/\/herboristeriamerce.com\/es\/herboristeria-online\/defenses-naturals\/defenses\/xarop-dhivern-amb-propolis\/","og_site_name":"Herbolari Merc\u00e8","article_modified_time":"2025-05-28T11:33:53+00:00","og_image":[{"width":600,"height":600,"url":"https:\/\/herboristeriamerce.com\/wp-content\/uploads\/2025\/05\/jarabe-de-invierno-con-propoleo-de-nuestra-tierra.webp","type":"image\/webp"}],"twitter_card":"summary_large_image","twitter_misc":{"Tiempo de lectura":"1 minuto"},"schema":{"@context":"https:\/\/schema.org","@graph":[{"@type":"WebPage","@id":"https:\/\/herboristeriamerce.com\/herboristeria-online\/defenses-naturals\/defenses\/xarop-dhivern-amb-propolis\/","url":"https:\/\/herboristeriamerce.com\/herboristeria-online\/defenses-naturals\/defenses\/xarop-dhivern-amb-propolis\/","name":"Xarop d'hivern amb pr\u00f2polis - Herbolari Merc\u00e8","isPartOf":{"@id":"https:\/\/herboristeriamerce.com\/#website"},"primaryImageOfPage":{"@id":"https:\/\/herboristeriamerce.com\/herboristeria-online\/defenses-naturals\/defenses\/xarop-dhivern-amb-propolis\/#primaryimage"},"image":{"@id":"https:\/\/herboristeriamerce.com\/herboristeria-online\/defenses-naturals\/defenses\/xarop-dhivern-amb-propolis\/#primaryimage"},"thumbnailUrl":"https:\/\/herboristeriamerce.com\/wp-content\/uploads\/2025\/05\/jarabe-de-invierno-con-propoleo-de-nuestra-tierra.webp","datePublished":"2025-05-02T17:16:07+00:00","dateModified":"2025-05-28T11:33:53+00:00","breadcrumb":{"@id":"https:\/\/herboristeriamerce.com\/herboristeria-online\/defenses-naturals\/defenses\/xarop-dhivern-amb-propolis\/#breadcrumb"},"inLanguage":"es","potentialAction":[{"@type":"ReadAction","target":["https:\/\/herboristeriamerce.com\/herboristeria-online\/defenses-naturals\/defenses\/xarop-dhivern-amb-propolis\/"]}]},{"@type":"ImageObject","inLanguage":"es","@id":"https:\/\/herboristeriamerce.com\/herboristeria-online\/defenses-naturals\/defenses\/xarop-dhivern-amb-propolis\/#primaryimage","url":"https:\/\/herboristeriamerce.com\/wp-content\/uploads\/2025\/05\/jarabe-de-invierno-con-propoleo-de-nuestra-tierra.webp","contentUrl":"https:\/\/herboristeriamerce.com\/wp-content\/uploads\/2025\/05\/jarabe-de-invierno-con-propoleo-de-nuestra-tierra.webp","width":600,"height":600},{"@type":"BreadcrumbList","@id":"https:\/\/herboristeriamerce.com\/herboristeria-online\/defenses-naturals\/defenses\/xarop-dhivern-amb-propolis\/#breadcrumb","itemListElement":[{"@type":"ListItem","position":1,"name":"Inici","item":"https:\/\/herboristeriamerce.com\/"},{"@type":"ListItem","position":2,"name":"Herboristeria online","item":"https:\/\/herboristeriamerce.com\/herboristeria-online\/"},{"@type":"ListItem","position":3,"name":"Xarop d&#8217;hivern amb pr\u00f2polis"}]},{"@type":"WebSite","@id":"https:\/\/herboristeriamerce.com\/#website","url":"https:\/\/herboristeriamerce.com\/","name":"Herbolari Merc\u00e8","description":"Herbolari a Terrassa","publisher":{"@id":"https:\/\/herboristeriamerce.com\/#organization"},"potentialAction":[{"@type":"SearchAction","target":{"@type":"EntryPoint","urlTemplate":"https:\/\/herboristeriamerce.com\/?s={search_term_string}"},"query-input":{"@type":"PropertyValueSpecification","valueRequired":true,"valueName":"search_term_string"}}],"inLanguage":"es"},{"@type":"Organization","@id":"https:\/\/herboristeriamerce.com\/#organization","name":"Herbolari Merc\u00e8","url":"https:\/\/herboristeriamerce.com\/","logo":{"@type":"ImageObject","inLanguage":"es","@id":"https:\/\/herboristeriamerce.com\/#\/schema\/logo\/image\/","url":"https:\/\/herboristeriamerce.com\/wp-content\/uploads\/2025\/04\/cropped-logo-herboristeria-330x168-229w.webp","contentUrl":"https:\/\/herboristeriamerce.com\/wp-content\/uploads\/2025\/04\/cropped-logo-herboristeria-330x168-229w.webp","width":230,"height":117,"caption":"Herbolari Merc\u00e8"},"image":{"@id":"https:\/\/herboristeriamerce.com\/#\/schema\/logo\/image\/"}}]}},"_links":{"self":[{"href":"https:\/\/herboristeriamerce.com\/es\/wp-json\/wp\/v2\/product\/1110","targetHints":{"allow":["GET"]}}],"collection":[{"href":"https:\/\/herboristeriamerce.com\/es\/wp-json\/wp\/v2\/product"}],"about":[{"href":"https:\/\/herboristeriamerce.com\/es\/wp-json\/wp\/v2\/types\/product"}],"replies":[{"embeddable":true,"href":"https:\/\/herboristeriamerce.com\/es\/wp-json\/wp\/v2\/comments?post=1110"}],"wp:featuredmedia":[{"embeddable":true,"href":"https:\/\/herboristeriamerce.com\/es\/wp-json\/wp\/v2\/media\/1113"}],"wp:attachment":[{"href":"https:\/\/herboristeriamerce.com\/es\/wp-json\/wp\/v2\/media?parent=1110"}],"wp:term":[{"taxonomy":"product_brand","embeddable":true,"href":"https:\/\/herboristeriamerce.com\/es\/wp-json\/wp\/v2\/product_brand?post=1110"},{"taxonomy":"product_cat","embeddable":true,"href":"https:\/\/herboristeriamerce.com\/es\/wp-json\/wp\/v2\/product_cat?post=1110"},{"taxonomy":"product_tag","embeddable":true,"href":"https:\/\/herboristeriamerce.com\/es\/wp-json\/wp\/v2\/product_tag?post=1110"}],"curies":[{"name":"wp","href":"https:\/\/api.w.org\/{rel}","templated":true}]}}