{"id":1096,"date":"2025-05-02T16:34:06","date_gmt":"2025-05-02T16:34:06","guid":{"rendered":"https:\/\/herboristeriamerce.com\/?post_type=product&#038;p=1096"},"modified":"2025-07-08T15:13:45","modified_gmt":"2025-07-08T15:13:45","slug":"cuidat-cada-dia-amb-omega-3-6-9","status":"publish","type":"product","link":"https:\/\/herboristeriamerce.com\/es\/herboristeria-online\/cos-i-cara\/facial\/nutricosmetica\/cuidat-cada-dia-amb-omega-3-6-9\/","title":{"rendered":"Oleatonic Metabolic"},"content":{"rendered":"<p data-start=\"0\" data-end=\"112\"><strong data-start=\"73\" data-end=\"96\">OleaTonic Metab\u00f2lic<\/strong> \u00e9s un complement natural formulat per afavorir el metabolisme dels l\u00edpids, especialment a nivell cutani, i per contribuir a l&#8217;equilibri de la pell. Cuida&#8217;t cada dia amb Omega 3-6-9 ja que aquest suplement destaca per la seva combinaci\u00f3 d&#8217;olis vegetals de primera pressi\u00f3 en fred i licop\u00e8, proporcionant un equilibri ideal d&#8217;\u00e0cids grassos Omega 3, 6 i 9. \u00c9s l\u2019aliat perfecte per a un equilibri Omega 3-6-9 per la teva salut di\u00e0ria.<\/p>\n<h3 data-start=\"114\" data-end=\"143\">\ud83e\uddea Composici\u00f3 i beneficis<\/h3>\n<p data-start=\"145\" data-end=\"221\"><span class=\"relative -mx-px my-[-0.2rem] rounded px-px py-[0.2rem] transition-colors duration-100 ease-in-out\">La sinergia dels seus components \u2014oli d&#8217;onagra, oli verge de borraja, oli d&#8217;alvocat, oli de soja sense OGM, oli de pastanaga i licop\u00e8 (macerat oli\u00f3s de tom\u00e0quet)\u2014 ofereix diversos beneficis:<\/span><\/p>\n<ul data-start=\"223\" data-end=\"467\">\n<li data-start=\"223\" data-end=\"293\">\n<p data-start=\"225\" data-end=\"293\"><strong data-start=\"225\" data-end=\"253\">En primer lloc: <\/strong><span class=\"relative -mx-px my-[-0.2rem] rounded px-px py-[0.2rem] transition-colors duration-100 ease-in-out\">Afavoreix el metabolisme dels l\u00edpids a nivell cutani.<\/span><\/p>\n<\/li>\n<li data-start=\"294\" data-end=\"360\">\n<p data-start=\"296\" data-end=\"360\"><strong data-start=\"296\" data-end=\"320\">En segon lloc:<\/strong> <span class=\"relative -mx-px my-[-0.2rem] rounded px-px py-[0.2rem] transition-colors duration-100 ease-in-out\">Ajuda a augmentar els nivells de colesterol HDL.<\/span><\/p>\n<\/li>\n<li data-start=\"361\" data-end=\"467\">\n<p data-start=\"363\" data-end=\"467\"><strong data-start=\"363\" data-end=\"388\">I finalment:<\/strong>\u00a0<span class=\"relative -mx-px my-[-0.2rem] rounded px-px py-[0.2rem] transition-colors duration-100 ease-in-out\">Contribueix a mantenir una pell saludable i equilibrada.<\/span><\/p>\n<\/li>\n<\/ul>\n<p data-start=\"469\" data-end=\"547\"><span class=\"relative -mx-px my-[-0.2rem] rounded px-px py-[0.2rem] transition-colors duration-100 ease-in-out\">A m\u00e9s a m\u00e9s com a complement d&#8217;un r\u00e8gim hipocolesterolemiant o despr\u00e9s d&#8217;excessos alimentaris, i prepara la pell per a les exposicions solars, ajudant-te aix\u00ed a mantenir un veritable equilibri Omega 3-6-9 per la teva salut di\u00e0ria.<\/span><\/p>\n<h3 data-start=\"549\" data-end=\"574\">\ud83e\uddf4 Recomanacions d&#8217;\u00fas<\/h3>\n<p data-start=\"576\" data-end=\"694\"><span class=\"relative -mx-px my-[-0.2rem] rounded px-px py-[0.2rem] transition-colors duration-100 ease-in-out\">Es recomana una rutina de 30 dies, prenent 2 c\u00e0psules al dia amb un got d&#8217;aigua, preferiblement entre les menjades.<\/span> <span class=\"relative -mx-px my-[-0.2rem] rounded px-px py-[0.2rem] transition-colors duration-100 ease-in-out\">Aquest suplement \u00e9s apte per a persones que busquen:<\/span><\/p>\n<ul data-start=\"696\" data-end=\"818\">\n<li data-start=\"696\" data-end=\"737\">\n<p data-start=\"698\" data-end=\"737\"><span class=\"relative -mx-px my-[-0.2rem] rounded px-px py-[0.2rem] transition-colors duration-100 ease-in-out\">Millorar el metabolisme dels l\u00edpids.<\/span><\/p>\n<\/li>\n<li data-start=\"738\" data-end=\"818\">\n<p data-start=\"740\" data-end=\"818\"><span class=\"relative -mx-px my-[-0.2rem] rounded px-px py-[0.2rem] transition-colors duration-100 ease-in-out\">Oferir suport en casos de s\u00edndromes premenstruals.<\/span><\/p>\n<\/li>\n<\/ul>\n<h3 data-start=\"820\" data-end=\"838\">\u26a0\ufe0f Precaucions<\/h3>\n<ul data-start=\"840\" data-end=\"1088\">\n<li data-start=\"840\" data-end=\"881\">\n<p data-start=\"842\" data-end=\"881\"><span class=\"relative -mx-px my-[-0.2rem] rounded px-px py-[0.2rem] transition-colors duration-100 ease-in-out\">Consumir dins d&#8217;una alimentaci\u00f3 variada i equilibrada i un estil de vida saludable.<\/span><\/p>\n<\/li>\n<li data-start=\"882\" data-end=\"923\">\n<p data-start=\"884\" data-end=\"923\"><span class=\"relative -mx-px my-[-0.2rem] rounded px-px py-[0.2rem] transition-colors duration-100 ease-in-out\">Mantenir fora de l&#8217;abast dels nens i protegir de la calor, la humitat i la llum.<\/span><\/p>\n<\/li>\n<li data-start=\"924\" data-end=\"965\">\n<p data-start=\"926\" data-end=\"965\"><span class=\"relative -mx-px my-[-0.2rem] rounded px-px py-[0.2rem] transition-colors duration-100 ease-in-out\">No sobrepassar la dosi di\u00e0ria recomanada.<\/span><\/p>\n<\/li>\n<li data-start=\"966\" data-end=\"1007\">\n<p data-start=\"968\" data-end=\"1007\"><span class=\"relative -mx-px my-[-0.2rem] rounded px-px py-[0.2rem] transition-colors duration-100 ease-in-out\">Cont\u00e9 al\u00b7l\u00e8rgens (peix i soja).<\/span><\/p>\n<\/li>\n<li data-start=\"1008\" data-end=\"1088\">\n<p data-start=\"1010\" data-end=\"1088\"><span class=\"relative -mx-px my-[-0.2rem] rounded px-px py-[0.2rem] transition-colors duration-100 ease-in-out\">No es recomana per a dones amb antecedents personals o familiars de c\u00e0ncer de mama.<\/span><\/p>\n<\/li>\n<\/ul>\n<p data-start=\"1090\" data-end=\"1209\"><span class=\"relative -mx-px my-[-0.2rem] rounded px-px py-[0.2rem] transition-colors duration-100 ease-in-out\">Per a m\u00e9s informaci\u00f3, pots consultar el lloc web oficial del producte:<\/span> <span class=\"\" data-state=\"closed\"><span class=\"ms-1 inline-flex max-w-full items-center relative top-[-0.094rem] animate-[show_150ms_ease-in]\"><a class=\"flex h-4.5 overflow-hidden rounded-xl px-2 text-[9px] font-medium text-token-text-secondary! bg-[#F4F4F4]! dark:bg-[#303030]! transition-colors duration-150 ease-in-out\" href=\"https:\/\/www.laboratoiresactiva.com\/vn\/human-structure-oleatonic-metabolic\/?utm_source=chatgpt.com\" target=\"_blank\" rel=\"noopener\"><span class=\"relative start-0 bottom-0 flex h-full w-full items-center\"><span class=\"flex h-4 w-full items-center justify-between overflow-hidden\"><span class=\"max-w-full grow truncate overflow-hidden text-center\">laboratoiresactiva.com<\/span><\/span><\/span><\/a><\/span><\/span>.<\/p>\n<p><strong>Presentaci\u00f3:<\/strong><\/p>\n<p><span class=\"Y2IQFc\" lang=\"ca\">60 c\u00e0psules al blister.<\/span><\/p>\n<div id=\"product-description-short-567\">\n<table cellspacing=\"0\" cellpadding=\"0\">\n<tbody>\n<tr>\n<td><img decoding=\"async\" src=\"https:\/\/fr.activastore.com\/img\/cms\/Pictos%20fiche%20produit\/icon-femmes-enceintes-allaitantes.png\" alt=\"icon-femmes-enceintes-allaitantes.png\" width=\"100\" height=\"100\" \/><\/td>\n<td><img decoding=\"async\" src=\"https:\/\/fr.activastore.com\/img\/cms\/Pictos%20fiche%20produit\/icon-enfants-3-ans.png\" alt=\"icon_extraits.png\" width=\"100\" height=\"100\" \/><\/td>\n<\/tr>\n<tr>\n<td>Dones embarassades i lactants<\/td>\n<td>Nens a partir de 3 anys<\/td>\n<\/tr>\n<\/tbody>\n<\/table>\n<p>&nbsp;<\/p>\n<\/div>\n<section class=\"product-features\">\u00a0<\/section>\n<p>&nbsp;<\/p>\n<p>&nbsp;<\/p>\n<p>&nbsp;<\/p>\n<p>&nbsp;<\/p>\n<p>&nbsp;<\/p>","protected":false},"excerpt":{"rendered":"<p><span class=\"Y2IQFc\" lang=\"ca\">Aportaci\u00f3 de l\u00edpids que afavoreix el metabolisme, sobretot a nivell cutani. <\/span><\/p>\n<p><span class=\"Y2IQFc\" lang=\"ca\">Actius: Oli d&#8217;Onagra, oli de Borraja, oli d&#8217;Alvocat, oli de soja refinat, oli essencial de Pastanaga.<\/span><\/p>","protected":false},"featured_media":1097,"comment_status":"open","ping_status":"closed","template":"","meta":{"site-sidebar-layout":"default","site-content-layout":"","ast-site-content-layout":"default","site-content-style":"default","site-sidebar-style":"default","ast-global-header-display":"","ast-banner-title-visibility":"","ast-main-header-display":"","ast-hfb-above-header-display":"","ast-hfb-below-header-display":"","ast-hfb-mobile-header-display":"","site-post-title":"","ast-breadcrumbs-content":"","ast-featured-img":"","footer-sml-layout":"","ast-disable-related-posts":"","theme-transparent-header-meta":"default","adv-header-id-meta":"","stick-header-meta":"","header-above-stick-meta":"","header-main-stick-meta":"","header-below-stick-meta":"","astra-migrate-meta-layouts":"set","ast-page-background-enabled":"default","ast-page-background-meta":{"desktop":{"background-color":"var(--ast-global-color-4)","background-image":"","background-repeat":"repeat","background-position":"center center","background-size":"auto","background-attachment":"scroll","background-type":"","background-media":"","overlay-type":"","overlay-color":"","overlay-opacity":"","overlay-gradient":""},"tablet":{"background-color":"","background-image":"","background-repeat":"repeat","background-position":"center center","background-size":"auto","background-attachment":"scroll","background-type":"","background-media":"","overlay-type":"","overlay-color":"","overlay-opacity":"","overlay-gradient":""},"mobile":{"background-color":"","background-image":"","background-repeat":"repeat","background-position":"center center","background-size":"auto","background-attachment":"scroll","background-type":"","background-media":"","overlay-type":"","overlay-color":"","overlay-opacity":"","overlay-gradient":""}},"ast-content-background-meta":{"desktop":{"background-color":"var(--ast-global-color-5)","background-image":"","background-repeat":"repeat","background-position":"center center","background-size":"auto","background-attachment":"scroll","background-type":"","background-media":"","overlay-type":"","overlay-color":"","overlay-opacity":"","overlay-gradient":""},"tablet":{"background-color":"var(--ast-global-color-5)","background-image":"","background-repeat":"repeat","background-position":"center center","background-size":"auto","background-attachment":"scroll","background-type":"","background-media":"","overlay-type":"","overlay-color":"","overlay-opacity":"","overlay-gradient":""},"mobile":{"background-color":"var(--ast-global-color-5)","background-image":"","background-repeat":"repeat","background-position":"center center","background-size":"auto","background-attachment":"scroll","background-type":"","background-media":"","overlay-type":"","overlay-color":"","overlay-opacity":"","overlay-gradient":""}}},"product_brand":[19],"product_cat":[74,111,43,120],"product_tag":[176,175,174],"class_list":{"0":"post-1096","1":"product","2":"type-product","3":"status-publish","4":"has-post-thumbnail","6":"product_brand-activa","7":"product_cat-cardiovascular","8":"product_cat-nutricosmetica","9":"product_cat-circulacio","10":"product_cat-solar","11":"product_tag-3-anys","12":"product_tag-lactants","13":"product_tag-embarassada","14":"desktop-align-left","15":"tablet-align-left","16":"mobile-align-left","18":"first","19":"instock","20":"taxable","21":"shipping-taxable","22":"purchasable","23":"product-type-simple"},"yoast_head":"<!-- This site is optimized with the Yoast SEO plugin v27.5 - https:\/\/yoast.com\/product\/yoast-seo-wordpress\/ -->\n<title>Oleatonic Metabolic - Cuida&#039;t cada dia amb Omega 3-6-9<\/title>\n<meta name=\"description\" content=\"Cuida&#039;t cada dia amb Omega 3-6-9. OleaTonic Metab\u00f2lic afavoreix el metabolisme dels l\u00edpids i mant\u00e9 la pell sana i equilibrada.\" \/>\n<meta name=\"robots\" content=\"index, follow, max-snippet:-1, max-image-preview:large, max-video-preview:-1\" \/>\n<link rel=\"canonical\" href=\"https:\/\/herboristeriamerce.com\/es\/herboristeria-online\/cos-i-cara\/facial\/nutricosmetica\/cuidat-cada-dia-amb-omega-3-6-9\/\" \/>\n<meta property=\"og:locale\" content=\"es_ES\" \/>\n<meta property=\"og:type\" content=\"article\" \/>\n<meta property=\"og:title\" content=\"Oleatonic Metabolic - Cuida&#039;t cada dia amb Omega 3-6-9\" \/>\n<meta property=\"og:description\" content=\"Cuida&#039;t cada dia amb Omega 3-6-9. OleaTonic Metab\u00f2lic afavoreix el metabolisme dels l\u00edpids i mant\u00e9 la pell sana i equilibrada.\" \/>\n<meta property=\"og:url\" content=\"https:\/\/herboristeriamerce.com\/es\/herboristeria-online\/cos-i-cara\/facial\/nutricosmetica\/cuidat-cada-dia-amb-omega-3-6-9\/\" \/>\n<meta property=\"og:site_name\" content=\"Herbolari Merc\u00e8\" \/>\n<meta property=\"article:modified_time\" content=\"2025-07-08T15:13:45+00:00\" \/>\n<meta property=\"og:image\" content=\"https:\/\/herboristeriamerce.com\/wp-content\/uploads\/2025\/05\/activa-oleatonic-metabolico.png\" \/>\n\t<meta property=\"og:image:width\" content=\"600\" \/>\n\t<meta property=\"og:image:height\" content=\"572\" \/>\n\t<meta property=\"og:image:type\" content=\"image\/png\" \/>\n<meta name=\"twitter:card\" content=\"summary_large_image\" \/>\n<meta name=\"twitter:label1\" content=\"Tiempo de lectura\" \/>\n\t<meta name=\"twitter:data1\" content=\"3 minutos\" \/>\n<script type=\"application\/ld+json\" class=\"yoast-schema-graph\">{\"@context\":\"https:\\\/\\\/schema.org\",\"@graph\":[{\"@type\":\"WebPage\",\"@id\":\"https:\\\/\\\/herboristeriamerce.com\\\/herboristeria-online\\\/cos-i-cara\\\/facial\\\/nutricosmetica\\\/cuidat-cada-dia-amb-omega-3-6-9\\\/\",\"url\":\"https:\\\/\\\/herboristeriamerce.com\\\/herboristeria-online\\\/cos-i-cara\\\/facial\\\/nutricosmetica\\\/cuidat-cada-dia-amb-omega-3-6-9\\\/\",\"name\":\"Oleatonic Metabolic - Cuida't cada dia amb Omega 3-6-9\",\"isPartOf\":{\"@id\":\"https:\\\/\\\/herboristeriamerce.com\\\/#website\"},\"primaryImageOfPage\":{\"@id\":\"https:\\\/\\\/herboristeriamerce.com\\\/herboristeria-online\\\/cos-i-cara\\\/facial\\\/nutricosmetica\\\/cuidat-cada-dia-amb-omega-3-6-9\\\/#primaryimage\"},\"image\":{\"@id\":\"https:\\\/\\\/herboristeriamerce.com\\\/herboristeria-online\\\/cos-i-cara\\\/facial\\\/nutricosmetica\\\/cuidat-cada-dia-amb-omega-3-6-9\\\/#primaryimage\"},\"thumbnailUrl\":\"https:\\\/\\\/herboristeriamerce.com\\\/wp-content\\\/uploads\\\/2025\\\/05\\\/activa-oleatonic-metabolico.png\",\"datePublished\":\"2025-05-02T16:34:06+00:00\",\"dateModified\":\"2025-07-08T15:13:45+00:00\",\"description\":\"Cuida't cada dia amb Omega 3-6-9. OleaTonic Metab\u00f2lic afavoreix el metabolisme dels l\u00edpids i mant\u00e9 la pell sana i equilibrada.\",\"breadcrumb\":{\"@id\":\"https:\\\/\\\/herboristeriamerce.com\\\/herboristeria-online\\\/cos-i-cara\\\/facial\\\/nutricosmetica\\\/cuidat-cada-dia-amb-omega-3-6-9\\\/#breadcrumb\"},\"inLanguage\":\"es\",\"potentialAction\":[{\"@type\":\"ReadAction\",\"target\":[\"https:\\\/\\\/herboristeriamerce.com\\\/herboristeria-online\\\/cos-i-cara\\\/facial\\\/nutricosmetica\\\/cuidat-cada-dia-amb-omega-3-6-9\\\/\"]}]},{\"@type\":\"ImageObject\",\"inLanguage\":\"es\",\"@id\":\"https:\\\/\\\/herboristeriamerce.com\\\/herboristeria-online\\\/cos-i-cara\\\/facial\\\/nutricosmetica\\\/cuidat-cada-dia-amb-omega-3-6-9\\\/#primaryimage\",\"url\":\"https:\\\/\\\/herboristeriamerce.com\\\/wp-content\\\/uploads\\\/2025\\\/05\\\/activa-oleatonic-metabolico.png\",\"contentUrl\":\"https:\\\/\\\/herboristeriamerce.com\\\/wp-content\\\/uploads\\\/2025\\\/05\\\/activa-oleatonic-metabolico.png\",\"width\":600,\"height\":572},{\"@type\":\"BreadcrumbList\",\"@id\":\"https:\\\/\\\/herboristeriamerce.com\\\/herboristeria-online\\\/cos-i-cara\\\/facial\\\/nutricosmetica\\\/cuidat-cada-dia-amb-omega-3-6-9\\\/#breadcrumb\",\"itemListElement\":[{\"@type\":\"ListItem\",\"position\":1,\"name\":\"Inici\",\"item\":\"https:\\\/\\\/herboristeriamerce.com\\\/\"},{\"@type\":\"ListItem\",\"position\":2,\"name\":\"Herboristeria online\",\"item\":\"https:\\\/\\\/herboristeriamerce.com\\\/herboristeria-online\\\/\"},{\"@type\":\"ListItem\",\"position\":3,\"name\":\"Oleatonic Metabolic\"}]},{\"@type\":\"WebSite\",\"@id\":\"https:\\\/\\\/herboristeriamerce.com\\\/#website\",\"url\":\"https:\\\/\\\/herboristeriamerce.com\\\/\",\"name\":\"Herbolari Merc\u00e8\",\"description\":\"Herbolari a Terrassa\",\"publisher\":{\"@id\":\"https:\\\/\\\/herboristeriamerce.com\\\/#organization\"},\"potentialAction\":[{\"@type\":\"SearchAction\",\"target\":{\"@type\":\"EntryPoint\",\"urlTemplate\":\"https:\\\/\\\/herboristeriamerce.com\\\/?s={search_term_string}\"},\"query-input\":{\"@type\":\"PropertyValueSpecification\",\"valueRequired\":true,\"valueName\":\"search_term_string\"}}],\"inLanguage\":\"es\"},{\"@type\":\"Organization\",\"@id\":\"https:\\\/\\\/herboristeriamerce.com\\\/#organization\",\"name\":\"Herbolari Merc\u00e8\",\"url\":\"https:\\\/\\\/herboristeriamerce.com\\\/\",\"logo\":{\"@type\":\"ImageObject\",\"inLanguage\":\"es\",\"@id\":\"https:\\\/\\\/herboristeriamerce.com\\\/#\\\/schema\\\/logo\\\/image\\\/\",\"url\":\"https:\\\/\\\/herboristeriamerce.com\\\/wp-content\\\/uploads\\\/2025\\\/04\\\/cropped-logo-herboristeria-330x168-229w.webp\",\"contentUrl\":\"https:\\\/\\\/herboristeriamerce.com\\\/wp-content\\\/uploads\\\/2025\\\/04\\\/cropped-logo-herboristeria-330x168-229w.webp\",\"width\":230,\"height\":117,\"caption\":\"Herbolari Merc\u00e8\"},\"image\":{\"@id\":\"https:\\\/\\\/herboristeriamerce.com\\\/#\\\/schema\\\/logo\\\/image\\\/\"}}]}<\/script>\n<!-- \/ Yoast SEO plugin. -->","yoast_head_json":{"title":"Oleatonic Metabolic - Cuida't cada dia amb Omega 3-6-9","description":"Cuida't cada dia amb Omega 3-6-9. OleaTonic Metab\u00f2lic afavoreix el metabolisme dels l\u00edpids i mant\u00e9 la pell sana i equilibrada.","robots":{"index":"index","follow":"follow","max-snippet":"max-snippet:-1","max-image-preview":"max-image-preview:large","max-video-preview":"max-video-preview:-1"},"canonical":"https:\/\/herboristeriamerce.com\/es\/herboristeria-online\/cos-i-cara\/facial\/nutricosmetica\/cuidat-cada-dia-amb-omega-3-6-9\/","og_locale":"es_ES","og_type":"article","og_title":"Oleatonic Metabolic - Cuida't cada dia amb Omega 3-6-9","og_description":"Cuida't cada dia amb Omega 3-6-9. OleaTonic Metab\u00f2lic afavoreix el metabolisme dels l\u00edpids i mant\u00e9 la pell sana i equilibrada.","og_url":"https:\/\/herboristeriamerce.com\/es\/herboristeria-online\/cos-i-cara\/facial\/nutricosmetica\/cuidat-cada-dia-amb-omega-3-6-9\/","og_site_name":"Herbolari Merc\u00e8","article_modified_time":"2025-07-08T15:13:45+00:00","og_image":[{"width":600,"height":572,"url":"https:\/\/herboristeriamerce.com\/wp-content\/uploads\/2025\/05\/activa-oleatonic-metabolico.png","type":"image\/png"}],"twitter_card":"summary_large_image","twitter_misc":{"Tiempo de lectura":"3 minutos"},"schema":{"@context":"https:\/\/schema.org","@graph":[{"@type":"WebPage","@id":"https:\/\/herboristeriamerce.com\/herboristeria-online\/cos-i-cara\/facial\/nutricosmetica\/cuidat-cada-dia-amb-omega-3-6-9\/","url":"https:\/\/herboristeriamerce.com\/herboristeria-online\/cos-i-cara\/facial\/nutricosmetica\/cuidat-cada-dia-amb-omega-3-6-9\/","name":"Oleatonic Metabolic - Cuida't cada dia amb Omega 3-6-9","isPartOf":{"@id":"https:\/\/herboristeriamerce.com\/#website"},"primaryImageOfPage":{"@id":"https:\/\/herboristeriamerce.com\/herboristeria-online\/cos-i-cara\/facial\/nutricosmetica\/cuidat-cada-dia-amb-omega-3-6-9\/#primaryimage"},"image":{"@id":"https:\/\/herboristeriamerce.com\/herboristeria-online\/cos-i-cara\/facial\/nutricosmetica\/cuidat-cada-dia-amb-omega-3-6-9\/#primaryimage"},"thumbnailUrl":"https:\/\/herboristeriamerce.com\/wp-content\/uploads\/2025\/05\/activa-oleatonic-metabolico.png","datePublished":"2025-05-02T16:34:06+00:00","dateModified":"2025-07-08T15:13:45+00:00","description":"Cuida't cada dia amb Omega 3-6-9. OleaTonic Metab\u00f2lic afavoreix el metabolisme dels l\u00edpids i mant\u00e9 la pell sana i equilibrada.","breadcrumb":{"@id":"https:\/\/herboristeriamerce.com\/herboristeria-online\/cos-i-cara\/facial\/nutricosmetica\/cuidat-cada-dia-amb-omega-3-6-9\/#breadcrumb"},"inLanguage":"es","potentialAction":[{"@type":"ReadAction","target":["https:\/\/herboristeriamerce.com\/herboristeria-online\/cos-i-cara\/facial\/nutricosmetica\/cuidat-cada-dia-amb-omega-3-6-9\/"]}]},{"@type":"ImageObject","inLanguage":"es","@id":"https:\/\/herboristeriamerce.com\/herboristeria-online\/cos-i-cara\/facial\/nutricosmetica\/cuidat-cada-dia-amb-omega-3-6-9\/#primaryimage","url":"https:\/\/herboristeriamerce.com\/wp-content\/uploads\/2025\/05\/activa-oleatonic-metabolico.png","contentUrl":"https:\/\/herboristeriamerce.com\/wp-content\/uploads\/2025\/05\/activa-oleatonic-metabolico.png","width":600,"height":572},{"@type":"BreadcrumbList","@id":"https:\/\/herboristeriamerce.com\/herboristeria-online\/cos-i-cara\/facial\/nutricosmetica\/cuidat-cada-dia-amb-omega-3-6-9\/#breadcrumb","itemListElement":[{"@type":"ListItem","position":1,"name":"Inici","item":"https:\/\/herboristeriamerce.com\/"},{"@type":"ListItem","position":2,"name":"Herboristeria online","item":"https:\/\/herboristeriamerce.com\/herboristeria-online\/"},{"@type":"ListItem","position":3,"name":"Oleatonic Metabolic"}]},{"@type":"WebSite","@id":"https:\/\/herboristeriamerce.com\/#website","url":"https:\/\/herboristeriamerce.com\/","name":"Herbolari Merc\u00e8","description":"Herbolari a Terrassa","publisher":{"@id":"https:\/\/herboristeriamerce.com\/#organization"},"potentialAction":[{"@type":"SearchAction","target":{"@type":"EntryPoint","urlTemplate":"https:\/\/herboristeriamerce.com\/?s={search_term_string}"},"query-input":{"@type":"PropertyValueSpecification","valueRequired":true,"valueName":"search_term_string"}}],"inLanguage":"es"},{"@type":"Organization","@id":"https:\/\/herboristeriamerce.com\/#organization","name":"Herbolari Merc\u00e8","url":"https:\/\/herboristeriamerce.com\/","logo":{"@type":"ImageObject","inLanguage":"es","@id":"https:\/\/herboristeriamerce.com\/#\/schema\/logo\/image\/","url":"https:\/\/herboristeriamerce.com\/wp-content\/uploads\/2025\/04\/cropped-logo-herboristeria-330x168-229w.webp","contentUrl":"https:\/\/herboristeriamerce.com\/wp-content\/uploads\/2025\/04\/cropped-logo-herboristeria-330x168-229w.webp","width":230,"height":117,"caption":"Herbolari Merc\u00e8"},"image":{"@id":"https:\/\/herboristeriamerce.com\/#\/schema\/logo\/image\/"}}]}},"_links":{"self":[{"href":"https:\/\/herboristeriamerce.com\/es\/wp-json\/wp\/v2\/product\/1096","targetHints":{"allow":["GET"]}}],"collection":[{"href":"https:\/\/herboristeriamerce.com\/es\/wp-json\/wp\/v2\/product"}],"about":[{"href":"https:\/\/herboristeriamerce.com\/es\/wp-json\/wp\/v2\/types\/product"}],"replies":[{"embeddable":true,"href":"https:\/\/herboristeriamerce.com\/es\/wp-json\/wp\/v2\/comments?post=1096"}],"wp:featuredmedia":[{"embeddable":true,"href":"https:\/\/herboristeriamerce.com\/es\/wp-json\/wp\/v2\/media\/1097"}],"wp:attachment":[{"href":"https:\/\/herboristeriamerce.com\/es\/wp-json\/wp\/v2\/media?parent=1096"}],"wp:term":[{"taxonomy":"product_brand","embeddable":true,"href":"https:\/\/herboristeriamerce.com\/es\/wp-json\/wp\/v2\/product_brand?post=1096"},{"taxonomy":"product_cat","embeddable":true,"href":"https:\/\/herboristeriamerce.com\/es\/wp-json\/wp\/v2\/product_cat?post=1096"},{"taxonomy":"product_tag","embeddable":true,"href":"https:\/\/herboristeriamerce.com\/es\/wp-json\/wp\/v2\/product_tag?post=1096"}],"curies":[{"name":"wp","href":"https:\/\/api.w.org\/{rel}","templated":true}]}}