{"id":1087,"date":"2025-05-02T16:06:02","date_gmt":"2025-05-02T16:06:02","guid":{"rendered":"https:\/\/herboristeriamerce.com\/?post_type=product&#038;p=1087"},"modified":"2025-07-08T18:09:47","modified_gmt":"2025-07-08T18:09:47","slug":"benestar-tensio-control-natural-de-la-tensio-amb-actius-vegetals","status":"publish","type":"product","link":"https:\/\/herboristeriamerce.com\/es\/herboristeria-online\/circulacio\/tensio-arterial\/benestar-tensio-control-natural-de-la-tensio-amb-actius-vegetals\/","title":{"rendered":"Benestar Tensi\u00f3"},"content":{"rendered":"<h3 data-start=\"194\" data-end=\"263\">\ud83d\udc93 Benestar Tensi\u00f3<\/h3>\n<p>\ud83c\udf31 <strong>Control natural de la tensi\u00f3 amb plantes<\/strong><\/p>\n<p>Control natural de la tensi\u00f3 amb plantes \u00e9s el que ofereix Benestar Tensi\u00f3, un suplement alimentari formulat amb ingredients 100% naturals, lliure de colorants i OGM. A m\u00e9s, la seva f\u00f3rmula no cont\u00e9 colorants ni OGM, fet que garanteix una millor toler\u00e0ncia i compatibilitat amb l\u2019organisme. Per tant, \u00e9s una opci\u00f3 ideal per a aquelles persones que busquen una soluci\u00f3 suau, efectiva i natural per cuidar el seu sistema cardiovascular.<\/p>\n<p>\ud83e\uddea F<strong>\u00f3rmula amb plantes per regular la pressi\u00f3 arterial<\/strong><\/p>\n<p data-start=\"664\" data-end=\"783\">Els seus actius sin\u00e8rgics han estat seleccionats per les seves propietats beneficioses sobre el sistema cardiovascular:<\/p>\n<ul data-start=\"785\" data-end=\"1250\">\n<li data-start=\"785\" data-end=\"871\">\n<p data-start=\"787\" data-end=\"871\">\ud83e\uded0 <strong data-start=\"790\" data-end=\"799\">Nabiu<\/strong>: refor\u00e7a la resist\u00e8ncia dels capil\u00b7lars i afavoreix la microcirculaci\u00f3.<\/p>\n<\/li>\n<li data-start=\"872\" data-end=\"969\">\n<p data-start=\"874\" data-end=\"969\">\ud83c\udf3c <strong data-start=\"877\" data-end=\"897\">Reina dels Prats<\/strong>: relaxa els vasos sanguinis i contribueix a reduir la pressi\u00f3 arterial.<\/p>\n<\/li>\n<li data-start=\"970\" data-end=\"1079\">\n<p data-start=\"972\" data-end=\"1079\">\ud83c\udf3f <strong data-start=\"975\" data-end=\"995\">Fulles d\u2019Olivera<\/strong>: tradicionalment reconegudes com a suport per al <strong data-start=\"1045\" data-end=\"1078\">control de la tensi\u00f3 arterial<\/strong>.<\/p>\n<\/li>\n<li data-start=\"1080\" data-end=\"1155\">\n<p data-start=\"1082\" data-end=\"1155\">\ud83c\udf47 <strong data-start=\"1085\" data-end=\"1101\">Vid vermella<\/strong>: millora la circulaci\u00f3 sangu\u00ednia i la salut vascular.<\/p>\n<\/li>\n<li data-start=\"1156\" data-end=\"1250\">\n<p data-start=\"1158\" data-end=\"1250\">\ud83c\udf52 <strong data-start=\"1161\" data-end=\"1179\">Grosella negra<\/strong>: rica en antioxidants que protegeixen les c\u00e8l\u00b7lules del dany oxidatiu.<\/p>\n<\/li>\n<\/ul>\n<h4 data-start=\"1382\" data-end=\"1419\">\ud83d\udcccIndicacions i recomanacions d\u2019\u00fas<\/h4>\n<p data-start=\"1421\" data-end=\"1592\">Es recomana prendre una c\u00e0psula al dia, preferiblement al mat\u00ed, amb un gran got d\u2019aigua. Si es desitja, les c\u00e0psules es poden obrir abans de la seva administraci\u00f3.<\/p>\n<p data-start=\"1594\" data-end=\"1634\"><strong data-start=\"1594\" data-end=\"1610\">Presentaci\u00f3:<\/strong> 30 c\u00e0psules en bl\u00edster.<\/p>\n<h4 data-start=\"1418\" data-end=\"1450\">\u26a0\ufe0fPrecaucions i recomanacions<\/h4>\n<p data-start=\"1452\" data-end=\"1733\">Tanmateix, cal tenir en compte que els complements alimentaris no han de substituir una dieta variada i equilibrada. Per tant, mantingueu el producte fora de l\u2019abast dels infants, en un lloc fresc i sec, allunyat de la llum. A m\u00e9s, no supereu la dosi di\u00e0ria recomanada.<\/p>\n<p data-start=\"1735\" data-end=\"1963\">No \u00e9s recomanat per a nens menors de 12 anys, dones embarassades o en per\u00edode de lact\u00e0ncia. Aix\u00ed mateix, s\u2019ha d\u2019evitar en cas d\u2019al\u00b7l\u00e8rgia als derivats salic\u00edlics o si es prenen tractaments anticoagulants o antidiab\u00e8tics.<\/p>\n<p data-start=\"1965\" data-end=\"2088\" data-is-last-node=\"\" data-is-only-node=\"\">\ud83d\udd17 <strong data-start=\"1727\" data-end=\"1762\">M\u00e9s informaci\u00f3 a la web oficial<\/strong>:<br data-start=\"1763\" data-end=\"1766\" \/>\ud83d\udc49 <a class=\"\" href=\"https:\/\/www.laboratoiresactiva.com\/es\/bienestar-tension\/\" target=\"_new\" rel=\"noopener\" data-start=\"1769\" data-end=\"1885\" data-is-last-node=\"\">Controla la tensi\u00f3 de manera natural amb Benestar Tensi\u00f3<\/a><\/p>","protected":false},"excerpt":{"rendered":"<p><span class=\"Y2IQFc\" lang=\"ca\">Mant\u00e9 la circulaci\u00f3 sangu\u00ednia i la tensi\u00f3 arterial. <\/span><\/p>\n<p><span class=\"Y2IQFc\" lang=\"ca\">Actius: Pepetes de ra\u00efm, Nabiu, Reina dels prats, Olivera, Baies de grosella negra.<\/span><\/p>","protected":false},"featured_media":1088,"comment_status":"open","ping_status":"closed","template":"","meta":{"site-sidebar-layout":"default","site-content-layout":"","ast-site-content-layout":"default","site-content-style":"default","site-sidebar-style":"default","ast-global-header-display":"","ast-banner-title-visibility":"","ast-main-header-display":"","ast-hfb-above-header-display":"","ast-hfb-below-header-display":"","ast-hfb-mobile-header-display":"","site-post-title":"","ast-breadcrumbs-content":"","ast-featured-img":"","footer-sml-layout":"","ast-disable-related-posts":"","theme-transparent-header-meta":"default","adv-header-id-meta":"","stick-header-meta":"","header-above-stick-meta":"","header-main-stick-meta":"","header-below-stick-meta":"","astra-migrate-meta-layouts":"set","ast-page-background-enabled":"default","ast-page-background-meta":{"desktop":{"background-color":"var(--ast-global-color-4)","background-image":"","background-repeat":"repeat","background-position":"center center","background-size":"auto","background-attachment":"scroll","background-type":"","background-media":"","overlay-type":"","overlay-color":"","overlay-opacity":"","overlay-gradient":""},"tablet":{"background-color":"","background-image":"","background-repeat":"repeat","background-position":"center center","background-size":"auto","background-attachment":"scroll","background-type":"","background-media":"","overlay-type":"","overlay-color":"","overlay-opacity":"","overlay-gradient":""},"mobile":{"background-color":"","background-image":"","background-repeat":"repeat","background-position":"center center","background-size":"auto","background-attachment":"scroll","background-type":"","background-media":"","overlay-type":"","overlay-color":"","overlay-opacity":"","overlay-gradient":""}},"ast-content-background-meta":{"desktop":{"background-color":"var(--ast-global-color-5)","background-image":"","background-repeat":"repeat","background-position":"center center","background-size":"auto","background-attachment":"scroll","background-type":"","background-media":"","overlay-type":"","overlay-color":"","overlay-opacity":"","overlay-gradient":""},"tablet":{"background-color":"var(--ast-global-color-5)","background-image":"","background-repeat":"repeat","background-position":"center center","background-size":"auto","background-attachment":"scroll","background-type":"","background-media":"","overlay-type":"","overlay-color":"","overlay-opacity":"","overlay-gradient":""},"mobile":{"background-color":"var(--ast-global-color-5)","background-image":"","background-repeat":"repeat","background-position":"center center","background-size":"auto","background-attachment":"scroll","background-type":"","background-media":"","overlay-type":"","overlay-color":"","overlay-opacity":"","overlay-gradient":""}}},"product_brand":[19],"product_cat":[43,72],"product_tag":[173],"class_list":{"0":"post-1087","1":"product","2":"type-product","3":"status-publish","4":"has-post-thumbnail","6":"product_brand-activa","7":"product_cat-circulacio","8":"product_cat-tensio-arterial","9":"product_tag-capsula-100vegetal","10":"desktop-align-left","11":"tablet-align-left","12":"mobile-align-left","14":"first","15":"instock","16":"taxable","17":"shipping-taxable","18":"purchasable","19":"product-type-simple"},"yoast_head":"<!-- This site is optimized with the Yoast SEO plugin v27.5 - https:\/\/yoast.com\/product\/yoast-seo-wordpress\/ -->\n<title>Benestar Tensi\u00f3 - Herbolari Merc\u00e8 Control natural de la tensi\u00f3 amb plantes<\/title>\n<meta name=\"description\" content=\"Control natural de la tensi\u00f3 amb plantes. Benestar Tensi\u00f3 afavoreix la circulaci\u00f3, ajuda a mantenir la pressi\u00f3 arterial en nivells saludables.\" \/>\n<meta name=\"robots\" content=\"index, follow, max-snippet:-1, max-image-preview:large, max-video-preview:-1\" \/>\n<link rel=\"canonical\" href=\"https:\/\/herboristeriamerce.com\/es\/herboristeria-online\/circulacio\/tensio-arterial\/benestar-tensio-control-natural-de-la-tensio-amb-actius-vegetals\/\" \/>\n<meta property=\"og:locale\" content=\"es_ES\" \/>\n<meta property=\"og:type\" content=\"article\" \/>\n<meta property=\"og:title\" content=\"Benestar Tensi\u00f3 - Herbolari Merc\u00e8 Control natural de la tensi\u00f3 amb plantes\" \/>\n<meta property=\"og:description\" content=\"Control natural de la tensi\u00f3 amb plantes. Benestar Tensi\u00f3 afavoreix la circulaci\u00f3, ajuda a mantenir la pressi\u00f3 arterial en nivells saludables.\" \/>\n<meta property=\"og:url\" content=\"https:\/\/herboristeriamerce.com\/es\/herboristeria-online\/circulacio\/tensio-arterial\/benestar-tensio-control-natural-de-la-tensio-amb-actius-vegetals\/\" \/>\n<meta property=\"og:site_name\" content=\"Herbolari Merc\u00e8\" \/>\n<meta property=\"article:modified_time\" content=\"2025-07-08T18:09:47+00:00\" \/>\n<meta property=\"og:image\" content=\"https:\/\/herboristeriamerce.com\/wp-content\/uploads\/2025\/05\/bienestar-tension-activa.png\" \/>\n\t<meta property=\"og:image:width\" content=\"600\" \/>\n\t<meta property=\"og:image:height\" content=\"569\" \/>\n\t<meta property=\"og:image:type\" content=\"image\/png\" \/>\n<meta name=\"twitter:card\" content=\"summary_large_image\" \/>\n<meta name=\"twitter:label1\" content=\"Tiempo de lectura\" \/>\n\t<meta name=\"twitter:data1\" content=\"2 minutos\" \/>\n<script type=\"application\/ld+json\" class=\"yoast-schema-graph\">{\"@context\":\"https:\\\/\\\/schema.org\",\"@graph\":[{\"@type\":\"WebPage\",\"@id\":\"https:\\\/\\\/herboristeriamerce.com\\\/herboristeria-online\\\/circulacio\\\/tensio-arterial\\\/benestar-tensio-control-natural-de-la-tensio-amb-actius-vegetals\\\/\",\"url\":\"https:\\\/\\\/herboristeriamerce.com\\\/herboristeria-online\\\/circulacio\\\/tensio-arterial\\\/benestar-tensio-control-natural-de-la-tensio-amb-actius-vegetals\\\/\",\"name\":\"Benestar Tensi\u00f3 - Herbolari Merc\u00e8 Control natural de la tensi\u00f3 amb plantes\",\"isPartOf\":{\"@id\":\"https:\\\/\\\/herboristeriamerce.com\\\/#website\"},\"primaryImageOfPage\":{\"@id\":\"https:\\\/\\\/herboristeriamerce.com\\\/herboristeria-online\\\/circulacio\\\/tensio-arterial\\\/benestar-tensio-control-natural-de-la-tensio-amb-actius-vegetals\\\/#primaryimage\"},\"image\":{\"@id\":\"https:\\\/\\\/herboristeriamerce.com\\\/herboristeria-online\\\/circulacio\\\/tensio-arterial\\\/benestar-tensio-control-natural-de-la-tensio-amb-actius-vegetals\\\/#primaryimage\"},\"thumbnailUrl\":\"https:\\\/\\\/herboristeriamerce.com\\\/wp-content\\\/uploads\\\/2025\\\/05\\\/bienestar-tension-activa.png\",\"datePublished\":\"2025-05-02T16:06:02+00:00\",\"dateModified\":\"2025-07-08T18:09:47+00:00\",\"description\":\"Control natural de la tensi\u00f3 amb plantes. Benestar Tensi\u00f3 afavoreix la circulaci\u00f3, ajuda a mantenir la pressi\u00f3 arterial en nivells saludables.\",\"breadcrumb\":{\"@id\":\"https:\\\/\\\/herboristeriamerce.com\\\/herboristeria-online\\\/circulacio\\\/tensio-arterial\\\/benestar-tensio-control-natural-de-la-tensio-amb-actius-vegetals\\\/#breadcrumb\"},\"inLanguage\":\"es\",\"potentialAction\":[{\"@type\":\"ReadAction\",\"target\":[\"https:\\\/\\\/herboristeriamerce.com\\\/herboristeria-online\\\/circulacio\\\/tensio-arterial\\\/benestar-tensio-control-natural-de-la-tensio-amb-actius-vegetals\\\/\"]}]},{\"@type\":\"ImageObject\",\"inLanguage\":\"es\",\"@id\":\"https:\\\/\\\/herboristeriamerce.com\\\/herboristeria-online\\\/circulacio\\\/tensio-arterial\\\/benestar-tensio-control-natural-de-la-tensio-amb-actius-vegetals\\\/#primaryimage\",\"url\":\"https:\\\/\\\/herboristeriamerce.com\\\/wp-content\\\/uploads\\\/2025\\\/05\\\/bienestar-tension-activa.png\",\"contentUrl\":\"https:\\\/\\\/herboristeriamerce.com\\\/wp-content\\\/uploads\\\/2025\\\/05\\\/bienestar-tension-activa.png\",\"width\":600,\"height\":569},{\"@type\":\"BreadcrumbList\",\"@id\":\"https:\\\/\\\/herboristeriamerce.com\\\/herboristeria-online\\\/circulacio\\\/tensio-arterial\\\/benestar-tensio-control-natural-de-la-tensio-amb-actius-vegetals\\\/#breadcrumb\",\"itemListElement\":[{\"@type\":\"ListItem\",\"position\":1,\"name\":\"Inici\",\"item\":\"https:\\\/\\\/herboristeriamerce.com\\\/\"},{\"@type\":\"ListItem\",\"position\":2,\"name\":\"Herboristeria online\",\"item\":\"https:\\\/\\\/herboristeriamerce.com\\\/herboristeria-online\\\/\"},{\"@type\":\"ListItem\",\"position\":3,\"name\":\"Benestar Tensi\u00f3\"}]},{\"@type\":\"WebSite\",\"@id\":\"https:\\\/\\\/herboristeriamerce.com\\\/#website\",\"url\":\"https:\\\/\\\/herboristeriamerce.com\\\/\",\"name\":\"Herbolari Merc\u00e8\",\"description\":\"Herbolari a Terrassa\",\"publisher\":{\"@id\":\"https:\\\/\\\/herboristeriamerce.com\\\/#organization\"},\"potentialAction\":[{\"@type\":\"SearchAction\",\"target\":{\"@type\":\"EntryPoint\",\"urlTemplate\":\"https:\\\/\\\/herboristeriamerce.com\\\/?s={search_term_string}\"},\"query-input\":{\"@type\":\"PropertyValueSpecification\",\"valueRequired\":true,\"valueName\":\"search_term_string\"}}],\"inLanguage\":\"es\"},{\"@type\":\"Organization\",\"@id\":\"https:\\\/\\\/herboristeriamerce.com\\\/#organization\",\"name\":\"Herbolari Merc\u00e8\",\"url\":\"https:\\\/\\\/herboristeriamerce.com\\\/\",\"logo\":{\"@type\":\"ImageObject\",\"inLanguage\":\"es\",\"@id\":\"https:\\\/\\\/herboristeriamerce.com\\\/#\\\/schema\\\/logo\\\/image\\\/\",\"url\":\"https:\\\/\\\/herboristeriamerce.com\\\/wp-content\\\/uploads\\\/2025\\\/04\\\/cropped-logo-herboristeria-330x168-229w.webp\",\"contentUrl\":\"https:\\\/\\\/herboristeriamerce.com\\\/wp-content\\\/uploads\\\/2025\\\/04\\\/cropped-logo-herboristeria-330x168-229w.webp\",\"width\":230,\"height\":117,\"caption\":\"Herbolari Merc\u00e8\"},\"image\":{\"@id\":\"https:\\\/\\\/herboristeriamerce.com\\\/#\\\/schema\\\/logo\\\/image\\\/\"}}]}<\/script>\n<!-- \/ Yoast SEO plugin. -->","yoast_head_json":{"title":"Benestar Tensi\u00f3 - Herbolari Merc\u00e8 Control natural de la tensi\u00f3 amb plantes","description":"Control natural de la tensi\u00f3 amb plantes. Benestar Tensi\u00f3 afavoreix la circulaci\u00f3, ajuda a mantenir la pressi\u00f3 arterial en nivells saludables.","robots":{"index":"index","follow":"follow","max-snippet":"max-snippet:-1","max-image-preview":"max-image-preview:large","max-video-preview":"max-video-preview:-1"},"canonical":"https:\/\/herboristeriamerce.com\/es\/herboristeria-online\/circulacio\/tensio-arterial\/benestar-tensio-control-natural-de-la-tensio-amb-actius-vegetals\/","og_locale":"es_ES","og_type":"article","og_title":"Benestar Tensi\u00f3 - Herbolari Merc\u00e8 Control natural de la tensi\u00f3 amb plantes","og_description":"Control natural de la tensi\u00f3 amb plantes. Benestar Tensi\u00f3 afavoreix la circulaci\u00f3, ajuda a mantenir la pressi\u00f3 arterial en nivells saludables.","og_url":"https:\/\/herboristeriamerce.com\/es\/herboristeria-online\/circulacio\/tensio-arterial\/benestar-tensio-control-natural-de-la-tensio-amb-actius-vegetals\/","og_site_name":"Herbolari Merc\u00e8","article_modified_time":"2025-07-08T18:09:47+00:00","og_image":[{"width":600,"height":569,"url":"https:\/\/herboristeriamerce.com\/wp-content\/uploads\/2025\/05\/bienestar-tension-activa.png","type":"image\/png"}],"twitter_card":"summary_large_image","twitter_misc":{"Tiempo de lectura":"2 minutos"},"schema":{"@context":"https:\/\/schema.org","@graph":[{"@type":"WebPage","@id":"https:\/\/herboristeriamerce.com\/herboristeria-online\/circulacio\/tensio-arterial\/benestar-tensio-control-natural-de-la-tensio-amb-actius-vegetals\/","url":"https:\/\/herboristeriamerce.com\/herboristeria-online\/circulacio\/tensio-arterial\/benestar-tensio-control-natural-de-la-tensio-amb-actius-vegetals\/","name":"Benestar Tensi\u00f3 - Herbolari Merc\u00e8 Control natural de la tensi\u00f3 amb plantes","isPartOf":{"@id":"https:\/\/herboristeriamerce.com\/#website"},"primaryImageOfPage":{"@id":"https:\/\/herboristeriamerce.com\/herboristeria-online\/circulacio\/tensio-arterial\/benestar-tensio-control-natural-de-la-tensio-amb-actius-vegetals\/#primaryimage"},"image":{"@id":"https:\/\/herboristeriamerce.com\/herboristeria-online\/circulacio\/tensio-arterial\/benestar-tensio-control-natural-de-la-tensio-amb-actius-vegetals\/#primaryimage"},"thumbnailUrl":"https:\/\/herboristeriamerce.com\/wp-content\/uploads\/2025\/05\/bienestar-tension-activa.png","datePublished":"2025-05-02T16:06:02+00:00","dateModified":"2025-07-08T18:09:47+00:00","description":"Control natural de la tensi\u00f3 amb plantes. Benestar Tensi\u00f3 afavoreix la circulaci\u00f3, ajuda a mantenir la pressi\u00f3 arterial en nivells saludables.","breadcrumb":{"@id":"https:\/\/herboristeriamerce.com\/herboristeria-online\/circulacio\/tensio-arterial\/benestar-tensio-control-natural-de-la-tensio-amb-actius-vegetals\/#breadcrumb"},"inLanguage":"es","potentialAction":[{"@type":"ReadAction","target":["https:\/\/herboristeriamerce.com\/herboristeria-online\/circulacio\/tensio-arterial\/benestar-tensio-control-natural-de-la-tensio-amb-actius-vegetals\/"]}]},{"@type":"ImageObject","inLanguage":"es","@id":"https:\/\/herboristeriamerce.com\/herboristeria-online\/circulacio\/tensio-arterial\/benestar-tensio-control-natural-de-la-tensio-amb-actius-vegetals\/#primaryimage","url":"https:\/\/herboristeriamerce.com\/wp-content\/uploads\/2025\/05\/bienestar-tension-activa.png","contentUrl":"https:\/\/herboristeriamerce.com\/wp-content\/uploads\/2025\/05\/bienestar-tension-activa.png","width":600,"height":569},{"@type":"BreadcrumbList","@id":"https:\/\/herboristeriamerce.com\/herboristeria-online\/circulacio\/tensio-arterial\/benestar-tensio-control-natural-de-la-tensio-amb-actius-vegetals\/#breadcrumb","itemListElement":[{"@type":"ListItem","position":1,"name":"Inici","item":"https:\/\/herboristeriamerce.com\/"},{"@type":"ListItem","position":2,"name":"Herboristeria online","item":"https:\/\/herboristeriamerce.com\/herboristeria-online\/"},{"@type":"ListItem","position":3,"name":"Benestar Tensi\u00f3"}]},{"@type":"WebSite","@id":"https:\/\/herboristeriamerce.com\/#website","url":"https:\/\/herboristeriamerce.com\/","name":"Herbolari Merc\u00e8","description":"Herbolari a Terrassa","publisher":{"@id":"https:\/\/herboristeriamerce.com\/#organization"},"potentialAction":[{"@type":"SearchAction","target":{"@type":"EntryPoint","urlTemplate":"https:\/\/herboristeriamerce.com\/?s={search_term_string}"},"query-input":{"@type":"PropertyValueSpecification","valueRequired":true,"valueName":"search_term_string"}}],"inLanguage":"es"},{"@type":"Organization","@id":"https:\/\/herboristeriamerce.com\/#organization","name":"Herbolari Merc\u00e8","url":"https:\/\/herboristeriamerce.com\/","logo":{"@type":"ImageObject","inLanguage":"es","@id":"https:\/\/herboristeriamerce.com\/#\/schema\/logo\/image\/","url":"https:\/\/herboristeriamerce.com\/wp-content\/uploads\/2025\/04\/cropped-logo-herboristeria-330x168-229w.webp","contentUrl":"https:\/\/herboristeriamerce.com\/wp-content\/uploads\/2025\/04\/cropped-logo-herboristeria-330x168-229w.webp","width":230,"height":117,"caption":"Herbolari Merc\u00e8"},"image":{"@id":"https:\/\/herboristeriamerce.com\/#\/schema\/logo\/image\/"}}]}},"_links":{"self":[{"href":"https:\/\/herboristeriamerce.com\/es\/wp-json\/wp\/v2\/product\/1087","targetHints":{"allow":["GET"]}}],"collection":[{"href":"https:\/\/herboristeriamerce.com\/es\/wp-json\/wp\/v2\/product"}],"about":[{"href":"https:\/\/herboristeriamerce.com\/es\/wp-json\/wp\/v2\/types\/product"}],"replies":[{"embeddable":true,"href":"https:\/\/herboristeriamerce.com\/es\/wp-json\/wp\/v2\/comments?post=1087"}],"wp:featuredmedia":[{"embeddable":true,"href":"https:\/\/herboristeriamerce.com\/es\/wp-json\/wp\/v2\/media\/1088"}],"wp:attachment":[{"href":"https:\/\/herboristeriamerce.com\/es\/wp-json\/wp\/v2\/media?parent=1087"}],"wp:term":[{"taxonomy":"product_brand","embeddable":true,"href":"https:\/\/herboristeriamerce.com\/es\/wp-json\/wp\/v2\/product_brand?post=1087"},{"taxonomy":"product_cat","embeddable":true,"href":"https:\/\/herboristeriamerce.com\/es\/wp-json\/wp\/v2\/product_cat?post=1087"},{"taxonomy":"product_tag","embeddable":true,"href":"https:\/\/herboristeriamerce.com\/es\/wp-json\/wp\/v2\/product_tag?post=1087"}],"curies":[{"name":"wp","href":"https:\/\/api.w.org\/{rel}","templated":true}]}}