{"id":1083,"date":"2025-05-02T15:59:28","date_gmt":"2025-05-02T15:59:28","guid":{"rendered":"https:\/\/herboristeriamerce.com\/?post_type=product&#038;p=1083"},"modified":"2025-07-09T14:53:02","modified_gmt":"2025-07-09T14:53:02","slug":"benestar-acerola-starter-vitalitat-natural-en-cada-capsula","status":"publish","type":"product","link":"https:\/\/herboristeriamerce.com\/es\/herboristeria-online\/defenses-naturals\/defenses\/benestar-acerola-starter-vitalitat-natural-en-cada-capsula\/","title":{"rendered":"Benestar Acerola Starter"},"content":{"rendered":"<h2 data-start=\"44\" data-end=\"76\"><strong data-start=\"47\" data-end=\"76\">Bienestar\u202fAcerola\u202fStarter<\/strong><\/h2>\n<h3 data-start=\"78\" data-end=\"123\"><strong data-start=\"82\" data-end=\"123\">Un impuls natural per al teu benestar<\/strong><\/h3>\n<p data-start=\"125\" data-end=\"201\"><span class=\"relative -mx-px my-[-0.2rem] rounded px-px py-[0.2rem] transition-colors duration-100 ease-in-out\">Necessites una dosi extra d\u2019energia? Vitalitat natural en cada c\u00e0psula. Descobreix <em>Bienestar\u202fAcerola\u202fStarter<\/em>, un suplement 100\u202f% natural creat per donar-te un plus d\u2019energia di\u00e0ria i refor\u00e7ar les teves defenses naturals. Gr\u00e0cies a la combinaci\u00f3sin\u00e8rgica d&#8217;<strong data-start=\"124\" data-end=\"135\">acerola<\/strong> i <strong data-start=\"138\" data-end=\"151\">camu\u2011camu<\/strong>, dues fruites reconegudes per la seva elevada concentraci\u00f3 de Vitamina\u202fC. Aquest combo excepcional ajuda a reduir la fatiga, protegeix les c\u00e8l\u00b7lules del desgast oxidatiu i refor\u00e7a tant el rendiment f\u00edsic com el mental<\/span><\/p>\n<h3 data-start=\"203\" data-end=\"237\"><strong data-start=\"207\" data-end=\"237\">Sinergia d\u2019actius naturals<\/strong><\/h3>\n<ul>\n<li data-start=\"241\" data-end=\"317\"><span class=\"relative -mx-px my-[-0.2rem] rounded px-px py-[0.2rem] transition-colors duration-100 ease-in-out\">Primer l&#8217;Acerola (Malpighia\u202fglabra): una de les fonts naturals m\u00e9s riques en Vitamina\u202fC, amb un contingut que pot arribar a ser entre 50 i 80\u202fvegades superior al de la taronja<\/span> .<\/li>\n<li data-start=\"318\" data-end=\"396\">\n<p data-start=\"320\" data-end=\"396\"><span class=\"relative -mx-px my-[-0.2rem] rounded px-px py-[0.2rem] transition-colors duration-100 ease-in-out\">A m\u00e9s a m\u00e9s Camu\u2011camu (Myrciaria\u202fparaensis): un fruit amaz\u00f2nic amb una concentraci\u00f3 de Vitamina\u202fC excepcional, complementant l\u2019acerola per maximitzar-ne l\u2019efecte<\/span><\/p>\n<\/li>\n<\/ul>\n<h3 data-start=\"398\" data-end=\"436\"><strong data-start=\"402\" data-end=\"436\">Indicacions d\u2019\u00fas i presentaci\u00f3<\/strong><\/h3>\n<ul data-start=\"438\" data-end=\"565\">\n<li data-start=\"438\" data-end=\"518\">\n<p data-start=\"440\" data-end=\"518\"><span class=\"relative -mx-px my-[-0.2rem] rounded px-px py-[0.2rem] transition-colors duration-100 ease-in-out\"><strong data-start=\"0\" data-end=\"26\" data-is-only-node=\"\">Dosificaci\u00f3 recomanada<\/strong>: 1 c\u00e0psula al dia amb un got d\u2019aigua, preferiblement entre \u00e0pats i al mat\u00ed; evitar prendre-la de nit.<\/span><\/p>\n<\/li>\n<li data-start=\"438\" data-end=\"518\">\n<p data-start=\"440\" data-end=\"518\"><span class=\"relative -mx-px my-[-0.2rem] rounded px-px py-[0.2rem] transition-colors duration-100 ease-in-out\">Aix\u00ed mateix una sola c\u00e0psula s\u2019arriba a cobrir el 156\u202f% de la ingesta di\u00e0ria recomanada (IDR) de Vitamina\u202fC<\/span><\/p>\n<\/li>\n<li data-start=\"519\" data-end=\"565\">\n<p data-start=\"521\" data-end=\"565\"><strong data-start=\"521\" data-end=\"531\">Format<\/strong>: Caixa de 60 c\u00e0psules en bl\u00edster.<\/p>\n<\/li>\n<\/ul>\n<h3 data-start=\"567\" data-end=\"603\"><strong data-start=\"571\" data-end=\"603\">Recomanacions i advert\u00e8ncies<\/strong><\/h3>\n<ul data-start=\"605\" data-end=\"925\">\n<li data-start=\"605\" data-end=\"676\">\n<p data-start=\"607\" data-end=\"676\">Els complements alimentaris no substitueixen una dieta variada.<\/p>\n<\/li>\n<li data-start=\"677\" data-end=\"761\">\n<p data-start=\"679\" data-end=\"761\">Tamb\u00e9\u00a0 cal mantenir fora de l\u2019abast dels nens i protegir de la calor, la humitat i la llum.<\/p>\n<\/li>\n<li data-start=\"762\" data-end=\"888\">\n<p data-start=\"764\" data-end=\"888\">A m\u00e9s no \u00e9s apte per a persones al\u00b7l\u00e8rgiques als salicilats, ni per a aquelles que prenen medicaci\u00f3 antidiab\u00e8tica o anticoagulants.<\/p>\n<\/li>\n<li data-start=\"889\" data-end=\"925\">\n<p data-start=\"891\" data-end=\"925\">Finalment no excedir la dosi recomanada.<\/p>\n<\/li>\n<\/ul>\n<h3 data-start=\"927\" data-end=\"958\"><strong data-start=\"931\" data-end=\"958\">Ingredients per c\u00e0psula<\/strong><\/h3>\n<ul data-start=\"960\" data-end=\"1170\">\n<li data-start=\"960\" data-end=\"1033\">\n<p data-start=\"962\" data-end=\"1033\"><strong data-start=\"962\" data-end=\"973\">Acerola<\/strong>\u202f\u2013\u202f125\u202fmg, aproximadament el 51\u202f% de la IDR de Vitamina\u202fC.<\/p>\n<\/li>\n<li data-start=\"1034\" data-end=\"1092\">\n<p data-start=\"1036\" data-end=\"1092\"><strong data-start=\"1036\" data-end=\"1049\">Camu\u2011camu<\/strong>\u202f\u2013\u202f168\u202fmg, aportant un 104,8\u202f% de la IDR.<\/p>\n<\/li>\n<li data-start=\"1093\" data-end=\"1170\">\n<p data-start=\"1095\" data-end=\"1170\">A m\u00e9s, cont\u00e9 estearat de magnesi (E\u202f572) com a espessant i c\u00e0psula vegetal.<\/p>\n<\/li>\n<\/ul>\n<h3 data-start=\"942\" data-end=\"969\"><strong data-start=\"946\" data-end=\"969\">Beneficis destacats<\/strong><\/h3>\n<p data-start=\"971\" data-end=\"1010\">Amb <em data-start=\"2149\" data-end=\"2176\">Bienestar Acerola Starter<\/em>, obtens:<\/p>\n<ul>\n<li data-start=\"2187\" data-end=\"2285\">\n<p data-start=\"2189\" data-end=\"2285\"><strong data-start=\"2189\" data-end=\"2226\">Vitalitat natural en cada c\u00e0psula<\/strong>, que t\u2019ajuda a mantenir l\u2019energia i el benestar cada dia<\/p>\n<\/li>\n<li data-start=\"2286\" data-end=\"2338\">\n<p data-start=\"2288\" data-end=\"2338\"><strong data-start=\"2288\" data-end=\"2319\">Sistema immunitari refor\u00e7at<\/strong> de forma natural<\/p>\n<\/li>\n<li data-start=\"2339\" data-end=\"2425\">\n<p data-start=\"2341\" data-end=\"2425\"><strong data-start=\"2341\" data-end=\"2387\">Pell, ossos i articulacions m\u00e9s saludables<\/strong> gr\u00e0cies a la producci\u00f3 de col\u00b7lagen<\/p>\n<\/li>\n<li data-start=\"2426\" data-end=\"2489\">\n<p data-start=\"2428\" data-end=\"2489\"><strong data-start=\"2428\" data-end=\"2452\">Antioxidants potents<\/strong> que frenen l\u2019envelliment cel\u00b7lular<\/p>\n<\/li>\n<li data-start=\"2490\" data-end=\"2583\">\n<p data-start=\"2492\" data-end=\"2583\"><strong data-start=\"2492\" data-end=\"2526\">M\u00e9s concentraci\u00f3, menys fatiga<\/strong>: ideal per a per\u00edodes d\u2019estr\u00e8s, esfor\u00e7 o canvis de ritme<\/p>\n<table style=\"font-size: 16px;\" cellspacing=\"0\" cellpadding=\"0\">\n<tbody>\n<tr>\n<td><img decoding=\"async\" src=\"https:\/\/fr.activastore.com\/img\/cms\/Pictos%20fiche%20produit\/gelule-vegetale.png\" alt=\"\" width=\"100\" height=\"100\" \/><\/td>\n<td><img decoding=\"async\" src=\"https:\/\/es.activastore.com\/img\/cms\/Pictos%20fiche%20produit\/icon_extraits.png\" alt=\"icon_extraits.png\" width=\"100\" height=\"100\" \/><\/td>\n<td><img decoding=\"async\" src=\"https:\/\/fr.activastore.com\/img\/cms\/Pictos%20fiche%20produit\/icon-enfants-6-ans.png\" alt=\"\" width=\"100\" height=\"100\" \/><\/td>\n<td><img loading=\"lazy\" decoding=\"async\" src=\"https:\/\/es.activastore.com\/img\/cms\/Pictos%20fiche%20produit\/icon-femmes-enceintes-allaitantes.png\" alt=\"icon-femmes-enceintes-allaitantes.png\" width=\"100\" height=\"100\" \/><\/td>\n<\/tr>\n<tr>\n<td>C\u00e0psula 100% vegetal<\/td>\n<td>100% Extractes secs titulats<\/td>\n<td>Nens + 6 anys<\/td>\n<td>Dones embarassades i lactants<\/td>\n<\/tr>\n<\/tbody>\n<\/table>\n<p data-start=\"1234\" data-end=\"1320\">\n<\/li>\n<\/ul>\n<section class=\"product-features\">En definitiva, si cerques una soluci\u00f3 natural i efectiva per revitalitzar-te i mantenir-te en forma, <strong data-start=\"1432\" data-end=\"1461\">Bienestar\u202fAcerola\u202fStarter<\/strong> \u00e9s una excel\u00b7lent opci\u00f3.<\/section>\n<section>\ud83d\udc49 M\u00e9s informaci\u00f3 i compra disponible a <a class=\"\" href=\"https:\/\/www.bienestaracerola.com\" target=\"_new\" rel=\"noopener\" data-start=\"2644\" data-end=\"2704\">www.bienestaracerola.com<\/a><\/section>","protected":false},"excerpt":{"rendered":"<p>Protege a las c\u00e9lulas del estr\u00e9s oxidativo y reduce el cansancio.<\/p>\n<p>Activos: Acerola, Camu-Camu.<\/p>","protected":false},"featured_media":1084,"comment_status":"open","ping_status":"closed","template":"","meta":{"site-sidebar-layout":"default","site-content-layout":"","ast-site-content-layout":"default","site-content-style":"default","site-sidebar-style":"default","ast-global-header-display":"","ast-banner-title-visibility":"","ast-main-header-display":"","ast-hfb-above-header-display":"","ast-hfb-below-header-display":"","ast-hfb-mobile-header-display":"","site-post-title":"","ast-breadcrumbs-content":"","ast-featured-img":"","footer-sml-layout":"","ast-disable-related-posts":"","theme-transparent-header-meta":"default","adv-header-id-meta":"","stick-header-meta":"","header-above-stick-meta":"","header-main-stick-meta":"","header-below-stick-meta":"","astra-migrate-meta-layouts":"set","ast-page-background-enabled":"default","ast-page-background-meta":{"desktop":{"background-color":"var(--ast-global-color-4)","background-image":"","background-repeat":"repeat","background-position":"center center","background-size":"auto","background-attachment":"scroll","background-type":"","background-media":"","overlay-type":"","overlay-color":"","overlay-opacity":"","overlay-gradient":""},"tablet":{"background-color":"","background-image":"","background-repeat":"repeat","background-position":"center center","background-size":"auto","background-attachment":"scroll","background-type":"","background-media":"","overlay-type":"","overlay-color":"","overlay-opacity":"","overlay-gradient":""},"mobile":{"background-color":"","background-image":"","background-repeat":"repeat","background-position":"center center","background-size":"auto","background-attachment":"scroll","background-type":"","background-media":"","overlay-type":"","overlay-color":"","overlay-opacity":"","overlay-gradient":""}},"ast-content-background-meta":{"desktop":{"background-color":"var(--ast-global-color-5)","background-image":"","background-repeat":"repeat","background-position":"center center","background-size":"auto","background-attachment":"scroll","background-type":"","background-media":"","overlay-type":"","overlay-color":"","overlay-opacity":"","overlay-gradient":""},"tablet":{"background-color":"var(--ast-global-color-5)","background-image":"","background-repeat":"repeat","background-position":"center center","background-size":"auto","background-attachment":"scroll","background-type":"","background-media":"","overlay-type":"","overlay-color":"","overlay-opacity":"","overlay-gradient":""},"mobile":{"background-color":"var(--ast-global-color-5)","background-image":"","background-repeat":"repeat","background-position":"center center","background-size":"auto","background-attachment":"scroll","background-type":"","background-media":"","overlay-type":"","overlay-color":"","overlay-opacity":"","overlay-gradient":""}}},"product_brand":[19],"product_cat":[128,20,75,21],"product_tag":[177,173,175,174],"class_list":{"0":"post-1083","1":"product","2":"type-product","3":"status-publish","4":"has-post-thumbnail","6":"product_brand-activa","7":"product_cat-defenses","8":"product_cat-energia-vitalitat","9":"product_cat-reconstituent","10":"product_cat-defenses-naturals","11":"product_tag-6-anys","12":"product_tag-capsula-100vegetal","13":"product_tag-lactants","14":"product_tag-embarassada","15":"desktop-align-left","16":"tablet-align-left","17":"mobile-align-left","19":"first","20":"instock","21":"taxable","22":"shipping-taxable","23":"purchasable","24":"product-type-simple"},"yoast_head":"<!-- This site is optimized with the Yoast SEO plugin v27.5 - https:\/\/yoast.com\/product\/yoast-seo-wordpress\/ -->\n<title>Benestar Acerola Starter - Herbolari Merc\u00e8 Vitalitat natural en cada c\u00e0psula<\/title>\n<meta name=\"description\" content=\"Vitalitat natural en cada c\u00e0psula: Bienestar\u202fAcerola\u202fStarter t\u2019ofereix energia i defenses amb Vitamina\u202fC concentrada. Descobreix\u2011ho i compra ara\" \/>\n<meta name=\"robots\" content=\"index, follow, max-snippet:-1, max-image-preview:large, max-video-preview:-1\" \/>\n<link rel=\"canonical\" href=\"https:\/\/herboristeriamerce.com\/es\/herboristeria-online\/defenses-naturals\/defenses\/benestar-acerola-starter-vitalitat-natural-en-cada-capsula\/\" \/>\n<meta property=\"og:locale\" content=\"es_ES\" \/>\n<meta property=\"og:type\" content=\"article\" \/>\n<meta property=\"og:title\" content=\"Benestar Acerola Starter - Herbolari Merc\u00e8 Vitalitat natural en cada c\u00e0psula\" \/>\n<meta property=\"og:description\" content=\"Vitalitat natural en cada c\u00e0psula: Bienestar\u202fAcerola\u202fStarter t\u2019ofereix energia i defenses amb Vitamina\u202fC concentrada. Descobreix\u2011ho i compra ara\" \/>\n<meta property=\"og:url\" content=\"https:\/\/herboristeriamerce.com\/es\/herboristeria-online\/defenses-naturals\/defenses\/benestar-acerola-starter-vitalitat-natural-en-cada-capsula\/\" \/>\n<meta property=\"og:site_name\" content=\"Herbolari Merc\u00e8\" \/>\n<meta property=\"article:modified_time\" content=\"2025-07-09T14:53:02+00:00\" \/>\n<meta property=\"og:image\" content=\"https:\/\/herboristeriamerce.com\/wp-content\/uploads\/2025\/05\/bienestar-starter-activa-400x379-1.png\" \/>\n\t<meta property=\"og:image:width\" content=\"400\" \/>\n\t<meta property=\"og:image:height\" content=\"379\" \/>\n\t<meta property=\"og:image:type\" content=\"image\/png\" \/>\n<meta name=\"twitter:card\" content=\"summary_large_image\" \/>\n<meta name=\"twitter:label1\" content=\"Tiempo de lectura\" \/>\n\t<meta name=\"twitter:data1\" content=\"4 minutos\" \/>\n<script type=\"application\/ld+json\" class=\"yoast-schema-graph\">{\"@context\":\"https:\\\/\\\/schema.org\",\"@graph\":[{\"@type\":\"WebPage\",\"@id\":\"https:\\\/\\\/herboristeriamerce.com\\\/herboristeria-online\\\/defenses-naturals\\\/defenses\\\/benestar-acerola-starter-vitalitat-natural-en-cada-capsula\\\/\",\"url\":\"https:\\\/\\\/herboristeriamerce.com\\\/herboristeria-online\\\/defenses-naturals\\\/defenses\\\/benestar-acerola-starter-vitalitat-natural-en-cada-capsula\\\/\",\"name\":\"Benestar Acerola Starter - Herbolari Merc\u00e8 Vitalitat natural en cada c\u00e0psula\",\"isPartOf\":{\"@id\":\"https:\\\/\\\/herboristeriamerce.com\\\/#website\"},\"primaryImageOfPage\":{\"@id\":\"https:\\\/\\\/herboristeriamerce.com\\\/herboristeria-online\\\/defenses-naturals\\\/defenses\\\/benestar-acerola-starter-vitalitat-natural-en-cada-capsula\\\/#primaryimage\"},\"image\":{\"@id\":\"https:\\\/\\\/herboristeriamerce.com\\\/herboristeria-online\\\/defenses-naturals\\\/defenses\\\/benestar-acerola-starter-vitalitat-natural-en-cada-capsula\\\/#primaryimage\"},\"thumbnailUrl\":\"https:\\\/\\\/herboristeriamerce.com\\\/wp-content\\\/uploads\\\/2025\\\/05\\\/bienestar-starter-activa-400x379-1.png\",\"datePublished\":\"2025-05-02T15:59:28+00:00\",\"dateModified\":\"2025-07-09T14:53:02+00:00\",\"description\":\"Vitalitat natural en cada c\u00e0psula: Bienestar\u202fAcerola\u202fStarter t\u2019ofereix energia i defenses amb Vitamina\u202fC concentrada. Descobreix\u2011ho i compra ara\",\"breadcrumb\":{\"@id\":\"https:\\\/\\\/herboristeriamerce.com\\\/herboristeria-online\\\/defenses-naturals\\\/defenses\\\/benestar-acerola-starter-vitalitat-natural-en-cada-capsula\\\/#breadcrumb\"},\"inLanguage\":\"es\",\"potentialAction\":[{\"@type\":\"ReadAction\",\"target\":[\"https:\\\/\\\/herboristeriamerce.com\\\/herboristeria-online\\\/defenses-naturals\\\/defenses\\\/benestar-acerola-starter-vitalitat-natural-en-cada-capsula\\\/\"]}]},{\"@type\":\"ImageObject\",\"inLanguage\":\"es\",\"@id\":\"https:\\\/\\\/herboristeriamerce.com\\\/herboristeria-online\\\/defenses-naturals\\\/defenses\\\/benestar-acerola-starter-vitalitat-natural-en-cada-capsula\\\/#primaryimage\",\"url\":\"https:\\\/\\\/herboristeriamerce.com\\\/wp-content\\\/uploads\\\/2025\\\/05\\\/bienestar-starter-activa-400x379-1.png\",\"contentUrl\":\"https:\\\/\\\/herboristeriamerce.com\\\/wp-content\\\/uploads\\\/2025\\\/05\\\/bienestar-starter-activa-400x379-1.png\",\"width\":400,\"height\":379},{\"@type\":\"BreadcrumbList\",\"@id\":\"https:\\\/\\\/herboristeriamerce.com\\\/herboristeria-online\\\/defenses-naturals\\\/defenses\\\/benestar-acerola-starter-vitalitat-natural-en-cada-capsula\\\/#breadcrumb\",\"itemListElement\":[{\"@type\":\"ListItem\",\"position\":1,\"name\":\"Inici\",\"item\":\"https:\\\/\\\/herboristeriamerce.com\\\/\"},{\"@type\":\"ListItem\",\"position\":2,\"name\":\"Herboristeria online\",\"item\":\"https:\\\/\\\/herboristeriamerce.com\\\/herboristeria-online\\\/\"},{\"@type\":\"ListItem\",\"position\":3,\"name\":\"Benestar Acerola Starter\"}]},{\"@type\":\"WebSite\",\"@id\":\"https:\\\/\\\/herboristeriamerce.com\\\/#website\",\"url\":\"https:\\\/\\\/herboristeriamerce.com\\\/\",\"name\":\"Herbolari Merc\u00e8\",\"description\":\"Herbolari a Terrassa\",\"publisher\":{\"@id\":\"https:\\\/\\\/herboristeriamerce.com\\\/#organization\"},\"potentialAction\":[{\"@type\":\"SearchAction\",\"target\":{\"@type\":\"EntryPoint\",\"urlTemplate\":\"https:\\\/\\\/herboristeriamerce.com\\\/?s={search_term_string}\"},\"query-input\":{\"@type\":\"PropertyValueSpecification\",\"valueRequired\":true,\"valueName\":\"search_term_string\"}}],\"inLanguage\":\"es\"},{\"@type\":\"Organization\",\"@id\":\"https:\\\/\\\/herboristeriamerce.com\\\/#organization\",\"name\":\"Herbolari Merc\u00e8\",\"url\":\"https:\\\/\\\/herboristeriamerce.com\\\/\",\"logo\":{\"@type\":\"ImageObject\",\"inLanguage\":\"es\",\"@id\":\"https:\\\/\\\/herboristeriamerce.com\\\/#\\\/schema\\\/logo\\\/image\\\/\",\"url\":\"https:\\\/\\\/herboristeriamerce.com\\\/wp-content\\\/uploads\\\/2025\\\/04\\\/cropped-logo-herboristeria-330x168-229w.webp\",\"contentUrl\":\"https:\\\/\\\/herboristeriamerce.com\\\/wp-content\\\/uploads\\\/2025\\\/04\\\/cropped-logo-herboristeria-330x168-229w.webp\",\"width\":230,\"height\":117,\"caption\":\"Herbolari Merc\u00e8\"},\"image\":{\"@id\":\"https:\\\/\\\/herboristeriamerce.com\\\/#\\\/schema\\\/logo\\\/image\\\/\"}}]}<\/script>\n<!-- \/ Yoast SEO plugin. -->","yoast_head_json":{"title":"Benestar Acerola Starter - Herbolari Merc\u00e8 Vitalitat natural en cada c\u00e0psula","description":"Vitalitat natural en cada c\u00e0psula: Bienestar\u202fAcerola\u202fStarter t\u2019ofereix energia i defenses amb Vitamina\u202fC concentrada. Descobreix\u2011ho i compra ara","robots":{"index":"index","follow":"follow","max-snippet":"max-snippet:-1","max-image-preview":"max-image-preview:large","max-video-preview":"max-video-preview:-1"},"canonical":"https:\/\/herboristeriamerce.com\/es\/herboristeria-online\/defenses-naturals\/defenses\/benestar-acerola-starter-vitalitat-natural-en-cada-capsula\/","og_locale":"es_ES","og_type":"article","og_title":"Benestar Acerola Starter - Herbolari Merc\u00e8 Vitalitat natural en cada c\u00e0psula","og_description":"Vitalitat natural en cada c\u00e0psula: Bienestar\u202fAcerola\u202fStarter t\u2019ofereix energia i defenses amb Vitamina\u202fC concentrada. Descobreix\u2011ho i compra ara","og_url":"https:\/\/herboristeriamerce.com\/es\/herboristeria-online\/defenses-naturals\/defenses\/benestar-acerola-starter-vitalitat-natural-en-cada-capsula\/","og_site_name":"Herbolari Merc\u00e8","article_modified_time":"2025-07-09T14:53:02+00:00","og_image":[{"width":400,"height":379,"url":"https:\/\/herboristeriamerce.com\/wp-content\/uploads\/2025\/05\/bienestar-starter-activa-400x379-1.png","type":"image\/png"}],"twitter_card":"summary_large_image","twitter_misc":{"Tiempo de lectura":"4 minutos"},"schema":{"@context":"https:\/\/schema.org","@graph":[{"@type":"WebPage","@id":"https:\/\/herboristeriamerce.com\/herboristeria-online\/defenses-naturals\/defenses\/benestar-acerola-starter-vitalitat-natural-en-cada-capsula\/","url":"https:\/\/herboristeriamerce.com\/herboristeria-online\/defenses-naturals\/defenses\/benestar-acerola-starter-vitalitat-natural-en-cada-capsula\/","name":"Benestar Acerola Starter - Herbolari Merc\u00e8 Vitalitat natural en cada c\u00e0psula","isPartOf":{"@id":"https:\/\/herboristeriamerce.com\/#website"},"primaryImageOfPage":{"@id":"https:\/\/herboristeriamerce.com\/herboristeria-online\/defenses-naturals\/defenses\/benestar-acerola-starter-vitalitat-natural-en-cada-capsula\/#primaryimage"},"image":{"@id":"https:\/\/herboristeriamerce.com\/herboristeria-online\/defenses-naturals\/defenses\/benestar-acerola-starter-vitalitat-natural-en-cada-capsula\/#primaryimage"},"thumbnailUrl":"https:\/\/herboristeriamerce.com\/wp-content\/uploads\/2025\/05\/bienestar-starter-activa-400x379-1.png","datePublished":"2025-05-02T15:59:28+00:00","dateModified":"2025-07-09T14:53:02+00:00","description":"Vitalitat natural en cada c\u00e0psula: Bienestar\u202fAcerola\u202fStarter t\u2019ofereix energia i defenses amb Vitamina\u202fC concentrada. Descobreix\u2011ho i compra ara","breadcrumb":{"@id":"https:\/\/herboristeriamerce.com\/herboristeria-online\/defenses-naturals\/defenses\/benestar-acerola-starter-vitalitat-natural-en-cada-capsula\/#breadcrumb"},"inLanguage":"es","potentialAction":[{"@type":"ReadAction","target":["https:\/\/herboristeriamerce.com\/herboristeria-online\/defenses-naturals\/defenses\/benestar-acerola-starter-vitalitat-natural-en-cada-capsula\/"]}]},{"@type":"ImageObject","inLanguage":"es","@id":"https:\/\/herboristeriamerce.com\/herboristeria-online\/defenses-naturals\/defenses\/benestar-acerola-starter-vitalitat-natural-en-cada-capsula\/#primaryimage","url":"https:\/\/herboristeriamerce.com\/wp-content\/uploads\/2025\/05\/bienestar-starter-activa-400x379-1.png","contentUrl":"https:\/\/herboristeriamerce.com\/wp-content\/uploads\/2025\/05\/bienestar-starter-activa-400x379-1.png","width":400,"height":379},{"@type":"BreadcrumbList","@id":"https:\/\/herboristeriamerce.com\/herboristeria-online\/defenses-naturals\/defenses\/benestar-acerola-starter-vitalitat-natural-en-cada-capsula\/#breadcrumb","itemListElement":[{"@type":"ListItem","position":1,"name":"Inici","item":"https:\/\/herboristeriamerce.com\/"},{"@type":"ListItem","position":2,"name":"Herboristeria online","item":"https:\/\/herboristeriamerce.com\/herboristeria-online\/"},{"@type":"ListItem","position":3,"name":"Benestar Acerola Starter"}]},{"@type":"WebSite","@id":"https:\/\/herboristeriamerce.com\/#website","url":"https:\/\/herboristeriamerce.com\/","name":"Herbolari Merc\u00e8","description":"Herbolari a Terrassa","publisher":{"@id":"https:\/\/herboristeriamerce.com\/#organization"},"potentialAction":[{"@type":"SearchAction","target":{"@type":"EntryPoint","urlTemplate":"https:\/\/herboristeriamerce.com\/?s={search_term_string}"},"query-input":{"@type":"PropertyValueSpecification","valueRequired":true,"valueName":"search_term_string"}}],"inLanguage":"es"},{"@type":"Organization","@id":"https:\/\/herboristeriamerce.com\/#organization","name":"Herbolari Merc\u00e8","url":"https:\/\/herboristeriamerce.com\/","logo":{"@type":"ImageObject","inLanguage":"es","@id":"https:\/\/herboristeriamerce.com\/#\/schema\/logo\/image\/","url":"https:\/\/herboristeriamerce.com\/wp-content\/uploads\/2025\/04\/cropped-logo-herboristeria-330x168-229w.webp","contentUrl":"https:\/\/herboristeriamerce.com\/wp-content\/uploads\/2025\/04\/cropped-logo-herboristeria-330x168-229w.webp","width":230,"height":117,"caption":"Herbolari Merc\u00e8"},"image":{"@id":"https:\/\/herboristeriamerce.com\/#\/schema\/logo\/image\/"}}]}},"_links":{"self":[{"href":"https:\/\/herboristeriamerce.com\/es\/wp-json\/wp\/v2\/product\/1083","targetHints":{"allow":["GET"]}}],"collection":[{"href":"https:\/\/herboristeriamerce.com\/es\/wp-json\/wp\/v2\/product"}],"about":[{"href":"https:\/\/herboristeriamerce.com\/es\/wp-json\/wp\/v2\/types\/product"}],"replies":[{"embeddable":true,"href":"https:\/\/herboristeriamerce.com\/es\/wp-json\/wp\/v2\/comments?post=1083"}],"wp:featuredmedia":[{"embeddable":true,"href":"https:\/\/herboristeriamerce.com\/es\/wp-json\/wp\/v2\/media\/1084"}],"wp:attachment":[{"href":"https:\/\/herboristeriamerce.com\/es\/wp-json\/wp\/v2\/media?parent=1083"}],"wp:term":[{"taxonomy":"product_brand","embeddable":true,"href":"https:\/\/herboristeriamerce.com\/es\/wp-json\/wp\/v2\/product_brand?post=1083"},{"taxonomy":"product_cat","embeddable":true,"href":"https:\/\/herboristeriamerce.com\/es\/wp-json\/wp\/v2\/product_cat?post=1083"},{"taxonomy":"product_tag","embeddable":true,"href":"https:\/\/herboristeriamerce.com\/es\/wp-json\/wp\/v2\/product_tag?post=1083"}],"curies":[{"name":"wp","href":"https:\/\/api.w.org\/{rel}","templated":true}]}}