{"id":1079,"date":"2025-05-02T15:50:38","date_gmt":"2025-05-02T15:50:38","guid":{"rendered":"https:\/\/herboristeriamerce.com\/?post_type=product&#038;p=1079"},"modified":"2025-07-09T15:26:45","modified_gmt":"2025-07-09T15:26:45","slug":"benestar-serenitat-pau-interior-i-calma-natural-en-cada-capsula","status":"publish","type":"product","link":"https:\/\/herboristeriamerce.com\/es\/herboristeria-online\/sistema-nervios\/relax\/benestar-serenitat-pau-interior-i-calma-natural-en-cada-capsula\/","title":{"rendered":"Benestar Serenitat"},"content":{"rendered":"<p data-start=\"110\" data-end=\"168\"><strong data-start=\"110\" data-end=\"168\">Bienestar Serenidad: calma natural i benestar interior<\/strong><\/p>\n<h3 data-start=\"170\" data-end=\"229\">Una f\u00f3rmula natural per recuperar l\u2019equilibri emocional<\/h3>\n<p data-start=\"231\" data-end=\"632\">Si busques una soluci\u00f3 efica\u00e7 i natural per combatre l\u2019estr\u00e8s diari, Bienestar Serenidad \u00e9s el suplement ideal. Amb una f\u00f3rmula 100% natural, aquest producte ofereix calma natural i benestar interior, ajudant-te a recuperar la tranquil\u00b7litat i l\u2019equilibri emocional de manera suau i segura. A m\u00e9s, \u00e9s una opci\u00f3 perfecta per a qui vol una alternativa saludable que no generi efectes secundaris ni depend\u00e8ncia.<\/p>\n<h3 data-start=\"634\" data-end=\"680\">Ingredients naturals amb efectes sin\u00e8rgics<\/h3>\n<p data-start=\"682\" data-end=\"788\">La seva combinaci\u00f3 d\u2019ingredients naturals est\u00e0 especialment formulada per proporcionar un suport integral, per exemple la Matricaria i Melisa (toronjil)<span style=\"font-size: 16px;\"> afavoreixen la relaxaci\u00f3 f\u00edsica i mental. D&#8217;altra banda l&#8217;<\/span>espi blanc i Til\u00b7la<span style=\"font-size: 16px;\"> redueixen la irritabilitat i mantenen un estat de calma prolongat. A m\u00e9s la <\/span>Rosella de Calif\u00f2rnia\u00a0<span style=\"font-size: 16px;\">ajuda a gestionar millor l\u2019estr\u00e8s quotidi\u00e0. Mentre que la <\/span>Melatonina<span style=\"font-size: 16px;\"> facilita un somni reparador, reduint el temps d\u2019adormiment i millorant la qualitat del descans.<\/span><\/p>\n<h3 data-start=\"1152\" data-end=\"1181\">Presentaci\u00f3 i dosificaci\u00f3<\/h3>\n<p data-start=\"1183\" data-end=\"1445\">Bienestar Serenidad es presenta en un format pr\u00e0ctic de 30 c\u00e0psules, amb una dosi recomanada d\u2019una c\u00e0psula al dia, preferiblement entre \u00e0pats. Aquest suplement pot obrir-se si es vol, facilitant la seva presa per a persones amb dificultats per empassar c\u00e0psules.<\/p>\n<h3 data-start=\"1447\" data-end=\"1476\">Seguretat i recomanacions<\/h3>\n<p data-start=\"1478\" data-end=\"1845\">Aquest suplement no cont\u00e9 colorants artificials ni organismes gen\u00e8ticament modificats (OGM), garantint una experi\u00e8ncia natural i segura. Est\u00e0 pensat per complementar una dieta equilibrada i un estil de vida saludable. No es recomana el seu consum durant l\u2019embar\u00e0s, i sempre \u00e9s aconsellable consultar un professional sanitari abans de comen\u00e7ar qualsevol suplementaci\u00f3.<\/p>\n<h3 data-start=\"1847\" data-end=\"1883\">Beneficis de Bienestar Serenidad<\/h3>\n<p data-start=\"1885\" data-end=\"2168\">Apostar per Bienestar Serenidad \u00e9s apostar per una vida amb menys estr\u00e8s, m\u00e9s descans i un estat de calma natural i benestar interior durador. Recupera la teva energia i equilibri amb aquesta soluci\u00f3 natural i fiable, que t\u2019acompanyar\u00e0 dia a dia en el teu benestar emocional i f\u00edsic.<\/p>\n<p data-start=\"49\" data-end=\"140\"><a class=\"\" href=\"https:\/\/www.bienestarserenidad.com\" target=\"_new\" rel=\"noopener\" data-start=\"49\" data-end=\"140\">Descobreix m\u00e9s sobre Bienestar Serenidad<\/a><\/p>\n<table cellspacing=\"0\" cellpadding=\"0\">\n<tbody>\n<tr>\n<td><img decoding=\"async\" src=\"https:\/\/fr.activastore.com\/img\/cms\/Pictos%20fiche%20produit\/gelule-vegetale.png\" alt=\"\" width=\"100\" height=\"100\" \/><\/td>\n<td><img decoding=\"async\" src=\"https:\/\/es.activastore.com\/img\/cms\/Pictos%20fiche%20produit\/icon_extraits.png\" alt=\"icon_extraits.png\" width=\"100\" height=\"100\" \/><\/td>\n<td><img decoding=\"async\" src=\"https:\/\/es.activastore.com\/img\/cms\/Pictos%20fiche%20produit\/icon-femmes-allaitantes.png\" alt=\"icon-femmes-enceintes-allaitantes.png\" width=\"100\" height=\"100\" \/><\/td>\n<\/tr>\n<tr>\n<td>C\u00e0psula 100% vegetal<\/td>\n<td>100% Extractes secs titulats<\/td>\n<td>Dones lactants<\/td>\n<\/tr>\n<\/tbody>\n<\/table>","protected":false},"excerpt":{"rendered":"<p><span class=\"Y2IQFc\" lang=\"ca\">Ajuda a recuperar la calma i la tranquil\u00b7litat. Ajuda a fer front a l&#8217;estr\u00e8s diari. <\/span><\/p>\n<p><span class=\"Y2IQFc\" lang=\"ca\">Actius: Matricaria, Toronjil, Espino, Rosella de Calif\u00f2rnia, Melatonina.<\/span><\/p>","protected":false},"featured_media":1080,"comment_status":"open","ping_status":"closed","template":"","meta":{"site-sidebar-layout":"default","site-content-layout":"","ast-site-content-layout":"default","site-content-style":"default","site-sidebar-style":"default","ast-global-header-display":"","ast-banner-title-visibility":"","ast-main-header-display":"","ast-hfb-above-header-display":"","ast-hfb-below-header-display":"","ast-hfb-mobile-header-display":"","site-post-title":"","ast-breadcrumbs-content":"","ast-featured-img":"","footer-sml-layout":"","ast-disable-related-posts":"","theme-transparent-header-meta":"default","adv-header-id-meta":"","stick-header-meta":"","header-above-stick-meta":"","header-main-stick-meta":"","header-below-stick-meta":"","astra-migrate-meta-layouts":"set","ast-page-background-enabled":"default","ast-page-background-meta":{"desktop":{"background-color":"var(--ast-global-color-4)","background-image":"","background-repeat":"repeat","background-position":"center center","background-size":"auto","background-attachment":"scroll","background-type":"","background-media":"","overlay-type":"","overlay-color":"","overlay-opacity":"","overlay-gradient":""},"tablet":{"background-color":"","background-image":"","background-repeat":"repeat","background-position":"center center","background-size":"auto","background-attachment":"scroll","background-type":"","background-media":"","overlay-type":"","overlay-color":"","overlay-opacity":"","overlay-gradient":""},"mobile":{"background-color":"","background-image":"","background-repeat":"repeat","background-position":"center center","background-size":"auto","background-attachment":"scroll","background-type":"","background-media":"","overlay-type":"","overlay-color":"","overlay-opacity":"","overlay-gradient":""}},"ast-content-background-meta":{"desktop":{"background-color":"var(--ast-global-color-5)","background-image":"","background-repeat":"repeat","background-position":"center center","background-size":"auto","background-attachment":"scroll","background-type":"","background-media":"","overlay-type":"","overlay-color":"","overlay-opacity":"","overlay-gradient":""},"tablet":{"background-color":"var(--ast-global-color-5)","background-image":"","background-repeat":"repeat","background-position":"center center","background-size":"auto","background-attachment":"scroll","background-type":"","background-media":"","overlay-type":"","overlay-color":"","overlay-opacity":"","overlay-gradient":""},"mobile":{"background-color":"var(--ast-global-color-5)","background-image":"","background-repeat":"repeat","background-position":"center center","background-size":"auto","background-attachment":"scroll","background-type":"","background-media":"","overlay-type":"","overlay-color":"","overlay-opacity":"","overlay-gradient":""}}},"product_brand":[19],"product_cat":[103,22],"product_tag":[173,175],"class_list":{"0":"post-1079","1":"product","2":"type-product","3":"status-publish","4":"has-post-thumbnail","6":"product_brand-activa","7":"product_cat-relax","8":"product_cat-sistema-nervios","9":"product_tag-capsula-100vegetal","10":"product_tag-lactants","11":"desktop-align-left","12":"tablet-align-left","13":"mobile-align-left","15":"first","16":"instock","17":"taxable","18":"shipping-taxable","19":"purchasable","20":"product-type-simple"},"yoast_head":"<!-- This site is optimized with the Yoast SEO plugin v27.5 - https:\/\/yoast.com\/product\/yoast-seo-wordpress\/ -->\n<title>Benestar Serenitat - Herbolari Merc\u00e8 Calma natural i benestar interior<\/title>\n<meta name=\"description\" content=\"Bienestar Serenidad t\u2019ofereix calma natural per al teu benestar interior, ajudant-te a reduir l\u2019estr\u00e8s i millorar el descans amb ingredients 100% naturals.\" \/>\n<meta name=\"robots\" content=\"index, follow, max-snippet:-1, max-image-preview:large, max-video-preview:-1\" \/>\n<link rel=\"canonical\" href=\"https:\/\/herboristeriamerce.com\/es\/herboristeria-online\/sistema-nervios\/relax\/benestar-serenitat-pau-interior-i-calma-natural-en-cada-capsula\/\" \/>\n<meta property=\"og:locale\" content=\"es_ES\" \/>\n<meta property=\"og:type\" content=\"article\" \/>\n<meta property=\"og:title\" content=\"Benestar Serenitat - Herbolari Merc\u00e8 Calma natural i benestar interior\" \/>\n<meta property=\"og:description\" content=\"Bienestar Serenidad t\u2019ofereix calma natural per al teu benestar interior, ajudant-te a reduir l\u2019estr\u00e8s i millorar el descans amb ingredients 100% naturals.\" \/>\n<meta property=\"og:url\" content=\"https:\/\/herboristeriamerce.com\/es\/herboristeria-online\/sistema-nervios\/relax\/benestar-serenitat-pau-interior-i-calma-natural-en-cada-capsula\/\" \/>\n<meta property=\"og:site_name\" content=\"Herbolari Merc\u00e8\" \/>\n<meta property=\"article:modified_time\" content=\"2025-07-09T15:26:45+00:00\" \/>\n<meta property=\"og:image\" content=\"https:\/\/herboristeriamerce.com\/wp-content\/uploads\/2025\/05\/bienestar-serenidad-activa-400x379-1.png\" \/>\n\t<meta property=\"og:image:width\" content=\"400\" \/>\n\t<meta property=\"og:image:height\" content=\"379\" \/>\n\t<meta property=\"og:image:type\" content=\"image\/png\" \/>\n<meta name=\"twitter:card\" content=\"summary_large_image\" \/>\n<meta name=\"twitter:label1\" content=\"Tiempo de lectura\" \/>\n\t<meta name=\"twitter:data1\" content=\"3 minutos\" \/>\n<script type=\"application\/ld+json\" class=\"yoast-schema-graph\">{\"@context\":\"https:\\\/\\\/schema.org\",\"@graph\":[{\"@type\":\"WebPage\",\"@id\":\"https:\\\/\\\/herboristeriamerce.com\\\/herboristeria-online\\\/sistema-nervios\\\/relax\\\/benestar-serenitat-pau-interior-i-calma-natural-en-cada-capsula\\\/\",\"url\":\"https:\\\/\\\/herboristeriamerce.com\\\/herboristeria-online\\\/sistema-nervios\\\/relax\\\/benestar-serenitat-pau-interior-i-calma-natural-en-cada-capsula\\\/\",\"name\":\"Benestar Serenitat - Herbolari Merc\u00e8 Calma natural i benestar interior\",\"isPartOf\":{\"@id\":\"https:\\\/\\\/herboristeriamerce.com\\\/#website\"},\"primaryImageOfPage\":{\"@id\":\"https:\\\/\\\/herboristeriamerce.com\\\/herboristeria-online\\\/sistema-nervios\\\/relax\\\/benestar-serenitat-pau-interior-i-calma-natural-en-cada-capsula\\\/#primaryimage\"},\"image\":{\"@id\":\"https:\\\/\\\/herboristeriamerce.com\\\/herboristeria-online\\\/sistema-nervios\\\/relax\\\/benestar-serenitat-pau-interior-i-calma-natural-en-cada-capsula\\\/#primaryimage\"},\"thumbnailUrl\":\"https:\\\/\\\/herboristeriamerce.com\\\/wp-content\\\/uploads\\\/2025\\\/05\\\/bienestar-serenidad-activa-400x379-1.png\",\"datePublished\":\"2025-05-02T15:50:38+00:00\",\"dateModified\":\"2025-07-09T15:26:45+00:00\",\"description\":\"Bienestar Serenidad t\u2019ofereix calma natural per al teu benestar interior, ajudant-te a reduir l\u2019estr\u00e8s i millorar el descans amb ingredients 100% naturals.\",\"breadcrumb\":{\"@id\":\"https:\\\/\\\/herboristeriamerce.com\\\/herboristeria-online\\\/sistema-nervios\\\/relax\\\/benestar-serenitat-pau-interior-i-calma-natural-en-cada-capsula\\\/#breadcrumb\"},\"inLanguage\":\"es\",\"potentialAction\":[{\"@type\":\"ReadAction\",\"target\":[\"https:\\\/\\\/herboristeriamerce.com\\\/herboristeria-online\\\/sistema-nervios\\\/relax\\\/benestar-serenitat-pau-interior-i-calma-natural-en-cada-capsula\\\/\"]}]},{\"@type\":\"ImageObject\",\"inLanguage\":\"es\",\"@id\":\"https:\\\/\\\/herboristeriamerce.com\\\/herboristeria-online\\\/sistema-nervios\\\/relax\\\/benestar-serenitat-pau-interior-i-calma-natural-en-cada-capsula\\\/#primaryimage\",\"url\":\"https:\\\/\\\/herboristeriamerce.com\\\/wp-content\\\/uploads\\\/2025\\\/05\\\/bienestar-serenidad-activa-400x379-1.png\",\"contentUrl\":\"https:\\\/\\\/herboristeriamerce.com\\\/wp-content\\\/uploads\\\/2025\\\/05\\\/bienestar-serenidad-activa-400x379-1.png\",\"width\":400,\"height\":379},{\"@type\":\"BreadcrumbList\",\"@id\":\"https:\\\/\\\/herboristeriamerce.com\\\/herboristeria-online\\\/sistema-nervios\\\/relax\\\/benestar-serenitat-pau-interior-i-calma-natural-en-cada-capsula\\\/#breadcrumb\",\"itemListElement\":[{\"@type\":\"ListItem\",\"position\":1,\"name\":\"Inici\",\"item\":\"https:\\\/\\\/herboristeriamerce.com\\\/\"},{\"@type\":\"ListItem\",\"position\":2,\"name\":\"Herboristeria online\",\"item\":\"https:\\\/\\\/herboristeriamerce.com\\\/herboristeria-online\\\/\"},{\"@type\":\"ListItem\",\"position\":3,\"name\":\"Benestar Serenitat\"}]},{\"@type\":\"WebSite\",\"@id\":\"https:\\\/\\\/herboristeriamerce.com\\\/#website\",\"url\":\"https:\\\/\\\/herboristeriamerce.com\\\/\",\"name\":\"Herbolari Merc\u00e8\",\"description\":\"Herbolari a Terrassa\",\"publisher\":{\"@id\":\"https:\\\/\\\/herboristeriamerce.com\\\/#organization\"},\"potentialAction\":[{\"@type\":\"SearchAction\",\"target\":{\"@type\":\"EntryPoint\",\"urlTemplate\":\"https:\\\/\\\/herboristeriamerce.com\\\/?s={search_term_string}\"},\"query-input\":{\"@type\":\"PropertyValueSpecification\",\"valueRequired\":true,\"valueName\":\"search_term_string\"}}],\"inLanguage\":\"es\"},{\"@type\":\"Organization\",\"@id\":\"https:\\\/\\\/herboristeriamerce.com\\\/#organization\",\"name\":\"Herbolari Merc\u00e8\",\"url\":\"https:\\\/\\\/herboristeriamerce.com\\\/\",\"logo\":{\"@type\":\"ImageObject\",\"inLanguage\":\"es\",\"@id\":\"https:\\\/\\\/herboristeriamerce.com\\\/#\\\/schema\\\/logo\\\/image\\\/\",\"url\":\"https:\\\/\\\/herboristeriamerce.com\\\/wp-content\\\/uploads\\\/2025\\\/04\\\/cropped-logo-herboristeria-330x168-229w.webp\",\"contentUrl\":\"https:\\\/\\\/herboristeriamerce.com\\\/wp-content\\\/uploads\\\/2025\\\/04\\\/cropped-logo-herboristeria-330x168-229w.webp\",\"width\":230,\"height\":117,\"caption\":\"Herbolari Merc\u00e8\"},\"image\":{\"@id\":\"https:\\\/\\\/herboristeriamerce.com\\\/#\\\/schema\\\/logo\\\/image\\\/\"}}]}<\/script>\n<!-- \/ Yoast SEO plugin. -->","yoast_head_json":{"title":"Benestar Serenitat - Herbolari Merc\u00e8 Calma natural i benestar interior","description":"Bienestar Serenidad t\u2019ofereix calma natural per al teu benestar interior, ajudant-te a reduir l\u2019estr\u00e8s i millorar el descans amb ingredients 100% naturals.","robots":{"index":"index","follow":"follow","max-snippet":"max-snippet:-1","max-image-preview":"max-image-preview:large","max-video-preview":"max-video-preview:-1"},"canonical":"https:\/\/herboristeriamerce.com\/es\/herboristeria-online\/sistema-nervios\/relax\/benestar-serenitat-pau-interior-i-calma-natural-en-cada-capsula\/","og_locale":"es_ES","og_type":"article","og_title":"Benestar Serenitat - Herbolari Merc\u00e8 Calma natural i benestar interior","og_description":"Bienestar Serenidad t\u2019ofereix calma natural per al teu benestar interior, ajudant-te a reduir l\u2019estr\u00e8s i millorar el descans amb ingredients 100% naturals.","og_url":"https:\/\/herboristeriamerce.com\/es\/herboristeria-online\/sistema-nervios\/relax\/benestar-serenitat-pau-interior-i-calma-natural-en-cada-capsula\/","og_site_name":"Herbolari Merc\u00e8","article_modified_time":"2025-07-09T15:26:45+00:00","og_image":[{"width":400,"height":379,"url":"https:\/\/herboristeriamerce.com\/wp-content\/uploads\/2025\/05\/bienestar-serenidad-activa-400x379-1.png","type":"image\/png"}],"twitter_card":"summary_large_image","twitter_misc":{"Tiempo de lectura":"3 minutos"},"schema":{"@context":"https:\/\/schema.org","@graph":[{"@type":"WebPage","@id":"https:\/\/herboristeriamerce.com\/herboristeria-online\/sistema-nervios\/relax\/benestar-serenitat-pau-interior-i-calma-natural-en-cada-capsula\/","url":"https:\/\/herboristeriamerce.com\/herboristeria-online\/sistema-nervios\/relax\/benestar-serenitat-pau-interior-i-calma-natural-en-cada-capsula\/","name":"Benestar Serenitat - Herbolari Merc\u00e8 Calma natural i benestar interior","isPartOf":{"@id":"https:\/\/herboristeriamerce.com\/#website"},"primaryImageOfPage":{"@id":"https:\/\/herboristeriamerce.com\/herboristeria-online\/sistema-nervios\/relax\/benestar-serenitat-pau-interior-i-calma-natural-en-cada-capsula\/#primaryimage"},"image":{"@id":"https:\/\/herboristeriamerce.com\/herboristeria-online\/sistema-nervios\/relax\/benestar-serenitat-pau-interior-i-calma-natural-en-cada-capsula\/#primaryimage"},"thumbnailUrl":"https:\/\/herboristeriamerce.com\/wp-content\/uploads\/2025\/05\/bienestar-serenidad-activa-400x379-1.png","datePublished":"2025-05-02T15:50:38+00:00","dateModified":"2025-07-09T15:26:45+00:00","description":"Bienestar Serenidad t\u2019ofereix calma natural per al teu benestar interior, ajudant-te a reduir l\u2019estr\u00e8s i millorar el descans amb ingredients 100% naturals.","breadcrumb":{"@id":"https:\/\/herboristeriamerce.com\/herboristeria-online\/sistema-nervios\/relax\/benestar-serenitat-pau-interior-i-calma-natural-en-cada-capsula\/#breadcrumb"},"inLanguage":"es","potentialAction":[{"@type":"ReadAction","target":["https:\/\/herboristeriamerce.com\/herboristeria-online\/sistema-nervios\/relax\/benestar-serenitat-pau-interior-i-calma-natural-en-cada-capsula\/"]}]},{"@type":"ImageObject","inLanguage":"es","@id":"https:\/\/herboristeriamerce.com\/herboristeria-online\/sistema-nervios\/relax\/benestar-serenitat-pau-interior-i-calma-natural-en-cada-capsula\/#primaryimage","url":"https:\/\/herboristeriamerce.com\/wp-content\/uploads\/2025\/05\/bienestar-serenidad-activa-400x379-1.png","contentUrl":"https:\/\/herboristeriamerce.com\/wp-content\/uploads\/2025\/05\/bienestar-serenidad-activa-400x379-1.png","width":400,"height":379},{"@type":"BreadcrumbList","@id":"https:\/\/herboristeriamerce.com\/herboristeria-online\/sistema-nervios\/relax\/benestar-serenitat-pau-interior-i-calma-natural-en-cada-capsula\/#breadcrumb","itemListElement":[{"@type":"ListItem","position":1,"name":"Inici","item":"https:\/\/herboristeriamerce.com\/"},{"@type":"ListItem","position":2,"name":"Herboristeria online","item":"https:\/\/herboristeriamerce.com\/herboristeria-online\/"},{"@type":"ListItem","position":3,"name":"Benestar Serenitat"}]},{"@type":"WebSite","@id":"https:\/\/herboristeriamerce.com\/#website","url":"https:\/\/herboristeriamerce.com\/","name":"Herbolari Merc\u00e8","description":"Herbolari a Terrassa","publisher":{"@id":"https:\/\/herboristeriamerce.com\/#organization"},"potentialAction":[{"@type":"SearchAction","target":{"@type":"EntryPoint","urlTemplate":"https:\/\/herboristeriamerce.com\/?s={search_term_string}"},"query-input":{"@type":"PropertyValueSpecification","valueRequired":true,"valueName":"search_term_string"}}],"inLanguage":"es"},{"@type":"Organization","@id":"https:\/\/herboristeriamerce.com\/#organization","name":"Herbolari Merc\u00e8","url":"https:\/\/herboristeriamerce.com\/","logo":{"@type":"ImageObject","inLanguage":"es","@id":"https:\/\/herboristeriamerce.com\/#\/schema\/logo\/image\/","url":"https:\/\/herboristeriamerce.com\/wp-content\/uploads\/2025\/04\/cropped-logo-herboristeria-330x168-229w.webp","contentUrl":"https:\/\/herboristeriamerce.com\/wp-content\/uploads\/2025\/04\/cropped-logo-herboristeria-330x168-229w.webp","width":230,"height":117,"caption":"Herbolari Merc\u00e8"},"image":{"@id":"https:\/\/herboristeriamerce.com\/#\/schema\/logo\/image\/"}}]}},"_links":{"self":[{"href":"https:\/\/herboristeriamerce.com\/es\/wp-json\/wp\/v2\/product\/1079","targetHints":{"allow":["GET"]}}],"collection":[{"href":"https:\/\/herboristeriamerce.com\/es\/wp-json\/wp\/v2\/product"}],"about":[{"href":"https:\/\/herboristeriamerce.com\/es\/wp-json\/wp\/v2\/types\/product"}],"replies":[{"embeddable":true,"href":"https:\/\/herboristeriamerce.com\/es\/wp-json\/wp\/v2\/comments?post=1079"}],"wp:featuredmedia":[{"embeddable":true,"href":"https:\/\/herboristeriamerce.com\/es\/wp-json\/wp\/v2\/media\/1080"}],"wp:attachment":[{"href":"https:\/\/herboristeriamerce.com\/es\/wp-json\/wp\/v2\/media?parent=1079"}],"wp:term":[{"taxonomy":"product_brand","embeddable":true,"href":"https:\/\/herboristeriamerce.com\/es\/wp-json\/wp\/v2\/product_brand?post=1079"},{"taxonomy":"product_cat","embeddable":true,"href":"https:\/\/herboristeriamerce.com\/es\/wp-json\/wp\/v2\/product_cat?post=1079"},{"taxonomy":"product_tag","embeddable":true,"href":"https:\/\/herboristeriamerce.com\/es\/wp-json\/wp\/v2\/product_tag?post=1079"}],"curies":[{"name":"wp","href":"https:\/\/api.w.org\/{rel}","templated":true}]}}