{"id":1016,"date":"2025-04-30T16:24:58","date_gmt":"2025-04-30T16:24:58","guid":{"rendered":"https:\/\/herboristeriamerce.com\/?post_type=product&#038;p=1016"},"modified":"2026-03-02T17:09:57","modified_gmt":"2026-03-02T17:09:57","slug":"aloe-verum-bio-millor-suc-daloe-vera-pur-bio","status":"publish","type":"product","link":"https:\/\/herboristeriamerce.com\/es\/herboristeria-online\/digestio-transit-intestinal\/acidesa-reflux\/aloe-verum-bio-millor-suc-daloe-vera-pur-bio\/","title":{"rendered":"Aloe Verum Bio"},"content":{"rendered":"<p data-path-to-node=\"0\">\n<h2 data-path-to-node=\"2\"><b data-path-to-node=\"2\" data-index-in-node=\"0\">Aloe Verum Bio de Plameca: El pur suc de la natura a casa teva<\/b><\/h2>\n<p data-path-to-node=\"3\">L&#8217;Aloe Verum Bio de Plameca no \u00e9s un suplement m\u00e9s; \u00e9s el primer suc d&#8217;\u00e0loe vera 100% biol\u00f2gic d&#8217;Europa que arriba a les teves mans sense haver passat per cap proc\u00e9s de pasteuritzaci\u00f3. Aquesta caracter\u00edstica \u00e9s fonamental, ja que permet mantenir intactes totes les propietats nutricionals i bioactives de la planta original, oferint-te un producte d&#8217;una puresa excepcional.<\/p>\n<h3 data-path-to-node=\"4\"><b data-path-to-node=\"4\" data-index-in-node=\"0\">El millor suc d&#8217;\u00e0loe vera pur bio<\/b><\/h3>\n<p data-path-to-node=\"5\">Actualment, \u00e9s dif\u00edcil trobar un producte que respecti tant l&#8217;ess\u00e8ncia de la planta com aquest. Per aquest motiu, l&#8217;Aloe Verum Bio es diferencia de la compet\u00e8ncia pel seu comprom\u00eds amb la qualitat des de l&#8217;origen. Les plantes d&#8217;<i data-path-to-node=\"5\" data-index-in-node=\"228\">Aloe vera var. barbadensis Miller<\/i> es cultiven de manera ecol\u00f2gica a Andalusia, sota el sol mediterrani, la qual cosa garanteix una concentraci\u00f3 \u00f2ptima de nutrients. Un cop collides, les fulles es traslladen en menys de 24 hores a la biofactoria per assegurar-ne la frescor absoluta. A m\u00e9s, el suc s&#8217;elabora a m\u00e0, utilitzant exclusivament el gel intern de la fulla fresca, sense triturar la pell per evitar l&#8217;alo\u00efna.<\/p>\n<h3 data-path-to-node=\"6\"><b data-path-to-node=\"6\" data-index-in-node=\"0\">Puresa certificada i respecte pel medi ambient<\/b><\/h3>\n<p data-path-to-node=\"7\">A conseq\u00fc\u00e8ncia d&#8217;aquest rigor\u00f3s proc\u00e9s, el producte compta amb la certificaci\u00f3 de la Comunitat de Castella i Lle\u00f3 com a <b data-path-to-node=\"7\" data-index-in-node=\"120\">Producte Ecol\u00f2gic 100%<\/b>. En triar aquest producte, est\u00e0s optant per una f\u00f3rmula honesta: sense aigua afegida, sense edulcorants, colorants ni aromes artificials. En definitiva, nom\u00e9s trobar\u00e0s un 99% de pur suc i polpa d&#8217;\u00e0loe vera macerat de manera natural.<\/p>\n<p data-path-to-node=\"8\">D&#8217;altra banda, \u00e9s important destacar que l&#8217;ampolla pot experimentar una lleugera deformaci\u00f3. Tanmateix, aix\u00f2 no \u00e9s un defecte, sin\u00f3 un senyal del proc\u00e9s natural de maduraci\u00f3 del suc bio, la qual cosa confirma que el producte \u00e9s realment viu i lliure de tractaments agressius.<\/p>\n<h3 data-path-to-node=\"9\"><b data-path-to-node=\"9\" data-index-in-node=\"0\">Com integrar-lo en la teva rutina di\u00e0ria<\/b><\/h3>\n<p data-path-to-node=\"10\">L&#8217;Aloe Verum Bio \u00e9s un gran aliat per al teu benestar digestiu i general. Gr\u00e0cies a la seva riquesa en enzims i polisac\u00e0rids, ajuda a protegir les mucoses i a millorar el tr\u00e0nsit intestinal de forma suau. Per treure&#8217;n el m\u00e0xim profit, t&#8217;oferim aquestes recomanacions:<\/p>\n<ul data-path-to-node=\"11\">\n<li>\n<p data-path-to-node=\"11,0,0\"><b data-path-to-node=\"11,0,0\" data-index-in-node=\"0\">Per a un efecte general:<\/b> Pren 50 ml (unes 5 cullerades) al mat\u00ed, preferiblement abans de l&#8217;esmorzar.<\/p>\n<\/li>\n<li>\n<p data-path-to-node=\"11,1,0\"><b data-path-to-node=\"11,1,0\" data-index-in-node=\"0\">Per potenciar la digesti\u00f3:<\/b> Pots optar per prendre 25 ml just abans dels principals \u00e0pats.<\/p>\n<\/li>\n<\/ul>\n<p data-path-to-node=\"12\">Finalment, recorda agitar l&#8217;ampolla abans de fer-la servir i, un cop oberta, guarda-la sempre a la nevera per conservar-ne la frescor durant els seg\u00fcents 30 dies.<\/p>","protected":false},"excerpt":{"rendered":"<p>Aloe Verum Bio \u00e9s el primer suc d&#8217;\u00e0loe 100% BIO d&#8217;Europa no pasteuritzat.<\/p>","protected":false},"featured_media":1017,"comment_status":"open","ping_status":"closed","template":"","meta":{"site-sidebar-layout":"default","site-content-layout":"","ast-site-content-layout":"default","site-content-style":"default","site-sidebar-style":"default","ast-global-header-display":"","ast-banner-title-visibility":"","ast-main-header-display":"","ast-hfb-above-header-display":"","ast-hfb-below-header-display":"","ast-hfb-mobile-header-display":"","site-post-title":"","ast-breadcrumbs-content":"","ast-featured-img":"","footer-sml-layout":"","ast-disable-related-posts":"","theme-transparent-header-meta":"default","adv-header-id-meta":"","stick-header-meta":"","header-above-stick-meta":"","header-main-stick-meta":"","header-below-stick-meta":"","astra-migrate-meta-layouts":"set","ast-page-background-enabled":"default","ast-page-background-meta":{"desktop":{"background-color":"var(--ast-global-color-4)","background-image":"","background-repeat":"repeat","background-position":"center center","background-size":"auto","background-attachment":"scroll","background-type":"","background-media":"","overlay-type":"","overlay-color":"","overlay-opacity":"","overlay-gradient":""},"tablet":{"background-color":"","background-image":"","background-repeat":"repeat","background-position":"center center","background-size":"auto","background-attachment":"scroll","background-type":"","background-media":"","overlay-type":"","overlay-color":"","overlay-opacity":"","overlay-gradient":""},"mobile":{"background-color":"","background-image":"","background-repeat":"repeat","background-position":"center center","background-size":"auto","background-attachment":"scroll","background-type":"","background-media":"","overlay-type":"","overlay-color":"","overlay-opacity":"","overlay-gradient":""}},"ast-content-background-meta":{"desktop":{"background-color":"var(--ast-global-color-5)","background-image":"","background-repeat":"repeat","background-position":"center center","background-size":"auto","background-attachment":"scroll","background-type":"","background-media":"","overlay-type":"","overlay-color":"","overlay-opacity":"","overlay-gradient":""},"tablet":{"background-color":"var(--ast-global-color-5)","background-image":"","background-repeat":"repeat","background-position":"center center","background-size":"auto","background-attachment":"scroll","background-type":"","background-media":"","overlay-type":"","overlay-color":"","overlay-opacity":"","overlay-gradient":""},"mobile":{"background-color":"var(--ast-global-color-5)","background-image":"","background-repeat":"repeat","background-position":"center center","background-size":"auto","background-attachment":"scroll","background-type":"","background-media":"","overlay-type":"","overlay-color":"","overlay-opacity":"","overlay-gradient":""}}},"product_brand":[31],"product_cat":[98,93,20,76,46,23,25,99],"product_tag":[],"class_list":{"0":"post-1016","1":"product","2":"type-product","3":"status-publish","4":"has-post-thumbnail","6":"product_brand-plameca","7":"product_cat-acidesa-reflux","8":"product_cat-diuretic","9":"product_cat-energia-vitalitat","10":"product_cat-estat-danim","11":"product_cat-memoria","12":"product_cat-silueta","13":"product_cat-digestio-transit-intestinal","14":"product_cat-transit-intestinal","15":"desktop-align-left","16":"tablet-align-left","17":"mobile-align-left","19":"first","20":"instock","21":"taxable","22":"shipping-taxable","23":"purchasable","24":"product-type-simple"},"yoast_head":"<!-- This site is optimized with the Yoast SEO plugin v27.5 - https:\/\/yoast.com\/product\/yoast-seo-wordpress\/ -->\n<title>Aloe Verum Bio - Herbolari Merc\u00e8 Millor suc d&#039;\u00e0loe vera bio<\/title>\n<meta name=\"description\" content=\"Descobreix el millor suc d&#039;\u00e0loe vera bio de Plameca. 100% ecol\u00f2gic, sense pasteuritzar i elaborat a m\u00e0 per cuidar la teva salut digestiva naturalment.\" \/>\n<meta name=\"robots\" content=\"index, follow, max-snippet:-1, max-image-preview:large, max-video-preview:-1\" \/>\n<link rel=\"canonical\" href=\"https:\/\/herboristeriamerce.com\/es\/herboristeria-online\/digestio-transit-intestinal\/acidesa-reflux\/aloe-verum-bio-millor-suc-daloe-vera-pur-bio\/\" \/>\n<meta property=\"og:locale\" content=\"es_ES\" \/>\n<meta property=\"og:type\" content=\"article\" \/>\n<meta property=\"og:title\" content=\"Aloe Verum Bio - Herbolari Merc\u00e8 Millor suc d&#039;\u00e0loe vera bio\" \/>\n<meta property=\"og:description\" content=\"Descobreix el millor suc d&#039;\u00e0loe vera bio de Plameca. 100% ecol\u00f2gic, sense pasteuritzar i elaborat a m\u00e0 per cuidar la teva salut digestiva naturalment.\" \/>\n<meta property=\"og:url\" content=\"https:\/\/herboristeriamerce.com\/es\/herboristeria-online\/digestio-transit-intestinal\/acidesa-reflux\/aloe-verum-bio-millor-suc-daloe-vera-pur-bio\/\" \/>\n<meta property=\"og:site_name\" content=\"Herbolari Merc\u00e8\" \/>\n<meta property=\"article:modified_time\" content=\"2026-03-02T17:09:57+00:00\" \/>\n<meta property=\"og:image\" content=\"https:\/\/herboristeriamerce.com\/wp-content\/uploads\/2025\/04\/ALOE-VERUM.png\" \/>\n\t<meta property=\"og:image:width\" content=\"264\" \/>\n\t<meta property=\"og:image:height\" content=\"301\" \/>\n\t<meta property=\"og:image:type\" content=\"image\/png\" \/>\n<meta name=\"twitter:card\" content=\"summary_large_image\" \/>\n<meta name=\"twitter:label1\" content=\"Tiempo de lectura\" \/>\n\t<meta name=\"twitter:data1\" content=\"3 minutos\" \/>\n<script type=\"application\/ld+json\" class=\"yoast-schema-graph\">{\"@context\":\"https:\\\/\\\/schema.org\",\"@graph\":[{\"@type\":\"WebPage\",\"@id\":\"https:\\\/\\\/herboristeriamerce.com\\\/herboristeria-online\\\/digestio-transit-intestinal\\\/acidesa-reflux\\\/aloe-verum-bio-millor-suc-daloe-vera-pur-bio\\\/\",\"url\":\"https:\\\/\\\/herboristeriamerce.com\\\/herboristeria-online\\\/digestio-transit-intestinal\\\/acidesa-reflux\\\/aloe-verum-bio-millor-suc-daloe-vera-pur-bio\\\/\",\"name\":\"Aloe Verum Bio - Herbolari Merc\u00e8 Millor suc d'\u00e0loe vera bio\",\"isPartOf\":{\"@id\":\"https:\\\/\\\/herboristeriamerce.com\\\/#website\"},\"primaryImageOfPage\":{\"@id\":\"https:\\\/\\\/herboristeriamerce.com\\\/herboristeria-online\\\/digestio-transit-intestinal\\\/acidesa-reflux\\\/aloe-verum-bio-millor-suc-daloe-vera-pur-bio\\\/#primaryimage\"},\"image\":{\"@id\":\"https:\\\/\\\/herboristeriamerce.com\\\/herboristeria-online\\\/digestio-transit-intestinal\\\/acidesa-reflux\\\/aloe-verum-bio-millor-suc-daloe-vera-pur-bio\\\/#primaryimage\"},\"thumbnailUrl\":\"https:\\\/\\\/herboristeriamerce.com\\\/wp-content\\\/uploads\\\/2025\\\/04\\\/ALOE-VERUM.png\",\"datePublished\":\"2025-04-30T16:24:58+00:00\",\"dateModified\":\"2026-03-02T17:09:57+00:00\",\"description\":\"Descobreix el millor suc d'\u00e0loe vera bio de Plameca. 100% ecol\u00f2gic, sense pasteuritzar i elaborat a m\u00e0 per cuidar la teva salut digestiva naturalment.\",\"breadcrumb\":{\"@id\":\"https:\\\/\\\/herboristeriamerce.com\\\/herboristeria-online\\\/digestio-transit-intestinal\\\/acidesa-reflux\\\/aloe-verum-bio-millor-suc-daloe-vera-pur-bio\\\/#breadcrumb\"},\"inLanguage\":\"es\",\"potentialAction\":[{\"@type\":\"ReadAction\",\"target\":[\"https:\\\/\\\/herboristeriamerce.com\\\/herboristeria-online\\\/digestio-transit-intestinal\\\/acidesa-reflux\\\/aloe-verum-bio-millor-suc-daloe-vera-pur-bio\\\/\"]}]},{\"@type\":\"ImageObject\",\"inLanguage\":\"es\",\"@id\":\"https:\\\/\\\/herboristeriamerce.com\\\/herboristeria-online\\\/digestio-transit-intestinal\\\/acidesa-reflux\\\/aloe-verum-bio-millor-suc-daloe-vera-pur-bio\\\/#primaryimage\",\"url\":\"https:\\\/\\\/herboristeriamerce.com\\\/wp-content\\\/uploads\\\/2025\\\/04\\\/ALOE-VERUM.png\",\"contentUrl\":\"https:\\\/\\\/herboristeriamerce.com\\\/wp-content\\\/uploads\\\/2025\\\/04\\\/ALOE-VERUM.png\",\"width\":264,\"height\":301},{\"@type\":\"BreadcrumbList\",\"@id\":\"https:\\\/\\\/herboristeriamerce.com\\\/herboristeria-online\\\/digestio-transit-intestinal\\\/acidesa-reflux\\\/aloe-verum-bio-millor-suc-daloe-vera-pur-bio\\\/#breadcrumb\",\"itemListElement\":[{\"@type\":\"ListItem\",\"position\":1,\"name\":\"Inici\",\"item\":\"https:\\\/\\\/herboristeriamerce.com\\\/\"},{\"@type\":\"ListItem\",\"position\":2,\"name\":\"Herboristeria online\",\"item\":\"https:\\\/\\\/herboristeriamerce.com\\\/herboristeria-online\\\/\"},{\"@type\":\"ListItem\",\"position\":3,\"name\":\"Aloe Verum Bio\"}]},{\"@type\":\"WebSite\",\"@id\":\"https:\\\/\\\/herboristeriamerce.com\\\/#website\",\"url\":\"https:\\\/\\\/herboristeriamerce.com\\\/\",\"name\":\"Herbolari Merc\u00e8\",\"description\":\"Herbolari a Terrassa\",\"publisher\":{\"@id\":\"https:\\\/\\\/herboristeriamerce.com\\\/#organization\"},\"potentialAction\":[{\"@type\":\"SearchAction\",\"target\":{\"@type\":\"EntryPoint\",\"urlTemplate\":\"https:\\\/\\\/herboristeriamerce.com\\\/?s={search_term_string}\"},\"query-input\":{\"@type\":\"PropertyValueSpecification\",\"valueRequired\":true,\"valueName\":\"search_term_string\"}}],\"inLanguage\":\"es\"},{\"@type\":\"Organization\",\"@id\":\"https:\\\/\\\/herboristeriamerce.com\\\/#organization\",\"name\":\"Herbolari Merc\u00e8\",\"url\":\"https:\\\/\\\/herboristeriamerce.com\\\/\",\"logo\":{\"@type\":\"ImageObject\",\"inLanguage\":\"es\",\"@id\":\"https:\\\/\\\/herboristeriamerce.com\\\/#\\\/schema\\\/logo\\\/image\\\/\",\"url\":\"https:\\\/\\\/herboristeriamerce.com\\\/wp-content\\\/uploads\\\/2025\\\/04\\\/cropped-logo-herboristeria-330x168-229w.webp\",\"contentUrl\":\"https:\\\/\\\/herboristeriamerce.com\\\/wp-content\\\/uploads\\\/2025\\\/04\\\/cropped-logo-herboristeria-330x168-229w.webp\",\"width\":230,\"height\":117,\"caption\":\"Herbolari Merc\u00e8\"},\"image\":{\"@id\":\"https:\\\/\\\/herboristeriamerce.com\\\/#\\\/schema\\\/logo\\\/image\\\/\"}}]}<\/script>\n<!-- \/ Yoast SEO plugin. -->","yoast_head_json":{"title":"Aloe Verum Bio - Herbolari Merc\u00e8 Millor suc d'\u00e0loe vera bio","description":"Descobreix el millor suc d'\u00e0loe vera bio de Plameca. 100% ecol\u00f2gic, sense pasteuritzar i elaborat a m\u00e0 per cuidar la teva salut digestiva naturalment.","robots":{"index":"index","follow":"follow","max-snippet":"max-snippet:-1","max-image-preview":"max-image-preview:large","max-video-preview":"max-video-preview:-1"},"canonical":"https:\/\/herboristeriamerce.com\/es\/herboristeria-online\/digestio-transit-intestinal\/acidesa-reflux\/aloe-verum-bio-millor-suc-daloe-vera-pur-bio\/","og_locale":"es_ES","og_type":"article","og_title":"Aloe Verum Bio - Herbolari Merc\u00e8 Millor suc d'\u00e0loe vera bio","og_description":"Descobreix el millor suc d'\u00e0loe vera bio de Plameca. 100% ecol\u00f2gic, sense pasteuritzar i elaborat a m\u00e0 per cuidar la teva salut digestiva naturalment.","og_url":"https:\/\/herboristeriamerce.com\/es\/herboristeria-online\/digestio-transit-intestinal\/acidesa-reflux\/aloe-verum-bio-millor-suc-daloe-vera-pur-bio\/","og_site_name":"Herbolari Merc\u00e8","article_modified_time":"2026-03-02T17:09:57+00:00","og_image":[{"width":264,"height":301,"url":"https:\/\/herboristeriamerce.com\/wp-content\/uploads\/2025\/04\/ALOE-VERUM.png","type":"image\/png"}],"twitter_card":"summary_large_image","twitter_misc":{"Tiempo de lectura":"3 minutos"},"schema":{"@context":"https:\/\/schema.org","@graph":[{"@type":"WebPage","@id":"https:\/\/herboristeriamerce.com\/herboristeria-online\/digestio-transit-intestinal\/acidesa-reflux\/aloe-verum-bio-millor-suc-daloe-vera-pur-bio\/","url":"https:\/\/herboristeriamerce.com\/herboristeria-online\/digestio-transit-intestinal\/acidesa-reflux\/aloe-verum-bio-millor-suc-daloe-vera-pur-bio\/","name":"Aloe Verum Bio - Herbolari Merc\u00e8 Millor suc d'\u00e0loe vera bio","isPartOf":{"@id":"https:\/\/herboristeriamerce.com\/#website"},"primaryImageOfPage":{"@id":"https:\/\/herboristeriamerce.com\/herboristeria-online\/digestio-transit-intestinal\/acidesa-reflux\/aloe-verum-bio-millor-suc-daloe-vera-pur-bio\/#primaryimage"},"image":{"@id":"https:\/\/herboristeriamerce.com\/herboristeria-online\/digestio-transit-intestinal\/acidesa-reflux\/aloe-verum-bio-millor-suc-daloe-vera-pur-bio\/#primaryimage"},"thumbnailUrl":"https:\/\/herboristeriamerce.com\/wp-content\/uploads\/2025\/04\/ALOE-VERUM.png","datePublished":"2025-04-30T16:24:58+00:00","dateModified":"2026-03-02T17:09:57+00:00","description":"Descobreix el millor suc d'\u00e0loe vera bio de Plameca. 100% ecol\u00f2gic, sense pasteuritzar i elaborat a m\u00e0 per cuidar la teva salut digestiva naturalment.","breadcrumb":{"@id":"https:\/\/herboristeriamerce.com\/herboristeria-online\/digestio-transit-intestinal\/acidesa-reflux\/aloe-verum-bio-millor-suc-daloe-vera-pur-bio\/#breadcrumb"},"inLanguage":"es","potentialAction":[{"@type":"ReadAction","target":["https:\/\/herboristeriamerce.com\/herboristeria-online\/digestio-transit-intestinal\/acidesa-reflux\/aloe-verum-bio-millor-suc-daloe-vera-pur-bio\/"]}]},{"@type":"ImageObject","inLanguage":"es","@id":"https:\/\/herboristeriamerce.com\/herboristeria-online\/digestio-transit-intestinal\/acidesa-reflux\/aloe-verum-bio-millor-suc-daloe-vera-pur-bio\/#primaryimage","url":"https:\/\/herboristeriamerce.com\/wp-content\/uploads\/2025\/04\/ALOE-VERUM.png","contentUrl":"https:\/\/herboristeriamerce.com\/wp-content\/uploads\/2025\/04\/ALOE-VERUM.png","width":264,"height":301},{"@type":"BreadcrumbList","@id":"https:\/\/herboristeriamerce.com\/herboristeria-online\/digestio-transit-intestinal\/acidesa-reflux\/aloe-verum-bio-millor-suc-daloe-vera-pur-bio\/#breadcrumb","itemListElement":[{"@type":"ListItem","position":1,"name":"Inici","item":"https:\/\/herboristeriamerce.com\/"},{"@type":"ListItem","position":2,"name":"Herboristeria online","item":"https:\/\/herboristeriamerce.com\/herboristeria-online\/"},{"@type":"ListItem","position":3,"name":"Aloe Verum Bio"}]},{"@type":"WebSite","@id":"https:\/\/herboristeriamerce.com\/#website","url":"https:\/\/herboristeriamerce.com\/","name":"Herbolari Merc\u00e8","description":"Herbolari a Terrassa","publisher":{"@id":"https:\/\/herboristeriamerce.com\/#organization"},"potentialAction":[{"@type":"SearchAction","target":{"@type":"EntryPoint","urlTemplate":"https:\/\/herboristeriamerce.com\/?s={search_term_string}"},"query-input":{"@type":"PropertyValueSpecification","valueRequired":true,"valueName":"search_term_string"}}],"inLanguage":"es"},{"@type":"Organization","@id":"https:\/\/herboristeriamerce.com\/#organization","name":"Herbolari Merc\u00e8","url":"https:\/\/herboristeriamerce.com\/","logo":{"@type":"ImageObject","inLanguage":"es","@id":"https:\/\/herboristeriamerce.com\/#\/schema\/logo\/image\/","url":"https:\/\/herboristeriamerce.com\/wp-content\/uploads\/2025\/04\/cropped-logo-herboristeria-330x168-229w.webp","contentUrl":"https:\/\/herboristeriamerce.com\/wp-content\/uploads\/2025\/04\/cropped-logo-herboristeria-330x168-229w.webp","width":230,"height":117,"caption":"Herbolari Merc\u00e8"},"image":{"@id":"https:\/\/herboristeriamerce.com\/#\/schema\/logo\/image\/"}}]}},"_links":{"self":[{"href":"https:\/\/herboristeriamerce.com\/es\/wp-json\/wp\/v2\/product\/1016","targetHints":{"allow":["GET"]}}],"collection":[{"href":"https:\/\/herboristeriamerce.com\/es\/wp-json\/wp\/v2\/product"}],"about":[{"href":"https:\/\/herboristeriamerce.com\/es\/wp-json\/wp\/v2\/types\/product"}],"replies":[{"embeddable":true,"href":"https:\/\/herboristeriamerce.com\/es\/wp-json\/wp\/v2\/comments?post=1016"}],"wp:featuredmedia":[{"embeddable":true,"href":"https:\/\/herboristeriamerce.com\/es\/wp-json\/wp\/v2\/media\/1017"}],"wp:attachment":[{"href":"https:\/\/herboristeriamerce.com\/es\/wp-json\/wp\/v2\/media?parent=1016"}],"wp:term":[{"taxonomy":"product_brand","embeddable":true,"href":"https:\/\/herboristeriamerce.com\/es\/wp-json\/wp\/v2\/product_brand?post=1016"},{"taxonomy":"product_cat","embeddable":true,"href":"https:\/\/herboristeriamerce.com\/es\/wp-json\/wp\/v2\/product_cat?post=1016"},{"taxonomy":"product_tag","embeddable":true,"href":"https:\/\/herboristeriamerce.com\/es\/wp-json\/wp\/v2\/product_tag?post=1016"}],"curies":[{"name":"wp","href":"https:\/\/api.w.org\/{rel}","templated":true}]}}