{"id":1565,"date":"2025-05-22T08:39:16","date_gmt":"2025-05-22T08:39:16","guid":{"rendered":"https:\/\/herboristeriamerce.com\/?page_id=1565"},"modified":"2026-01-26T08:55:53","modified_gmt":"2026-01-26T08:55:53","slug":"declaracio-accessibilitat","status":"publish","type":"page","link":"https:\/\/herboristeriamerce.com\/es\/declaracio-accessibilitat\/","title":{"rendered":"Declaraci\u00f3 accessibilitat"},"content":{"rendered":"<div data-elementor-type=\"wp-page\" data-elementor-id=\"1565\" class=\"elementor elementor-1565\" data-elementor-post-type=\"page\">\n\t\t\t\t<div class=\"elementor-element elementor-element-5a6df52d e-flex e-con-boxed e-con e-parent\" data-id=\"5a6df52d\" data-element_type=\"container\" data-e-type=\"container\">\n\t\t\t\t\t<div class=\"e-con-inner\">\n\t\t\t\t<div class=\"elementor-element elementor-element-7e9feb77 elementor-widget elementor-widget-text-editor\" data-id=\"7e9feb77\" data-element_type=\"widget\" data-e-type=\"widget\" data-widget_type=\"text-editor.default\">\n\t\t\t\t<div class=\"elementor-widget-container\">\n\t\t\t\t\t\t\t\t\t\n<p><strong>ESTER TUR\u00c1 \u00c1LVAREZ (NIF 45461291C)<\/strong> es compromet a fer accessibles els seus llocs web de conformitat amb el <strong>Reial decret 1112\/2018<\/strong>, de 7 de setembre, sobre l\u2019accessibilitat dels llocs web i aplicacions per a dispositius m\u00f2bils del sector p\u00fablic.<\/p>\n<hr class=\"wp-block-separator has-alpha-channel-opacity\" \/>\n<h2 class=\"wp-block-heading\"><strong>Situaci\u00f3 de compliment<\/strong><\/h2>\n\n<p>Aquest lloc web \u00e9s <strong>parcialment conforme<\/strong> amb el RD 1112\/2018 degut a les excepcions i a la manca de conformitat dels aspectes que s\u2019indiquen a continuaci\u00f3.<\/p>\n<hr class=\"wp-block-separator has-alpha-channel-opacity\" \/>\n<h2 class=\"wp-block-heading\"><strong>Contingut no accessible<\/strong><\/h2>\n\n<p>El contingut que es detalla a continuaci\u00f3 no \u00e9s accessible per les seg\u00fcents raons:<\/p>\n\n<p><strong>Incompliment del RD 1112\/2018:<\/strong><\/p>\n\n<ul class=\"wp-block-list\">\n<li>9.1.3.1 Informaci\u00f3 i relacions (Condicional)<\/li>\n\n<li>9.1.4.3 Contrast m\u00ednim (Condicional)<\/li>\n\n<li>9.1.3.5 Identificaci\u00f3 de la finalitat de les entrades (Condicional)<\/li>\n\n<li>9.2.1.2 Sense trampes per al focus del teclat (Condicional)<\/li>\n\n<li>9.2.1.4 Dreceres de teclat (Condicional)<\/li>\n\n<li>9.2.4.1 Evitar blocs (Condicional)<\/li>\n\n<li>9.2.4.7 Focus visible (Condicional)<\/li>\n\n<li>9.2.5.2 Cancel\u00b7laci\u00f3 del punter (Condicional)<\/li>\n\n<li>9.4.1.2 Nom, funci\u00f3, valor (Condicional)<\/li>\n\n<li>9.4.1.3 Missatges d&#8217;estat (Condicional)<\/li>\n\n<li>9.6 Requisits de conformitat de les WCAG (Condicional)<\/li>\n<\/ul>\n\n<p><strong>C\u00e0rrega desproporcionada:<\/strong><br \/>No aplica.<\/p>\n<hr class=\"wp-block-separator has-alpha-channel-opacity\" \/>\n<h2 class=\"wp-block-heading\"><strong>Preparaci\u00f3 d\u2019aquesta declaraci\u00f3 d\u2019accessibilitat<\/strong><\/h2>\n\n<p>Aquesta declaraci\u00f3 va ser preparada el <strong>22 de maig de 2025<\/strong>.<\/p>\n\n<p>El m\u00e8tode utilitzat ha estat una <strong>autoavaluaci\u00f3<\/strong> realitzada per <strong>Marka Digital<\/strong>, amb el suport del document <em>Informe_Revisi\u00f3_Accessibilitat_Llocs_web<\/em> proporcionat per <strong>Red.es<\/strong>.<\/p>\n\n<p>\u00daltima revisi\u00f3 de la declaraci\u00f3: <strong>26 de gener de 2026<\/strong>.<\/p>\n<hr class=\"wp-block-separator has-alpha-channel-opacity\" \/>\n<h2 class=\"wp-block-heading\"><strong>Observacions i dades de contacte<\/strong><\/h2>\n\n<h3 class=\"wp-block-heading\">Comunicacions sobre requisits d\u2019accessibilitat<\/h3>\n\n<p>Podeu fer comunicacions sobre requisits d\u2019accessibilitat (article 10.2.a del RD 1112\/2018), com ara:<\/p>\n\n<ul class=\"wp-block-list\">\n<li>Informar sobre possibles incompliments del lloc web<\/li>\n\n<li>Transmetre dificultats d&#8217;acc\u00e9s al contingut<\/li>\n\n<li>Formular consultes o suggeriments de millora en mat\u00e8ria d\u2019accessibilitat<\/li>\n<\/ul>\n\n<p>A trav\u00e9s del formulari de contacte del lloc web: <a class=\"\" href=\"https:\/\/herboristeriamerce.com\/es\/\">https:\/\/herboristeriamerce.com<\/a><\/p>\n\n<p>Les comunicacions seran rebudes i tractades per <strong>Cristina Brujas<\/strong>.<\/p>\n\n<h3 class=\"wp-block-heading\">Sol\u00b7licituds d\u2019informaci\u00f3 accessible i queixes<\/h3>\n\n<p>A trav\u00e9s del formulari de contacte es pot presentar:<\/p>\n\n<ul class=\"wp-block-list\">\n<li>Una <strong>queixa<\/strong> sobre el compliment dels requisits del RD 1112\/2018<\/li>\n\n<li>Una <strong>sol\u00b7licitud d\u2019informaci\u00f3 accessible<\/strong> relativa a:\n<ul class=\"wp-block-list\">\n<li>Continguts exclosos de l\u2019\u00e0mbit d\u2019aplicaci\u00f3 segons l\u2019article 3.4 del RD 1112\/2018<\/li>\n\n<li>Continguts exempts de conformitat per imposar una c\u00e0rrega desproporcionada<\/li>\n<\/ul>\n<\/li>\n<\/ul>\n\n<p>En la sol\u00b7licitud, s\u2019han de concretar clarament els fets, motius i la petici\u00f3 que permetin constatar que es tracta d\u2019una petici\u00f3 raonable i leg\u00edtima.<\/p>\n<hr class=\"wp-block-separator has-alpha-channel-opacity\" \/>\n<h2 class=\"wp-block-heading\"><strong>Procediment d&#8217;aplicaci\u00f3<\/strong><\/h2>\n\n<p>Si un cop feta una sol\u00b7licitud d\u2019informaci\u00f3 accessible o una queixa, aquesta ha estat desestimada, no es comparteix la decisi\u00f3 adoptada, o la resposta no compleix els requisits de l\u2019article 12.5 del RD 1112\/2018, la persona interessada podr\u00e0 <strong>presentar una reclamaci\u00f3<\/strong>.<\/p>\n\n<p>Tamb\u00e9 es podr\u00e0 presentar una reclamaci\u00f3 en cas de no haver rebut resposta.<\/p>\n\n<p>El procediment es descriu a l\u2019article 13 del RD 1112\/2018 i pot iniciar-se a trav\u00e9s del seg\u00fcent enlla\u00e7: [enlla\u00e7 al procediment de reclamaci\u00f3] (afegir si cal)<\/p>\n<hr class=\"wp-block-separator has-alpha-channel-opacity\" \/>\n<h2 class=\"wp-block-heading\"><strong>Contingut opcional<\/strong><\/h2>\n\n<p>El lloc web:<\/p>\n\n<ul class=\"wp-block-list\">\n<li>S\u2019ha dissenyat d\u2019acord amb els est\u00e0ndards vigents d\u2019accessibilitat, complint amb el nivell <strong>AA<\/strong> de les <strong>WCAG 2.1<\/strong><\/li>\n\n<li>Est\u00e0 optimitzat per a les \u00faltimes versions de <strong>Chrome, Edge, Firefox, Safari i Opera<\/strong><\/li>\n\n<li>T\u00e9 un disseny <strong>responsive<\/strong> per a dispositius d\u2019escriptori, tauletes i m\u00f2bils<\/li>\n\n<li>Est\u00e0 desenvolupat en <strong>HTML5<\/strong> i <strong>CSS3<\/strong><\/li>\n<\/ul>\n\n<p>A m\u00e9s, es fa una revisi\u00f3 cont\u00ednua per millorar la interpretaci\u00f3 i la navegaci\u00f3 del portal.<\/p>\n\t\t\t\t\t\t\t\t<\/div>\n\t\t\t\t<\/div>\n\t\t\t\t\t<\/div>\n\t\t\t\t<\/div>\n\t\t\t\t<\/div>","protected":false},"excerpt":{"rendered":"<p>ESTER TUR\u00c1 \u00c1LVAREZ (NIF 45461291C) es compromet a fer accessibles els seus llocs web de conformitat amb el Reial decret [&hellip;]<\/p>","protected":false},"author":1,"featured_media":0,"parent":0,"menu_order":0,"comment_status":"closed","ping_status":"closed","template":"","meta":{"site-sidebar-layout":"default","site-content-layout":"","ast-site-content-layout":"default","site-content-style":"default","site-sidebar-style":"default","ast-global-header-display":"","ast-banner-title-visibility":"","ast-main-header-display":"","ast-hfb-above-header-display":"","ast-hfb-below-header-display":"","ast-hfb-mobile-header-display":"","site-post-title":"","ast-breadcrumbs-content":"","ast-featured-img":"","footer-sml-layout":"","ast-disable-related-posts":"","theme-transparent-header-meta":"","adv-header-id-meta":"","stick-header-meta":"","header-above-stick-meta":"","header-main-stick-meta":"","header-below-stick-meta":"","astra-migrate-meta-layouts":"default","ast-page-background-enabled":"default","ast-page-background-meta":{"desktop":{"background-color":"var(--ast-global-color-4)","background-image":"","background-repeat":"repeat","background-position":"center center","background-size":"auto","background-attachment":"scroll","background-type":"","background-media":"","overlay-type":"","overlay-color":"","overlay-opacity":"","overlay-gradient":""},"tablet":{"background-color":"","background-image":"","background-repeat":"repeat","background-position":"center center","background-size":"auto","background-attachment":"scroll","background-type":"","background-media":"","overlay-type":"","overlay-color":"","overlay-opacity":"","overlay-gradient":""},"mobile":{"background-color":"","background-image":"","background-repeat":"repeat","background-position":"center center","background-size":"auto","background-attachment":"scroll","background-type":"","background-media":"","overlay-type":"","overlay-color":"","overlay-opacity":"","overlay-gradient":""}},"ast-content-background-meta":{"desktop":{"background-color":"var(--ast-global-color-5)","background-image":"","background-repeat":"repeat","background-position":"center center","background-size":"auto","background-attachment":"scroll","background-type":"","background-media":"","overlay-type":"","overlay-color":"","overlay-opacity":"","overlay-gradient":""},"tablet":{"background-color":"var(--ast-global-color-5)","background-image":"","background-repeat":"repeat","background-position":"center center","background-size":"auto","background-attachment":"scroll","background-type":"","background-media":"","overlay-type":"","overlay-color":"","overlay-opacity":"","overlay-gradient":""},"mobile":{"background-color":"var(--ast-global-color-5)","background-image":"","background-repeat":"repeat","background-position":"center center","background-size":"auto","background-attachment":"scroll","background-type":"","background-media":"","overlay-type":"","overlay-color":"","overlay-opacity":"","overlay-gradient":""}},"footnotes":""},"class_list":["post-1565","page","type-page","status-publish","hentry"],"yoast_head":"<!-- This site is optimized with the Yoast SEO plugin v27.5 - https:\/\/yoast.com\/product\/yoast-seo-wordpress\/ -->\n<title>Declaraci\u00f3 accessibilitat - Herbolari Merc\u00e8<\/title>\n<meta name=\"robots\" content=\"index, follow, max-snippet:-1, max-image-preview:large, max-video-preview:-1\" \/>\n<link rel=\"canonical\" href=\"https:\/\/herboristeriamerce.com\/es\/declaracio-accessibilitat\/\" \/>\n<meta property=\"og:locale\" content=\"es_ES\" \/>\n<meta property=\"og:type\" content=\"article\" \/>\n<meta property=\"og:title\" content=\"Declaraci\u00f3 accessibilitat - Herbolari Merc\u00e8\" \/>\n<meta property=\"og:description\" content=\"ESTER TUR\u00c1 \u00c1LVAREZ (NIF 45461291C) es compromet a fer accessibles els seus llocs web de conformitat amb el Reial decret [&hellip;]\" \/>\n<meta property=\"og:url\" content=\"https:\/\/herboristeriamerce.com\/es\/declaracio-accessibilitat\/\" \/>\n<meta property=\"og:site_name\" content=\"Herbolari Merc\u00e8\" \/>\n<meta property=\"article:modified_time\" content=\"2026-01-26T08:55:53+00:00\" \/>\n<meta name=\"twitter:card\" content=\"summary_large_image\" \/>\n<meta name=\"twitter:label1\" content=\"Tiempo de lectura\" \/>\n\t<meta name=\"twitter:data1\" content=\"3 minutos\" \/>\n<script type=\"application\/ld+json\" class=\"yoast-schema-graph\">{\"@context\":\"https:\\\/\\\/schema.org\",\"@graph\":[{\"@type\":\"WebPage\",\"@id\":\"https:\\\/\\\/herboristeriamerce.com\\\/declaracio-accessibilitat\\\/\",\"url\":\"https:\\\/\\\/herboristeriamerce.com\\\/declaracio-accessibilitat\\\/\",\"name\":\"Declaraci\u00f3 accessibilitat - Herbolari Merc\u00e8\",\"isPartOf\":{\"@id\":\"https:\\\/\\\/herboristeriamerce.com\\\/#website\"},\"datePublished\":\"2025-05-22T08:39:16+00:00\",\"dateModified\":\"2026-01-26T08:55:53+00:00\",\"breadcrumb\":{\"@id\":\"https:\\\/\\\/herboristeriamerce.com\\\/declaracio-accessibilitat\\\/#breadcrumb\"},\"inLanguage\":\"es\",\"potentialAction\":[{\"@type\":\"ReadAction\",\"target\":[\"https:\\\/\\\/herboristeriamerce.com\\\/declaracio-accessibilitat\\\/\"]}]},{\"@type\":\"BreadcrumbList\",\"@id\":\"https:\\\/\\\/herboristeriamerce.com\\\/declaracio-accessibilitat\\\/#breadcrumb\",\"itemListElement\":[{\"@type\":\"ListItem\",\"position\":1,\"name\":\"Inici\",\"item\":\"https:\\\/\\\/herboristeriamerce.com\\\/\"},{\"@type\":\"ListItem\",\"position\":2,\"name\":\"Declaraci\u00f3 accessibilitat\"}]},{\"@type\":\"WebSite\",\"@id\":\"https:\\\/\\\/herboristeriamerce.com\\\/#website\",\"url\":\"https:\\\/\\\/herboristeriamerce.com\\\/\",\"name\":\"Herbolari Merc\u00e8\",\"description\":\"Herbolari a Terrassa\",\"publisher\":{\"@id\":\"https:\\\/\\\/herboristeriamerce.com\\\/#organization\"},\"potentialAction\":[{\"@type\":\"SearchAction\",\"target\":{\"@type\":\"EntryPoint\",\"urlTemplate\":\"https:\\\/\\\/herboristeriamerce.com\\\/?s={search_term_string}\"},\"query-input\":{\"@type\":\"PropertyValueSpecification\",\"valueRequired\":true,\"valueName\":\"search_term_string\"}}],\"inLanguage\":\"es\"},{\"@type\":\"Organization\",\"@id\":\"https:\\\/\\\/herboristeriamerce.com\\\/#organization\",\"name\":\"Herbolari Merc\u00e8\",\"url\":\"https:\\\/\\\/herboristeriamerce.com\\\/\",\"logo\":{\"@type\":\"ImageObject\",\"inLanguage\":\"es\",\"@id\":\"https:\\\/\\\/herboristeriamerce.com\\\/#\\\/schema\\\/logo\\\/image\\\/\",\"url\":\"https:\\\/\\\/herboristeriamerce.com\\\/wp-content\\\/uploads\\\/2025\\\/04\\\/cropped-logo-herboristeria-330x168-229w.webp\",\"contentUrl\":\"https:\\\/\\\/herboristeriamerce.com\\\/wp-content\\\/uploads\\\/2025\\\/04\\\/cropped-logo-herboristeria-330x168-229w.webp\",\"width\":230,\"height\":117,\"caption\":\"Herbolari Merc\u00e8\"},\"image\":{\"@id\":\"https:\\\/\\\/herboristeriamerce.com\\\/#\\\/schema\\\/logo\\\/image\\\/\"}}]}<\/script>\n<!-- \/ Yoast SEO plugin. -->","yoast_head_json":{"title":"Declaraci\u00f3 accessibilitat - Herbolari Merc\u00e8","robots":{"index":"index","follow":"follow","max-snippet":"max-snippet:-1","max-image-preview":"max-image-preview:large","max-video-preview":"max-video-preview:-1"},"canonical":"https:\/\/herboristeriamerce.com\/es\/declaracio-accessibilitat\/","og_locale":"es_ES","og_type":"article","og_title":"Declaraci\u00f3 accessibilitat - Herbolari Merc\u00e8","og_description":"ESTER TUR\u00c1 \u00c1LVAREZ (NIF 45461291C) es compromet a fer accessibles els seus llocs web de conformitat amb el Reial decret [&hellip;]","og_url":"https:\/\/herboristeriamerce.com\/es\/declaracio-accessibilitat\/","og_site_name":"Herbolari Merc\u00e8","article_modified_time":"2026-01-26T08:55:53+00:00","twitter_card":"summary_large_image","twitter_misc":{"Tiempo de lectura":"3 minutos"},"schema":{"@context":"https:\/\/schema.org","@graph":[{"@type":"WebPage","@id":"https:\/\/herboristeriamerce.com\/declaracio-accessibilitat\/","url":"https:\/\/herboristeriamerce.com\/declaracio-accessibilitat\/","name":"Declaraci\u00f3 accessibilitat - Herbolari Merc\u00e8","isPartOf":{"@id":"https:\/\/herboristeriamerce.com\/#website"},"datePublished":"2025-05-22T08:39:16+00:00","dateModified":"2026-01-26T08:55:53+00:00","breadcrumb":{"@id":"https:\/\/herboristeriamerce.com\/declaracio-accessibilitat\/#breadcrumb"},"inLanguage":"es","potentialAction":[{"@type":"ReadAction","target":["https:\/\/herboristeriamerce.com\/declaracio-accessibilitat\/"]}]},{"@type":"BreadcrumbList","@id":"https:\/\/herboristeriamerce.com\/declaracio-accessibilitat\/#breadcrumb","itemListElement":[{"@type":"ListItem","position":1,"name":"Inici","item":"https:\/\/herboristeriamerce.com\/"},{"@type":"ListItem","position":2,"name":"Declaraci\u00f3 accessibilitat"}]},{"@type":"WebSite","@id":"https:\/\/herboristeriamerce.com\/#website","url":"https:\/\/herboristeriamerce.com\/","name":"Herbolari Merc\u00e8","description":"Herbolari a Terrassa","publisher":{"@id":"https:\/\/herboristeriamerce.com\/#organization"},"potentialAction":[{"@type":"SearchAction","target":{"@type":"EntryPoint","urlTemplate":"https:\/\/herboristeriamerce.com\/?s={search_term_string}"},"query-input":{"@type":"PropertyValueSpecification","valueRequired":true,"valueName":"search_term_string"}}],"inLanguage":"es"},{"@type":"Organization","@id":"https:\/\/herboristeriamerce.com\/#organization","name":"Herbolari Merc\u00e8","url":"https:\/\/herboristeriamerce.com\/","logo":{"@type":"ImageObject","inLanguage":"es","@id":"https:\/\/herboristeriamerce.com\/#\/schema\/logo\/image\/","url":"https:\/\/herboristeriamerce.com\/wp-content\/uploads\/2025\/04\/cropped-logo-herboristeria-330x168-229w.webp","contentUrl":"https:\/\/herboristeriamerce.com\/wp-content\/uploads\/2025\/04\/cropped-logo-herboristeria-330x168-229w.webp","width":230,"height":117,"caption":"Herbolari Merc\u00e8"},"image":{"@id":"https:\/\/herboristeriamerce.com\/#\/schema\/logo\/image\/"}}]}},"_links":{"self":[{"href":"https:\/\/herboristeriamerce.com\/es\/wp-json\/wp\/v2\/pages\/1565","targetHints":{"allow":["GET"]}}],"collection":[{"href":"https:\/\/herboristeriamerce.com\/es\/wp-json\/wp\/v2\/pages"}],"about":[{"href":"https:\/\/herboristeriamerce.com\/es\/wp-json\/wp\/v2\/types\/page"}],"author":[{"embeddable":true,"href":"https:\/\/herboristeriamerce.com\/es\/wp-json\/wp\/v2\/users\/1"}],"replies":[{"embeddable":true,"href":"https:\/\/herboristeriamerce.com\/es\/wp-json\/wp\/v2\/comments?post=1565"}],"version-history":[{"count":7,"href":"https:\/\/herboristeriamerce.com\/es\/wp-json\/wp\/v2\/pages\/1565\/revisions"}],"predecessor-version":[{"id":2519,"href":"https:\/\/herboristeriamerce.com\/es\/wp-json\/wp\/v2\/pages\/1565\/revisions\/2519"}],"wp:attachment":[{"href":"https:\/\/herboristeriamerce.com\/es\/wp-json\/wp\/v2\/media?parent=1565"}],"curies":[{"name":"wp","href":"https:\/\/api.w.org\/{rel}","templated":true}]}}